{"id":2109,"date":"2021-03-26T08:35:58","date_gmt":"2021-03-26T08:35:58","guid":{"rendered":"http:\/\/localhost\/nuss\/?page_id=536"},"modified":"2026-03-17T06:40:29","modified_gmt":"2026-03-17T06:40:29","slug":"geschaftseinrichtungen","status":"publish","type":"page","link":"https:\/\/hengqin-tianmu-river.intercityhotelzhuhai.com\/de\/business-facilities\/","title":{"rendered":"Gesch\u00e4ftseinrichtungen"},"content":{"rendered":"<div data-elementor-type=\"wp-page\" data-elementor-id=\"2109\" class=\"elementor elementor-2109\">\n\t\t\t\t\t\t<section class=\"elementor-section elementor-top-section elementor-element elementor-element-bb2901b elementor-section-boxed elementor-section-gap-beside-yes elementor-section-height-default elementor-section-height-default elementor-section-column-vertical-align-stretch\" data-id=\"bb2901b\" data-element_type=\"section\" data-e-type=\"section\">\n\t\t\t\t\t\t<div class=\"elementor-container elementor-column-gap-extended\">\n\t\t\t\t\t<div class=\"elementor-column elementor-col-100 elementor-top-column elementor-element elementor-element-1919db9\" data-id=\"1919db9\" data-element_type=\"column\" data-e-type=\"column\">\n\t\t\t<div class=\"elementor-widget-wrap elementor-element-populated\">\n\t\t\t\t\t\t<div class=\"elementor-element elementor-element-41a7b9c elementor-widget__width-initial elementor-invisible elementor-widget elementor-widget-text-editor\" data-id=\"41a7b9c\" data-element_type=\"widget\" data-e-type=\"widget\" data-settings=\"{&quot;_animation&quot;:&quot;nussFadeInUp&quot;}\" data-widget_type=\"text-editor.default\">\n\t\t\t\t\t\t\t\t\tSteigern Sie den Erfolg Ihres Unternehmens: Erstklassige Gesch\u00e4ftseinrichtungen im IntercityHotel Zhuhai Hengqin Tianmu River\t\t\t\t\t\t\t\t<\/div>\n\t\t\t\t\t<\/div>\n\t\t<\/div>\n\t\t\t\t\t<\/div>\n\t\t<\/section>\n\t\t<div class=\"elementor-element elementor-element-17d2976 e-flex e-con-boxed e-con e-parent\" data-id=\"17d2976\" data-element_type=\"container\" data-e-type=\"container\">\n\t\t\t\t\t<div class=\"e-con-inner\">\n\t\t\t\t<div class=\"elementor-element elementor-element-401c3d8 elementor-widget elementor-widget-image\" data-id=\"401c3d8\" data-element_type=\"widget\" data-e-type=\"widget\" data-widget_type=\"image.default\">\n\t\t\t\t\t\t\t\t\t\t\t\t\t\t\t<img fetchpriority=\"high\" decoding=\"async\" width=\"1024\" height=\"768\" src=\"https:\/\/hengqin-tianmu-river.intercityhotelzhuhai.com\/wp-content\/uploads\/2026\/03\/IntercityHotel-Zhuhai-Hengqin-Tianmu-River-45-1024x768.webp\" class=\"attachment-large size-large wp-image-5590\" alt=\"\" srcset=\"https:\/\/hengqin-tianmu-river.intercityhotelzhuhai.com\/wp-content\/uploads\/2026\/03\/IntercityHotel-Zhuhai-Hengqin-Tianmu-River-45-1024x768.webp 1024w, https:\/\/hengqin-tianmu-river.intercityhotelzhuhai.com\/wp-content\/uploads\/2026\/03\/IntercityHotel-Zhuhai-Hengqin-Tianmu-River-45-300x225.webp 300w, https:\/\/hengqin-tianmu-river.intercityhotelzhuhai.com\/wp-content\/uploads\/2026\/03\/IntercityHotel-Zhuhai-Hengqin-Tianmu-River-45-768x576.webp 768w, https:\/\/hengqin-tianmu-river.intercityhotelzhuhai.com\/wp-content\/uploads\/2026\/03\/IntercityHotel-Zhuhai-Hengqin-Tianmu-River-45.webp 1137w\" sizes=\"(max-width: 1024px) 100vw, 1024px\" \/>\t\t\t\t\t\t\t\t\t\t\t\t\t\t\t<\/div>\n\t\t\t\t\t<\/div>\n\t\t\t\t<\/div>\n\t\t<div class=\"elementor-element elementor-element-83e5d19 e-flex e-con-boxed e-con e-parent\" data-id=\"83e5d19\" data-element_type=\"container\" data-e-type=\"container\">\n\t\t\t\t\t<div class=\"e-con-inner\">\n\t\t\t\t<div class=\"elementor-element elementor-element-d72093a elementor-widget elementor-widget-text-editor\" data-id=\"d72093a\" data-element_type=\"widget\" data-e-type=\"widget\" data-widget_type=\"text-editor.default\">\n\t\t\t\t\t\t\t\t\t<div class=\"qwen-markdown-paragraph\"><span class=\"qwen-markdown-text\">In der sich rasch ver\u00e4ndernden Landschaft der <\/span><strong class=\"qwen-markdown-strong\"><span class=\"qwen-markdown-text\">Guangdong-Macao-Zone f\u00fcr vertiefte Zusammenarbeit<\/span><\/strong><span class=\"qwen-markdown-text\">, Erfolg erfordert ein Umfeld, das Produktivit\u00e4t, Vernetzung und reibungslose Effizienz f\u00f6rdert. <\/span><strong class=\"qwen-markdown-strong\"><span class=\"qwen-markdown-text\">IntercityHotel Zhuhai Hengqin Tianmu River<\/span><\/strong><span class=\"qwen-markdown-text\">, Das Hotel, gelegen in Zimmer 101 des Yuxin-Geb\u00e4udes an der Haojiang Road im Bezirk Xiangzhou, ist ein Leuchtturm f\u00fcr moderne Gesch\u00e4ftsreisende. Es wurde speziell f\u00fcr anspruchsvolle Gesch\u00e4ftsreisende konzipiert und bietet neben traditionellen Unterk\u00fcnften ein umfassendes Angebot an Business-Einrichtungen, das deutsche Ingenieurskunst mit der dynamischen Energie von Zhuhais Wirtschaftszentrum verbindet.<\/span><\/div><div class=\"qwen-markdown-space\">\u00a0<\/div><h2 class=\"qwen-markdown-heading\"><span class=\"qwen-markdown-text\">Ein strategischer Knotenpunkt f\u00fcr den grenz\u00fcberschreitenden Handel<\/span><\/h2><div class=\"qwen-markdown-paragraph\"><span class=\"qwen-markdown-text\">Im Herzen gelegen <\/span><strong class=\"qwen-markdown-strong\"><span class=\"qwen-markdown-text\">Hengqin<\/span><\/strong><span class=\"qwen-markdown-text\">, Das IntercityHotel dient nicht nur als Unterkunft, sondern als strategisches Kommandozentrum f\u00fcr F\u00fchrungskr\u00e4fte, die zwischen dem chinesischen Festland und Macau pendeln. Seine Lage auf <\/span><strong class=\"qwen-markdown-strong\"><span class=\"qwen-markdown-text\">Haojiang-Stra\u00dfe<\/span><\/strong><span class=\"qwen-markdown-text\"> Das Hotel liegt nur wenige Minuten von wichtigen Regierungsstellen, aufstrebenden Technologieparks und dem Hafen von Hengqin entfernt. F\u00fcr Unternehmen, die sich in der komplexen Welt der San Francisco Bay Area bewegen, bietet das Hotel einen entscheidenden Vorteil: die N\u00e4he. Ob Sie an hochrangigen Verhandlungen in der Kooperationszone teilnehmen oder die Logistik f\u00fcr den grenz\u00fcberschreitenden Handel managen \u2013 Ihr B\u00fcro wird durch die moderne Infrastruktur des Hotels optimal erweitert.<\/span><\/div><div class=\"qwen-markdown-space\">\u00a0<\/div><h2 class=\"qwen-markdown-heading\"><span class=\"qwen-markdown-text\">Hochgeschwindigkeitsverbindungen und digitale Infrastruktur<\/span><\/h2><div class=\"qwen-markdown-paragraph\"><span class=\"qwen-markdown-text\">In der heutigen, zunehmend digitalisierten Wirtschaft ist zuverl\u00e4ssiges Internet kein Luxus, sondern \u00fcberlebenswichtig. Das IntercityHotel Zhuhai Hengqin Tianmu River stellt sicher, dass der Gesch\u00e4ftsbetrieb aufgrund technischer Einschr\u00e4nkungen nicht zum Erliegen kommt. Das gesamte Hotel, von der Lobby bis zu den G\u00e4stezimmern, ist mit entsprechendem Internet ausgestattet. <\/span><strong class=\"qwen-markdown-strong\"><span class=\"qwen-markdown-text\">Hochgeschwindigkeits-WLAN in Unternehmensqualit\u00e4t<\/span><\/strong><span class=\"qwen-markdown-text\">. Dieses robuste Netzwerk unterst\u00fctzt bandbreitenintensive Aufgaben wie die \u00dcbertragung gro\u00dfer Dateien, kristallklare Videokonferenzen und Cloud-Kollaboration in Echtzeit ohne Verz\u00f6gerungen.<\/span><\/div><div class=\"qwen-markdown-space\">\u00a0<\/div><div class=\"qwen-markdown-paragraph\"><span class=\"qwen-markdown-text\">F\u00fcr diejenigen, die einen separaten Arbeitsbereich ben\u00f6tigen, bietet das Hotel durchdacht gestaltete R\u00e4umlichkeiten. <\/span><strong class=\"qwen-markdown-strong\"><span class=\"qwen-markdown-text\">Arbeitspl\u00e4tze im Zimmer<\/span><\/strong><span class=\"qwen-markdown-text\">. Jedes Zimmer ist mit ergonomischen Sitzm\u00f6beln, ausreichend Schreibtischfl\u00e4che und strategisch platzierten Steckdosen und USB-Ladeanschl\u00fcssen ausgestattet, sodass die G\u00e4ste ihre privaten R\u00e4umlichkeiten im Handumdrehen in ein voll funktionsf\u00e4higes mobiles B\u00fcro verwandeln k\u00f6nnen.<\/span><\/div><div class=\"qwen-markdown-space\">\u00a0<\/div><h2 class=\"qwen-markdown-heading\"><span class=\"qwen-markdown-text\">Dynamische Besprechungs- und Kollaborationsr\u00e4ume<\/span><\/h2><div class=\"qwen-markdown-paragraph\"><span class=\"qwen-markdown-text\">W\u00e4hrend viele Hotels Standard-Konferenzr\u00e4ume anbieten, verf\u00fcgt das IntercityHotel Zhuhai Hengqin Tianmu River \u00fcber vielseitige R\u00e4umlichkeiten, die auf unterschiedliche gesch\u00e4ftliche Bed\u00fcrfnisse zugeschnitten sind. Die Tagungseinrichtungen des Hotels eignen sich f\u00fcr alles \u2013 von vertraulichen Einzelgespr\u00e4chen bis hin zu mittelgro\u00dfen Vorstandssitzungen und Brainstorming-Sessions im Team.<\/span><\/div><div class=\"qwen-markdown-space\">\u00a0<\/div><ul class=\"qwen-markdown-list\" dir=\"auto\"><li><strong class=\"qwen-markdown-strong\"><span class=\"qwen-markdown-text\">Flexible Konfiguration:<\/span><\/strong><span class=\"qwen-markdown-text\"> Die Besprechungsbereiche k\u00f6nnen an die spezifischen Anforderungen Ihrer Veranstaltung angepasst werden, sodass die Raumaufteilung dem Charakter Ihrer Zusammenkunft entspricht, egal ob formell oder kooperativ.<\/span><\/li><li><strong class=\"qwen-markdown-strong\"><span class=\"qwen-markdown-text\">Modernste AV-Technologie:<\/span><\/strong><span class=\"qwen-markdown-text\"> Ausgestattet mit modernen audiovisuellen Systemen, darunter hochaufl\u00f6sende Projektoren, intelligente Bildschirme und erstklassige Soundsysteme, gew\u00e4hrleisten diese R\u00e4ume, dass Ihre Pr\u00e4sentationen wirkungsvoll und klar pr\u00e4sentiert werden.<\/span><\/li><li><strong class=\"qwen-markdown-strong\"><span class=\"qwen-markdown-text\">Professionelles Ambiente:<\/span><\/strong><span class=\"qwen-markdown-text\"> Die Design\u00e4sthetik minimiert Ablenkungen und maximiert gleichzeitig die Konzentration. Wo immer m\u00f6glich, wird nat\u00fcrliches Licht genutzt, und eine Schalld\u00e4mmung gew\u00e4hrleistet die Vertraulichkeit f\u00fcr sensible Gespr\u00e4che.<\/span><\/li><\/ul><div class=\"qwen-markdown-space\">\u00a0<\/div><h2 class=\"qwen-markdown-heading\"><span class=\"qwen-markdown-text\">Das Konzept des \u201cmobilen B\u00fcros\u201d und Lobby-Arbeitsbereiche<\/span><\/h2><div class=\"qwen-markdown-paragraph\"><span class=\"qwen-markdown-text\">Das Hotel ist sich bewusst, dass Gesch\u00e4ftsabl\u00e4ufe nicht immer hinter verschlossenen T\u00fcren stattfinden, und optimiert daher seine \u00f6ffentlichen Bereiche f\u00fcr produktives Arbeiten. <\/span><strong class=\"qwen-markdown-strong\"><span class=\"qwen-markdown-text\">Lobby- und Loungebereiche<\/span><\/strong><span class=\"qwen-markdown-text\"> Diese Bereiche sind als Erweiterung von Coworking-Spaces konzipiert. Mit bequemen Sitzgelegenheiten, stimmungsvoller Beleuchtung und leicht zug\u00e4nglichen Erfrischungen eignen sie sich perfekt f\u00fcr informelle Besprechungen, Wartezeiten bei Kunden oder zum Bearbeiten von E-Mails zwischen Terminen. Die Atmosph\u00e4re schafft die ideale Balance zwischen professioneller Seriosit\u00e4t und entspannter Gem\u00fctlichkeit und f\u00f6rdert so Kreativit\u00e4t und Networking.<\/span><\/div><div class=\"qwen-markdown-space\">\u00a0<\/div><h2 class=\"qwen-markdown-heading\"><span class=\"qwen-markdown-text\">Nahtlose Supportleistungen f\u00fcr vielbesch\u00e4ftigte F\u00fchrungskr\u00e4fte<\/span><\/h2><div class=\"qwen-markdown-paragraph\"><span class=\"qwen-markdown-text\">Wahre Gesch\u00e4ftseffizienz liegt im Detail. Das IntercityHotel Zhuhai Hengqin Tianmu River bietet eine Reihe von Unterst\u00fctzungsleistungen, die Ihre Arbeitsabl\u00e4ufe optimieren sollen:<\/span><\/div><div class=\"qwen-markdown-space\">\u00a0<\/div><ul class=\"qwen-markdown-list\" dir=\"auto\"><li><strong class=\"qwen-markdown-strong\"><span class=\"qwen-markdown-text\">24-Stunden-Rezeption &amp; Concierge:<\/span><\/strong><span class=\"qwen-markdown-text\"> Unsere mehrsprachigen Mitarbeiter stehen Ihnen rund um die Uhr zur Verf\u00fcgung, um Sie bei kurzfristigen Druckauftr\u00e4gen, Kurierdiensten, Transportarrangements zum Bahnhof Hengqin oder zum Flughafen sowie bei \u00dcbersetzungsarbeiten zu unterst\u00fctzen.<\/span><\/li><li><strong class=\"qwen-markdown-strong\"><span class=\"qwen-markdown-text\">Express-Check-in\/Check-out:<\/span><\/strong><span class=\"qwen-markdown-text\"> Das Hotel wei\u00df, dass Zeit Geld ist, und nutzt daher effiziente digitale Check-in-Prozesse, um Wartezeiten zu minimieren und Sie schneller zu Ihrem Meeting oder zu Ihrem n\u00e4chsten Ziel zu bringen.<\/span><\/li><li><strong class=\"qwen-markdown-strong\"><span class=\"qwen-markdown-text\">W\u00e4sche- und Textilpflege:<\/span><\/strong><span class=\"qwen-markdown-text\"> Dank W\u00e4sche- und B\u00fcgelservice am selben Tag k\u00f6nnen F\u00fchrungskr\u00e4fte sicherstellen, dass sie f\u00fcr wichtige Kundengespr\u00e4che oder Abendessen stets perfekt vorbereitet sind.<\/span><\/li><li><strong class=\"qwen-markdown-strong\"><span class=\"qwen-markdown-text\">Catering f\u00fcr Gesch\u00e4ftsveranstaltungen:<\/span><\/strong><span class=\"qwen-markdown-text\"> Vom Arbeitsfr\u00fchst\u00fcck bis zu Kaffeepausen w\u00e4hrend langer Strategiebesprechungen bietet das K\u00fcchenteam des Hotels ma\u00dfgeschneiderte Catering-Optionen, die die Teams energiegeladen und konzentriert halten.<\/span><\/li><\/ul><div class=\"qwen-markdown-space\">\u00a0<\/div><h2 class=\"qwen-markdown-heading\"><span class=\"qwen-markdown-text\">Warum sollten Sie IntercityHotel f\u00fcr Ihre n\u00e4chste Gesch\u00e4ftsreise w\u00e4hlen?<\/span><\/h2><div class=\"qwen-markdown-paragraph\"><span class=\"qwen-markdown-text\">Bei der Auswahl einer Unterkunft in der <\/span><strong class=\"qwen-markdown-strong\"><span class=\"qwen-markdown-text\">Hengqin Guangdong-Macao Intensive Cooperation Zone<\/span><\/strong><span class=\"qwen-markdown-text\">, Die Wahl h\u00e4ngt letztendlich davon ab, welcher Partner Ihre beruflichen Ziele am besten unterst\u00fctzen kann. <\/span><strong class=\"qwen-markdown-strong\"><span class=\"qwen-markdown-text\">IntercityHotel Zhuhai Hengqin Tianmu River<\/span><\/strong><span class=\"qwen-markdown-text\"> Es zeichnet sich durch ein konsequentes Engagement f\u00fcr Funktionalit\u00e4t, Schnelligkeit und Komfort aus. Es ist eine Einrichtung, die auf das Tempo des modernen Gesch\u00e4ftslebens zugeschnitten ist und Gesch\u00e4ftsreisenden einen Ort der Ruhe bietet, an dem sie neue Energie tanken, Kontakte kn\u00fcpfen und ihre Strategien souver\u00e4n umsetzen k\u00f6nnen.<\/span><\/div><div class=\"qwen-markdown-space\">\u00a0<\/div><div class=\"qwen-markdown-paragraph\" data-spm-anchor-id=\"a2ty_o01.29997173.0.i33.5c315171uMx9jI\"><span class=\"qwen-markdown-text\">Ob Sie als Einzelunternehmer in Zhuhai ein Gesch\u00e4ft abschlie\u00dfen, als F\u00fchrungskraft im Technologiesektor Chancen im Gro\u00dfraum San Francisco erkunden oder als Team eines Konzerns grenz\u00fcberschreitende Projekte betreuen \u2013 unsere Business-Einrichtungen bieten Ihnen die ideale Grundlage f\u00fcr Ihren Erfolg. Erleben Sie die perfekte Kombination aus Lage, Technologie und Service im IntercityHotel Zhuhai Hengqin Tianmu River \u2013 hier floriert Ihr Unternehmen.<\/span><\/div>\t\t\t\t\t\t\t\t<\/div>\n\t\t\t\t\t<\/div>\n\t\t\t\t<\/div>\n\t\t\t\t<\/div>","protected":false},"excerpt":{"rendered":"<p>Elevate Your Enterprise: Premier Business Facilities at IntercityHotel Zhuhai Hengqin Tianmu River In the rapidly evolving landscape of the Guangdong-Macao In-Depth Cooperation Zone, success demands an environment that fosters productivity, connectivity, and seamless efficiency. The IntercityHotel Zhuhai Hengqin Tianmu River, located at Room 101, Yuxin Building, Haojiang Road in Xiangzhou District, stands as a beacon [&hellip;]<\/p>\n","protected":false},"author":1,"featured_media":0,"parent":0,"menu_order":0,"comment_status":"closed","ping_status":"closed","template":"elementor_header_footer","meta":{"footnotes":""},"class_list":["post-2109","page","type-page","status-publish","hentry","post-no-thumbnail"],"_links":{"self":[{"href":"https:\/\/hengqin-tianmu-river.intercityhotelzhuhai.com\/de\/wp-json\/wp\/v2\/pages\/2109","targetHints":{"allow":["GET"]}}],"collection":[{"href":"https:\/\/hengqin-tianmu-river.intercityhotelzhuhai.com\/de\/wp-json\/wp\/v2\/pages"}],"about":[{"href":"https:\/\/hengqin-tianmu-river.intercityhotelzhuhai.com\/de\/wp-json\/wp\/v2\/types\/page"}],"author":[{"embeddable":true,"href":"https:\/\/hengqin-tianmu-river.intercityhotelzhuhai.com\/de\/wp-json\/wp\/v2\/users\/1"}],"replies":[{"embeddable":true,"href":"https:\/\/hengqin-tianmu-river.intercityhotelzhuhai.com\/de\/wp-json\/wp\/v2\/comments?post=2109"}],"version-history":[{"count":0,"href":"https:\/\/hengqin-tianmu-river.intercityhotelzhuhai.com\/de\/wp-json\/wp\/v2\/pages\/2109\/revisions"}],"wp:attachment":[{"href":"https:\/\/hengqin-tianmu-river.intercityhotelzhuhai.com\/de\/wp-json\/wp\/v2\/media?parent=2109"}],"curies":[{"name":"wp","href":"https:\/\/api.w.org\/{rel}","templated":true}]}}