{"id":612,"date":"2021-03-26T10:04:13","date_gmt":"2021-03-26T10:04:13","guid":{"rendered":"http:\/\/localhost\/nuss\/?page_id=612"},"modified":"2026-03-17T06:41:03","modified_gmt":"2026-03-17T06:41:03","slug":"restaurant","status":"publish","type":"page","link":"https:\/\/hengqin-tianmu-river.intercityhotelzhuhai.com\/de\/restaurant\/","title":{"rendered":"Restaurant"},"content":{"rendered":"<div data-elementor-type=\"wp-page\" data-elementor-id=\"612\" class=\"elementor elementor-612\">\n\t\t\t\t\t\t<section class=\"elementor-section elementor-top-section elementor-element elementor-element-e2effe8 elementor-section-boxed elementor-section-gap-beside-yes elementor-section-height-default elementor-section-height-default elementor-section-column-vertical-align-stretch\" data-id=\"e2effe8\" data-element_type=\"section\" data-e-type=\"section\">\n\t\t\t\t\t\t<div class=\"elementor-container elementor-column-gap-extended\">\n\t\t\t\t\t<div class=\"elementor-column elementor-col-100 elementor-top-column elementor-element elementor-element-e18f688\" data-id=\"e18f688\" data-element_type=\"column\" data-e-type=\"column\">\n\t\t\t<div class=\"elementor-widget-wrap elementor-element-populated\">\n\t\t\t\t\t\t<div class=\"elementor-element elementor-element-6db146d elementor-widget__width-initial elementor-invisible elementor-widget elementor-widget-text-editor\" data-id=\"6db146d\" data-element_type=\"widget\" data-e-type=\"widget\" data-settings=\"{&quot;_animation&quot;:&quot;nussFadeInUp&quot;}\" data-widget_type=\"text-editor.default\">\n\t\t\t\t\t\t\t\t\tKulinarische Fusion im Herzen von Hengqin: Speisen im IntercityHotel Zhuhai Hengqin Tianmu River\t\t\t\t\t\t\t\t<\/div>\n\t\t\t\t\t<\/div>\n\t\t<\/div>\n\t\t\t\t\t<\/div>\n\t\t<\/section>\n\t\t<div class=\"elementor-element elementor-element-7094557 e-flex e-con-boxed e-con e-parent\" data-id=\"7094557\" data-element_type=\"container\" data-e-type=\"container\">\n\t\t\t\t\t<div class=\"e-con-inner\">\n\t\t\t\t<div class=\"elementor-element elementor-element-8bdb6b1 elementor-widget elementor-widget-nuss-image-gallery\" data-id=\"8bdb6b1\" data-element_type=\"widget\" data-e-type=\"widget\" data-widget_type=\"nuss-image-gallery.default\">\n\t\t\t\t<div class=\"elementor-widget-container\">\n\t\t\t\t\t\t\t<div class=\"nuss-grid-wrapper\" data-grid=\"{&quot;type&quot;:&quot;grid&quot;,&quot;ratio&quot;:null,&quot;columns&quot;:3,&quot;gutter&quot;:30}\">\r\n\t\t\t<div class=\"nuss-grid lazy-grid\">\r\n\t\t\t\t<div class=\"grid-sizer\"><\/div>\r\n\r\n\t\t\t\t\t\t\t\t\t\t\t\t<div class=\"grid-item\">\r\n\t\t\t\t\t\t<div class=\"nuss-box\">\t\t<div class=\"nuss-image image\">\r\n\t\t\t<img decoding=\"async\"  src=\"https:\/\/hengqin-tianmu-river.intercityhotelzhuhai.com\/wp-content\/uploads\/2026\/03\/IntercityHotel-Zhuhai-Hengqin-Tianmu-River-6.webp\" alt=\"IntercityHotel Zhuhai Hengqin Tianmu River (6)\" \/>\t\t<\/div>\r\n\t\t\t\t<\/div>\t\t\t\t\t<\/div>\r\n\t\t\t\t\t\t<div class=\"grid-item\">\r\n\t\t\t\t\t\t<div class=\"nuss-box\">\t\t<div class=\"nuss-image image\">\r\n\t\t\t<img decoding=\"async\"  src=\"https:\/\/hengqin-tianmu-river.intercityhotelzhuhai.com\/wp-content\/uploads\/2026\/03\/IntercityHotel-Zhuhai-Hengqin-Tianmu-River-69.webp\" alt=\"IntercityHotel Zhuhai Hengqin Tianmu River (69)\" \/>\t\t<\/div>\r\n\t\t\t\t<\/div>\t\t\t\t\t<\/div>\r\n\t\t\t\t\t\t<div class=\"grid-item\">\r\n\t\t\t\t\t\t<div class=\"nuss-box\">\t\t<div class=\"nuss-image image\">\r\n\t\t\t<img decoding=\"async\"  src=\"https:\/\/hengqin-tianmu-river.intercityhotelzhuhai.com\/wp-content\/uploads\/2026\/03\/IntercityHotel-Zhuhai-Hengqin-Tianmu-River-72.webp\" alt=\"IntercityHotel Zhuhai Hengqin Tianmu River (72)\" \/>\t\t<\/div>\r\n\t\t\t\t<\/div>\t\t\t\t\t<\/div>\r\n\t\t\t\t\t\t<div class=\"grid-item\">\r\n\t\t\t\t\t\t<div class=\"nuss-box\">\t\t<div class=\"nuss-image image\">\r\n\t\t\t<img decoding=\"async\"  src=\"https:\/\/hengqin-tianmu-river.intercityhotelzhuhai.com\/wp-content\/uploads\/2026\/03\/IntercityHotel-Zhuhai-Hengqin-Tianmu-River-74.webp\" alt=\"IntercityHotel Zhuhai Hengqin Tianmu River (74)\" \/>\t\t<\/div>\r\n\t\t\t\t<\/div>\t\t\t\t\t<\/div>\r\n\t\t\t\t\t\t<div class=\"grid-item\">\r\n\t\t\t\t\t\t<div class=\"nuss-box\">\t\t<div class=\"nuss-image image\">\r\n\t\t\t<img decoding=\"async\"  src=\"https:\/\/hengqin-tianmu-river.intercityhotelzhuhai.com\/wp-content\/uploads\/2026\/03\/IntercityHotel-Zhuhai-Hengqin-Tianmu-River-68.webp\" alt=\"IntercityHotel Zhuhai Hengqin Tianmu River (68)\" \/>\t\t<\/div>\r\n\t\t\t\t<\/div>\t\t\t\t\t<\/div>\r\n\t\t\t\t\t\t<div class=\"grid-item\">\r\n\t\t\t\t\t\t<div class=\"nuss-box\">\t\t<div class=\"nuss-image image\">\r\n\t\t\t<img decoding=\"async\"  src=\"https:\/\/hengqin-tianmu-river.intercityhotelzhuhai.com\/wp-content\/uploads\/2026\/03\/IntercityHotel-Zhuhai-Hengqin-Tianmu-River-66.webp\" alt=\"IntercityHotel Zhuhai Hengqin Tianmu River (66)\" \/>\t\t<\/div>\r\n\t\t\t\t<\/div>\t\t\t\t\t<\/div>\r\n\t\t\t\t\t\t<div class=\"grid-item\">\r\n\t\t\t\t\t\t<div class=\"nuss-box\">\t\t<div class=\"nuss-image image\">\r\n\t\t\t<img decoding=\"async\"  src=\"https:\/\/hengqin-tianmu-river.intercityhotelzhuhai.com\/wp-content\/uploads\/2026\/03\/IntercityHotel-Zhuhai-Hengqin-Tianmu-River-64.webp\" alt=\"IntercityHotel Zhuhai Hengqin Tianmu River (64)\" \/>\t\t<\/div>\r\n\t\t\t\t<\/div>\t\t\t\t\t<\/div>\r\n\t\t\t\t\t\t<div class=\"grid-item\">\r\n\t\t\t\t\t\t<div class=\"nuss-box\">\t\t<div class=\"nuss-image image\">\r\n\t\t\t<img decoding=\"async\"  src=\"https:\/\/hengqin-tianmu-river.intercityhotelzhuhai.com\/wp-content\/uploads\/2026\/03\/IntercityHotel-Zhuhai-Hengqin-Tianmu-River-65.webp\" alt=\"IntercityHotel Zhuhai Hengqin Tianmu River (65)\" \/>\t\t<\/div>\r\n\t\t\t\t<\/div>\t\t\t\t\t<\/div>\r\n\t\t\t\t\t\t<div class=\"grid-item\">\r\n\t\t\t\t\t\t<div class=\"nuss-box\">\t\t<div class=\"nuss-image image\">\r\n\t\t\t<img decoding=\"async\"  src=\"https:\/\/hengqin-tianmu-river.intercityhotelzhuhai.com\/wp-content\/uploads\/2026\/03\/IntercityHotel-Zhuhai-Hengqin-Tianmu-River-63.webp\" alt=\"IntercityHotel Zhuhai Hengqin Tianmu River (63)\" \/>\t\t<\/div>\r\n\t\t\t\t<\/div>\t\t\t\t\t<\/div>\r\n\t\t\t\t\t\t<div class=\"grid-item\">\r\n\t\t\t\t\t\t<div class=\"nuss-box\">\t\t<div class=\"nuss-image image\">\r\n\t\t\t<img decoding=\"async\"  src=\"https:\/\/hengqin-tianmu-river.intercityhotelzhuhai.com\/wp-content\/uploads\/2026\/03\/IntercityHotel-Zhuhai-Hengqin-Tianmu-River-62.webp\" alt=\"IntercityHotel Zhuhai Hengqin Tianmu River (62)\" \/>\t\t<\/div>\r\n\t\t\t\t<\/div>\t\t\t\t\t<\/div>\r\n\t\t\t\t\t\t<div class=\"grid-item\">\r\n\t\t\t\t\t\t<div class=\"nuss-box\">\t\t<div class=\"nuss-image image\">\r\n\t\t\t<img decoding=\"async\"  src=\"https:\/\/hengqin-tianmu-river.intercityhotelzhuhai.com\/wp-content\/uploads\/2026\/03\/IntercityHotel-Zhuhai-Hengqin-Tianmu-River-61.webp\" alt=\"IntercityHotel Zhuhai Hengqin Tianmu River (61)\" \/>\t\t<\/div>\r\n\t\t\t\t<\/div>\t\t\t\t\t<\/div>\r\n\t\t\t\t\t\t<div class=\"grid-item\">\r\n\t\t\t\t\t\t<div class=\"nuss-box\">\t\t<div class=\"nuss-image image\">\r\n\t\t\t<img decoding=\"async\"  src=\"https:\/\/hengqin-tianmu-river.intercityhotelzhuhai.com\/wp-content\/uploads\/2026\/03\/IntercityHotel-Zhuhai-Hengqin-Tianmu-River-59.webp\" alt=\"IntercityHotel Zhuhai Hengqin Tianmu River (59)\" \/>\t\t<\/div>\r\n\t\t\t\t<\/div>\t\t\t\t\t<\/div>\r\n\t\t\t\t\t\t<div class=\"grid-item\">\r\n\t\t\t\t\t\t<div class=\"nuss-box\">\t\t<div class=\"nuss-image image\">\r\n\t\t\t<img decoding=\"async\"  src=\"https:\/\/hengqin-tianmu-river.intercityhotelzhuhai.com\/wp-content\/uploads\/2026\/03\/IntercityHotel-Zhuhai-Hengqin-Tianmu-River-60.webp\" alt=\"IntercityHotel Zhuhai Hengqin Tianmu River (60)\" \/>\t\t<\/div>\r\n\t\t\t\t<\/div>\t\t\t\t\t<\/div>\r\n\t\t\t\t\t\t<div class=\"grid-item\">\r\n\t\t\t\t\t\t<div class=\"nuss-box\">\t\t<div class=\"nuss-image image\">\r\n\t\t\t<img decoding=\"async\"  src=\"https:\/\/hengqin-tianmu-river.intercityhotelzhuhai.com\/wp-content\/uploads\/2026\/03\/IntercityHotel-Zhuhai-Hengqin-Tianmu-River-58.webp\" alt=\"IntercityHotel Zhuhai Hengqin Tianmu River (58)\" \/>\t\t<\/div>\r\n\t\t\t\t<\/div>\t\t\t\t\t<\/div>\r\n\t\t\t\t\t\t<div class=\"grid-item\">\r\n\t\t\t\t\t\t<div class=\"nuss-box\">\t\t<div class=\"nuss-image image\">\r\n\t\t\t<img decoding=\"async\"  src=\"https:\/\/hengqin-tianmu-river.intercityhotelzhuhai.com\/wp-content\/uploads\/2026\/03\/IntercityHotel-Zhuhai-Hengqin-Tianmu-River-57.webp\" alt=\"IntercityHotel Zhuhai Hengqin Tianmu River (57)\" \/>\t\t<\/div>\r\n\t\t\t\t<\/div>\t\t\t\t\t<\/div>\r\n\t\t\t\t\t\t<div class=\"grid-item\">\r\n\t\t\t\t\t\t<div class=\"nuss-box\">\t\t<div class=\"nuss-image image\">\r\n\t\t\t<img decoding=\"async\"  src=\"https:\/\/hengqin-tianmu-river.intercityhotelzhuhai.com\/wp-content\/uploads\/2026\/03\/IntercityHotel-Zhuhai-Hengqin-Tianmu-River-56.webp\" alt=\"IntercityHotel Zhuhai Hengqin Tianmu River (56)\" \/>\t\t<\/div>\r\n\t\t\t\t<\/div>\t\t\t\t\t<\/div>\r\n\t\t\t\t\t\t<div class=\"grid-item\">\r\n\t\t\t\t\t\t<div class=\"nuss-box\">\t\t<div class=\"nuss-image image\">\r\n\t\t\t<img decoding=\"async\"  src=\"https:\/\/hengqin-tianmu-river.intercityhotelzhuhai.com\/wp-content\/uploads\/2026\/03\/IntercityHotel-Zhuhai-Hengqin-Tianmu-River-54.webp\" alt=\"IntercityHotel Zhuhai Hengqin Tianmu River (54)\" \/>\t\t<\/div>\r\n\t\t\t\t<\/div>\t\t\t\t\t<\/div>\r\n\t\t\t\t\t\t<div class=\"grid-item\">\r\n\t\t\t\t\t\t<div class=\"nuss-box\">\t\t<div class=\"nuss-image image\">\r\n\t\t\t<img decoding=\"async\"  src=\"https:\/\/hengqin-tianmu-river.intercityhotelzhuhai.com\/wp-content\/uploads\/2026\/03\/IntercityHotel-Zhuhai-Hengqin-Tianmu-River-55.webp\" alt=\"IntercityHotel Zhuhai Hengqin Tianmu River (55)\" \/>\t\t<\/div>\r\n\t\t\t\t<\/div>\t\t\t\t\t<\/div>\r\n\t\t\t\t\t\t<div class=\"grid-item\">\r\n\t\t\t\t\t\t<div class=\"nuss-box\">\t\t<div class=\"nuss-image image\">\r\n\t\t\t<img decoding=\"async\"  src=\"https:\/\/hengqin-tianmu-river.intercityhotelzhuhai.com\/wp-content\/uploads\/2026\/03\/IntercityHotel-Zhuhai-Hengqin-Tianmu-River-53.webp\" alt=\"IntercityHotel Zhuhai Hengqin Tianmu River (53)\" \/>\t\t<\/div>\r\n\t\t\t\t<\/div>\t\t\t\t\t<\/div>\r\n\t\t\t\t\t\t<div class=\"grid-item\">\r\n\t\t\t\t\t\t<div class=\"nuss-box\">\t\t<div class=\"nuss-image image\">\r\n\t\t\t<img decoding=\"async\"  src=\"https:\/\/hengqin-tianmu-river.intercityhotelzhuhai.com\/wp-content\/uploads\/2026\/03\/IntercityHotel-Zhuhai-Hengqin-Tianmu-River-49.webp\" alt=\"IntercityHotel Zhuhai Hengqin Tianmu River (49)\" \/>\t\t<\/div>\r\n\t\t\t\t<\/div>\t\t\t\t\t<\/div>\r\n\t\t\t\t\t\t\t\r\n\t\t\t<\/div>\r\n\t\t<\/div>\r\n\t\t\t\t\t\t<\/div>\n\t\t\t\t<\/div>\n\t\t\t\t\t<\/div>\n\t\t\t\t<\/div>\n\t\t<div class=\"elementor-element elementor-element-6feba6e e-flex e-con-boxed e-con e-parent\" data-id=\"6feba6e\" data-element_type=\"container\" data-e-type=\"container\">\n\t\t\t\t\t<div class=\"e-con-inner\">\n\t\t\t\t<div class=\"elementor-element elementor-element-d7d0e49 elementor-widget elementor-widget-text-editor\" data-id=\"d7d0e49\" data-element_type=\"widget\" data-e-type=\"widget\" data-widget_type=\"text-editor.default\">\n\t\t\t\t\t\t\t\t\t<div class=\"qwen-markdown-paragraph\"><span class=\"qwen-markdown-text\">In der dynamischen Landschaft der <\/span><strong class=\"qwen-markdown-strong\"><span class=\"qwen-markdown-text\">Hengqin Guangdong-Macao Intensive Cooperation Zone<\/span><\/strong><span class=\"qwen-markdown-text\">, wo Kulturen aufeinandertreffen und Innovationen gedeihen, das kulinarische Erlebnis bei <\/span><strong class=\"qwen-markdown-strong\"><span class=\"qwen-markdown-text\">IntercityHotel Zhuhai Hengqin Tianmu River<\/span><\/strong><span class=\"qwen-markdown-text\"> Unser Restaurant in Raum 101 des Yuxin-Geb\u00e4udes an der Haojiang Road im Bezirk Xiangzhou ist mehr als nur ein Ort zum Essen; es ist ein Ort, an dem deutsche Ingenieurskunst auf die vielf\u00e4ltigen Aromen S\u00fcdchinas trifft. Ob anspruchsvoller Gesch\u00e4ftsreisender, Familie oder Weltenbummler \u2013 unsere kulinarischen Angebote vereinen internationale Standards mit lokaler Authentizit\u00e4t vor der malerischen Kulisse der Stadt. <\/span><strong class=\"qwen-markdown-strong\"><span class=\"qwen-markdown-text\">Tianmu-Fluss<\/span><\/strong><span class=\"qwen-markdown-text\">.<\/span><\/div><div class=\"qwen-markdown-space\">\u00a0<\/div><h2 class=\"qwen-markdown-heading\"><span class=\"qwen-markdown-text\">Wo Ost und West auf Ihrem Teller aufeinandertreffen<\/span><\/h2><div class=\"qwen-markdown-paragraph\"><span class=\"qwen-markdown-text\">Die Philosophie hinter unserer Speisekarte ist einfach, aber tiefgr\u00fcndig: Traditionen bewahren und gleichzeitig globale Einfl\u00fcsse aufgreifen. Als <\/span><strong class=\"qwen-markdown-strong\"><span class=\"qwen-markdown-text\">IntercityHotel<\/span><\/strong><span class=\"qwen-markdown-text\">, Wir pflegen eine Tradition europ\u00e4ischer Gastfreundschaft, die sich in unserer K\u00fcche deutlich widerspiegelt. G\u00e4ste k\u00f6nnen authentische europ\u00e4ische K\u00fcche genie\u00dfen. <\/span><strong class=\"qwen-markdown-strong\"><span class=\"qwen-markdown-text\">Gerichte nach deutschem Vorbild<\/span><\/strong><span class=\"qwen-markdown-text\"> Diese Spezialit\u00e4ten bringen einen Hauch von Europa nach Zhuhai \u2013 von herzhaften Fr\u00fchst\u00fccksw\u00fcrstchen und frischen Brezeln bis hin zu klassischen Schnitzeln und deftigen Eint\u00f6pfen. Sie werden mit viel Liebe zum Detail zubereitet, sodass jeder Bissen die Qualit\u00e4t und Best\u00e4ndigkeit widerspiegelt, f\u00fcr die die Marke weltweit bekannt ist.<\/span><\/div><div class=\"qwen-markdown-space\">\u00a0<\/div><div class=\"qwen-markdown-paragraph\"><span class=\"qwen-markdown-text\">Dennoch sind wir tief mit unserem Standort verwurzelt. Unsere K\u00f6che sind Meister ihres Fachs. <\/span><strong class=\"qwen-markdown-strong\"><span class=\"qwen-markdown-text\">authentische chinesische K\u00fcche<\/span><\/strong><span class=\"qwen-markdown-text\">, insbesondere durch die Zusammenstellung von Men\u00fcs, die die frischen, delikaten Aromen hervorheben <\/span><strong class=\"qwen-markdown-strong\"><span class=\"qwen-markdown-text\">Kantonesische K\u00fcche<\/span><\/strong><span class=\"qwen-markdown-text\"> und die vielf\u00e4ltigen kulinarischen Traditionen Guangdongs. Von Dim Sum und langsam gek\u00f6chelten Suppen bis hin zu Wok-Spezialit\u00e4ten mit regionalen Meeresfr\u00fcchten und saisonalem Gem\u00fcse \u2013 unsere K\u00fcche erz\u00e4hlt die Geschichte der Region. Dieser doppelte Fokus schafft ein einzigartiges Ambiente, in dem G\u00e4ste morgens ein traditionelles deutsches Fr\u00fchst\u00fcck und abends ein raffiniertes chinesisches Festmahl genie\u00dfen k\u00f6nnen \u2013 alles im selben eleganten Raum.<\/span><\/div><div class=\"qwen-markdown-space\">\u00a0<\/div><h2 class=\"qwen-markdown-heading\"><span class=\"qwen-markdown-text\">Das ganzt\u00e4gige kulinarische Erlebnis: Von Sonnenaufgang bis Sonnenuntergang<\/span><\/h2><div class=\"qwen-markdown-paragraph\"><span class=\"qwen-markdown-text\">Unser Restaurant fungiert den ganzen Tag \u00fcber als pulsierender Treffpunkt und passt Atmosph\u00e4re und Speisekarte dem Rhythmus Ihres Aufenthalts an.<\/span><\/div><div class=\"qwen-markdown-space\">\u00a0<\/div><h3 class=\"qwen-markdown-heading\"><strong class=\"qwen-markdown-strong\"><span class=\"qwen-markdown-text\">Das Morgenritual: Ein internationales Fr\u00fchst\u00fccksbuffet<\/span><\/strong><\/h3><div class=\"qwen-markdown-paragraph\"><span class=\"qwen-markdown-text\">Beginnen Sie Ihren Tag energiegeladen an unserem reichhaltigen Fr\u00fchst\u00fccksbuffet, das weithin als eines der besten der Region gilt. <\/span><strong class=\"qwen-markdown-strong\"><span class=\"qwen-markdown-text\">Hengqin-Gebiet<\/span><\/strong><span class=\"qwen-markdown-text\">. Wir wissen, dass ein gelungener Tag mit gutem Essen beginnt. Unser Angebot umfasst eine umfassende Auswahl an <\/span><strong class=\"qwen-markdown-strong\"><span class=\"qwen-markdown-text\">Western-Klassiker<\/span><\/strong><span class=\"qwen-markdown-text\">, Dazu geh\u00f6ren frisch gebackenes Geb\u00e4ck, handwerklich hergestelltes Brot, R\u00fchrei, Speck und erlesene K\u00e4sesorten. Au\u00dferdem gibt es eine eigene Abteilung. <\/span><strong class=\"qwen-markdown-strong\"><span class=\"qwen-markdown-text\">Chinesischer Bahnhof<\/span><\/strong><span class=\"qwen-markdown-text\"> bietet hei\u00dfen Reisbrei, gebratene Nudeln, ged\u00e4mpfte Br\u00f6tchen und eingelegtes Gem\u00fcse an. Kaffeeliebhaber k\u00f6nnen sich an unserem Angebot erfreuen. <\/span><strong class=\"qwen-markdown-strong\"><span class=\"qwen-markdown-text\">Premium-Filterkaffee<\/span><\/strong><span class=\"qwen-markdown-text\"> und eine Espressobar, w\u00e4hrend Teeliebhaber aus einer Vielzahl traditioneller chinesischer Teesorten w\u00e4hlen k\u00f6nnen. Ob Sie vor einem Meeting in der Kooperationszone schnell etwas Energie tanken oder vor dem Weiterflug einen gem\u00fctlichen Familienbrunch genie\u00dfen m\u00f6chten <\/span><strong class=\"qwen-markdown-strong\"><span class=\"qwen-markdown-text\">Chimelong Ocean Kingdom<\/span><\/strong><span class=\"qwen-markdown-text\">, Unser Fr\u00fchst\u00fcck stimmt uns perfekt ein.<\/span><\/div><div class=\"qwen-markdown-space\">\u00a0<\/div><h3 class=\"qwen-markdown-heading\"><strong class=\"qwen-markdown-strong\"><span class=\"qwen-markdown-text\">Mittag- und Abendessen: Internationale Aromen mit lokalem Flair<\/span><\/strong><\/h3><div class=\"qwen-markdown-paragraph\"><span class=\"qwen-markdown-text\">Im Laufe des Tages verwandelt sich das Restaurant in ein elegantes Lokal f\u00fcr Mittag- und Abendessen. Unsere \u00c0-la-carte- und Buffetgerichte wechseln regelm\u00e4\u00dfig, um Frische und Vielfalt zu garantieren. Gesch\u00e4ftsreisende sch\u00e4tzen unsere schnellen Mittagsmen\u00fcs, die effizient zubereitet werden, ohne dabei Kompromisse beim Geschmack einzugehen. Am Abend geht es gem\u00e4chlicher zu, und die G\u00e4ste sind eingeladen, mehrg\u00e4ngige Men\u00fcs zu genie\u00dfen, die die Kreativit\u00e4t des K\u00fcchenchefs widerspiegeln. Freuen Sie sich auf eine harmonische Mischung aus internationalen Grillgerichten, Pasta und chinesischen Spezialit\u00e4ten, die mit den besten Zutaten aus dem Perlflussdelta zubereitet werden.<\/span><\/div><div class=\"qwen-markdown-space\">\u00a0<\/div><h2 class=\"qwen-markdown-heading\"><span class=\"qwen-markdown-text\">Speisen mit Aussicht: Das Ambiente des Tianmu-Flusses<\/span><\/h2><div class=\"qwen-markdown-paragraph\"><span class=\"qwen-markdown-text\">Essen schmeckt besser in einem inspirierenden Ambiente. Unser Restaurant besticht durch bodentiefe Fenster mit atemberaubendem Blick auf die Umgebung. <\/span><strong class=\"qwen-markdown-strong\"><span class=\"qwen-markdown-text\">Tianmu-Fluss<\/span><\/strong><span class=\"qwen-markdown-text\">. Dieses Naturmerkmal bildet die Seele unseres Speisesaals und bietet eine ruhige Oase inmitten der gesch\u00e4ftigen Entwicklung von Hengqin.<\/span><\/div><div class=\"qwen-markdown-space\">\u00a0<\/div><ul class=\"qwen-markdown-list\" dir=\"auto\"><li><strong class=\"qwen-markdown-strong\"><span class=\"qwen-markdown-text\">Tageszeit:<\/span><\/strong><span class=\"qwen-markdown-text\"> Der vom nat\u00fcrlichen Licht durchflutete Flussblick bietet eine erfrischende und produktive Atmosph\u00e4re f\u00fcr Gesch\u00e4ftsessen oder lockere Kaffeetreffen. Beobachten Sie das sanfte Flie\u00dfen des Wassers, w\u00e4hrend Sie Strategien besprechen oder Ihr n\u00e4chstes Abenteuer planen.<\/span><\/li><li><strong class=\"qwen-markdown-strong\"><span class=\"qwen-markdown-text\">Abend:<\/span><\/strong><span class=\"qwen-markdown-text\"> Mit dem Sonnenuntergang taucht die Atmosph\u00e4re in ein warmes, romantisches Licht. Das Spiegelbild der Stadtlichter im Fluss schafft eine zauberhafte Kulisse f\u00fcr intime Abendessen oder festliche Mahlzeiten. Die Inneneinrichtung mit ihren modernen Linien und bequemen Sitzgelegenheiten harmoniert perfekt mit der Au\u00dfenkulisse und sorgt daf\u00fcr, dass das visuelle Erlebnis ebenso unvergesslich ist wie das kulinarische.<\/span><\/li><\/ul><div class=\"qwen-markdown-space\">\u00a0<\/div><h2 class=\"qwen-markdown-heading\"><span class=\"qwen-markdown-text\">Verpflichtung zu Qualit\u00e4t und Service<\/span><\/h2><div class=\"qwen-markdown-paragraph\"><span class=\"qwen-markdown-text\">Bei <\/span><strong class=\"qwen-markdown-strong\"><span class=\"qwen-markdown-text\">IntercityHotel Zhuhai Hengqin Tianmu River<\/span><\/strong><span class=\"qwen-markdown-text\">, Wir sind \u00fcberzeugt, dass exzellentes Essen mit exzellentem Service einhergehen muss. Unser Serviceteam ist darauf geschult, die Bed\u00fcrfnisse unserer vielf\u00e4ltigen internationalen G\u00e4ste zu erf\u00fcllen. Dank unserer mehrsprachigen Mitarbeiter, die Ihnen jederzeit gerne behilflich sind, f\u00fchlen sich unsere G\u00e4ste willkommen und wertgesch\u00e4tzt. Hygiene, Frische und Nachhaltigkeit haben f\u00fcr uns h\u00f6chste Priorit\u00e4t. Wir beziehen unsere Zutaten von vertrauensw\u00fcrdigen lokalen Lieferanten, um die Gemeinschaft in Zhuhai zu unterst\u00fctzen und gleichzeitig strenge internationale Sicherheitsstandards einzuhalten.<\/span><\/div><div class=\"qwen-markdown-space\">\u00a0<\/div><div class=\"qwen-markdown-paragraph\"><span class=\"qwen-markdown-text\">Ob Sie eine kleine Firmenveranstaltung ausrichten, ein ruhiges Essen allein genie\u00dfen oder einen besonderen Anlass mit der Familie feiern m\u00f6chten \u2013 unser Restaurant bietet ein vielseitiges und einladendes Ambiente. Wir ber\u00fccksichtigen verschiedene Ern\u00e4hrungsbed\u00fcrfnisse und stellen sicher, dass stets vegetarische, vegane und allergikerfreundliche Optionen verf\u00fcgbar sind.<\/span><\/div><div class=\"qwen-markdown-space\">\u00a0<\/div><h2 class=\"qwen-markdown-heading\"><span class=\"qwen-markdown-text\">Ihr kulinarisches Tor zu Zhuhai<\/span><\/h2><div class=\"qwen-markdown-paragraph\"><span class=\"qwen-markdown-text\">Ein Besuch in unserem Restaurant ist ein integraler Bestandteil des <\/span><strong class=\"qwen-markdown-strong\"><span class=\"qwen-markdown-text\">IntercityHotel<\/span><\/strong><span class=\"qwen-markdown-text\"> Es ist ein Ort, an dem die Effizienz deutscher Gastfreundschaft mit der Herzlichkeit der chinesischen Kultur verschmilzt und so ein einzigartiges Geschmacksprofil schafft, das man nur hier findet. <\/span><strong class=\"qwen-markdown-strong\"><span class=\"qwen-markdown-text\">Guangdong-Macao-Zone f\u00fcr vertiefte Zusammenarbeit<\/span><\/strong><span class=\"qwen-markdown-text\">.<\/span><\/div><div class=\"qwen-markdown-space\">\u00a0<\/div><div class=\"qwen-markdown-paragraph\"><span class=\"qwen-markdown-text\">G\u00fcnstig gelegen bei <\/span><strong class=\"qwen-markdown-strong\"><span class=\"qwen-markdown-text\">Haojiang-Stra\u00dfe<\/span><\/strong><span class=\"qwen-markdown-text\">, Unser Restaurant ist sowohl f\u00fcr Hotelg\u00e4ste als auch f\u00fcr Besucher leicht erreichbar. Nach einem erlebnisreichen Tag <\/span><strong class=\"qwen-markdown-strong\"><span class=\"qwen-markdown-text\">Macau<\/span><\/strong><span class=\"qwen-markdown-text\">, Ob Sie nun in den Technologieparks gesch\u00e4ftlich t\u00e4tig sind oder sich in den Freizeitparks vergn\u00fcgen \u2013 kehren Sie zur\u00fcck in die Gem\u00fctlichkeit unseres Restaurants. Lassen Sie sich von uns mit Aromen verw\u00f6hnen, die keine Grenzen kennen.<\/span><\/div><div class=\"qwen-markdown-space\">\u00a0<\/div><div class=\"qwen-markdown-paragraph\" data-spm-anchor-id=\"a2ty_o01.29997173.0.i19.5c315171uMx9jI\"><span class=\"qwen-markdown-text\">Entdecken Sie den Geschmack von Hengqin bei <\/span><strong class=\"qwen-markdown-strong\"><span class=\"qwen-markdown-text\">IntercityHotel Zhuhai Hengqin Tianmu River<\/span><\/strong><span class=\"qwen-markdown-text\">\u2014wo jede Mahlzeit eine Reise ist und jeder Ausblick eine Erinnerung, die darauf wartet, geschaffen zu werden.<\/span><\/div>\t\t\t\t\t\t\t\t<\/div>\n\t\t\t\t\t<\/div>\n\t\t\t\t<\/div>\n\t\t\t\t<\/div>","protected":false},"excerpt":{"rendered":"<p>A Culinary Fusion at the Heart of Hengqin: Dining at IntercityHotel Zhuhai Hengqin Tianmu River In the dynamic landscape of the Hengqin Guangdong-Macao In-Depth Cooperation Zone, where cultures converge and innovation thrives, the dining experience at IntercityHotel Zhuhai Hengqin Tianmu River stands as a gastronomic reflection of this unique synergy. Located at Room 101, Yuxin [&hellip;]<\/p>\n","protected":false},"author":1,"featured_media":0,"parent":0,"menu_order":0,"comment_status":"closed","ping_status":"closed","template":"elementor_header_footer","meta":{"footnotes":""},"class_list":["post-612","page","type-page","status-publish","hentry","post-no-thumbnail"],"_links":{"self":[{"href":"https:\/\/hengqin-tianmu-river.intercityhotelzhuhai.com\/de\/wp-json\/wp\/v2\/pages\/612","targetHints":{"allow":["GET"]}}],"collection":[{"href":"https:\/\/hengqin-tianmu-river.intercityhotelzhuhai.com\/de\/wp-json\/wp\/v2\/pages"}],"about":[{"href":"https:\/\/hengqin-tianmu-river.intercityhotelzhuhai.com\/de\/wp-json\/wp\/v2\/types\/page"}],"author":[{"embeddable":true,"href":"https:\/\/hengqin-tianmu-river.intercityhotelzhuhai.com\/de\/wp-json\/wp\/v2\/users\/1"}],"replies":[{"embeddable":true,"href":"https:\/\/hengqin-tianmu-river.intercityhotelzhuhai.com\/de\/wp-json\/wp\/v2\/comments?post=612"}],"version-history":[{"count":0,"href":"https:\/\/hengqin-tianmu-river.intercityhotelzhuhai.com\/de\/wp-json\/wp\/v2\/pages\/612\/revisions"}],"wp:attachment":[{"href":"https:\/\/hengqin-tianmu-river.intercityhotelzhuhai.com\/de\/wp-json\/wp\/v2\/media?parent=612"}],"curies":[{"name":"wp","href":"https:\/\/api.w.org\/{rel}","templated":true}]}}