{"id":647,"date":"2021-03-29T02:13:52","date_gmt":"2021-03-29T02:13:52","guid":{"rendered":"http:\/\/localhost\/nuss\/?page_id=647"},"modified":"2026-03-17T06:40:43","modified_gmt":"2026-03-17T06:40:43","slug":"dienstleistungen","status":"publish","type":"page","link":"https:\/\/hengqin-tianmu-river.intercityhotelzhuhai.com\/de\/services\/","title":{"rendered":"Dienstleistungen"},"content":{"rendered":"<div data-elementor-type=\"wp-page\" data-elementor-id=\"647\" class=\"elementor elementor-647\">\n\t\t\t\t\t\t<section class=\"elementor-section elementor-top-section elementor-element elementor-element-3353bc8 elementor-section-boxed elementor-section-gap-beside-yes elementor-section-height-default elementor-section-height-default elementor-section-column-vertical-align-stretch\" data-id=\"3353bc8\" data-element_type=\"section\" data-e-type=\"section\">\n\t\t\t\t\t\t<div class=\"elementor-container elementor-column-gap-extended\">\n\t\t\t\t\t<div class=\"elementor-column elementor-col-100 elementor-top-column elementor-element elementor-element-0a2bc64\" data-id=\"0a2bc64\" data-element_type=\"column\" data-e-type=\"column\">\n\t\t\t<div class=\"elementor-widget-wrap elementor-element-populated\">\n\t\t\t\t\t\t<div class=\"elementor-element elementor-element-447e3ef elementor-widget__width-initial elementor-invisible elementor-widget elementor-widget-text-editor\" data-id=\"447e3ef\" data-element_type=\"widget\" data-e-type=\"widget\" data-settings=\"{&quot;_animation&quot;:&quot;nussFadeInUp&quot;}\" data-widget_type=\"text-editor.default\">\n\t\t\t\t\t\t\t\t\tKompromissloser Service: Das IntercityHotel Zhuhai Hengqin Tianmu River Erlebnis\t\t\t\t\t\t\t\t<\/div>\n\t\t\t\t\t<\/div>\n\t\t<\/div>\n\t\t\t\t\t<\/div>\n\t\t<\/section>\n\t\t<div class=\"elementor-element elementor-element-921b852 e-flex e-con-boxed e-con e-parent\" data-id=\"921b852\" data-element_type=\"container\" data-e-type=\"container\">\n\t\t\t\t\t<div class=\"e-con-inner\">\n\t\t\t\t<div class=\"elementor-element elementor-element-1526505 elementor-widget elementor-widget-text-editor\" data-id=\"1526505\" data-element_type=\"widget\" data-e-type=\"widget\" data-widget_type=\"text-editor.default\">\n\t\t\t\t\t\t\t\t\t<div class=\"qwen-markdown-paragraph\" data-spm-anchor-id=\"a2ty_o01.29997173.0.i17.5c315171uMx9jI\"><span class=\"qwen-markdown-text\" data-spm-anchor-id=\"a2ty_o01.29997173.0.i18.5c315171uMx9jI\">Bei <\/span><strong class=\"qwen-markdown-strong\"><span class=\"qwen-markdown-text\">IntercityHotel Zhuhai Hengqin Tianmu River<\/span><\/strong><span class=\"qwen-markdown-text\">, gelegen in Zimmer 101, Yuxin-Geb\u00e4ude, Haojiang Road im Herzen von <\/span><strong class=\"qwen-markdown-strong\"><span class=\"qwen-markdown-text\">Hengqin Guangdong-Macao Intensive Cooperation Zone<\/span><\/strong><span class=\"qwen-markdown-text\">, Service ist f\u00fcr uns nicht nur eine Abteilung \u2013 er ist das Fundament unserer Identit\u00e4t. Wir wissen, dass der moderne Reisende, ob F\u00fchrungskraft im Gro\u00dfraum San Francisco oder Familie auf dem Weg zu einem Freizeitparkabenteuer, mehr als nur eine Unterkunft ben\u00f6tigt. Er braucht ein nahtloses, effizientes und intuitives Unterst\u00fctzungssystem, das seine Bed\u00fcrfnisse antizipiert, bevor sie entstehen. Unser umfassendes Serviceangebot ist darauf ausgelegt, Ihre Reise so angenehm wie m\u00f6glich zu gestalten, damit Sie sich auf das Wesentliche konzentrieren k\u00f6nnen: Ihr Gesch\u00e4ft, Ihre Freizeit und Ihre Entspannung.<\/span><\/div><div class=\"qwen-markdown-space\">\u00a0<\/div><h2 class=\"qwen-markdown-heading\"><span class=\"qwen-markdown-text\">24\/7 Concierge- und Empfangsservice-Exzellenz<\/span><\/h2><div class=\"qwen-markdown-paragraph\"><span class=\"qwen-markdown-text\">Das Herzst\u00fcck unseres Servicebetriebs ist unser <\/span><strong class=\"qwen-markdown-strong\"><span class=\"qwen-markdown-text\">24-Stunden-Rezeption<\/span><\/strong><span class=\"qwen-markdown-text\">. In einer Region, die niemals schl\u00e4ft, wo Gesch\u00e4ftsabschl\u00fcsse Zeitzonen \u00fcberschreiten und Fl\u00fcge zu jeder Tages- und Nachtzeit landen, steht Ihnen unser Team rund um die Uhr zur Verf\u00fcgung. Unsere mehrsprachigen Mitarbeiter \u2013 flie\u00dfend in Mandarin, Englisch und oft auch Kantonesisch \u2013 sind Ihr pers\u00f6nlicher Ansprechpartner f\u00fcr Zhuhai und die Region.<\/span><\/div><div class=\"qwen-markdown-space\">\u00a0<\/div><ul class=\"qwen-markdown-list\" dir=\"auto\"><li><strong class=\"qwen-markdown-strong\"><span class=\"qwen-markdown-text\">Ankunft &amp; Abreise:<\/span><\/strong><span class=\"qwen-markdown-text\"> Wir bieten optimierte Check-in- und Check-out-Prozesse, um Wartezeiten zu minimieren. F\u00fcr G\u00e4ste mit fr\u00fcher Anreise oder sp\u00e4ter Abreise bieten wir einen kostenlosen Service an. <\/span><strong class=\"qwen-markdown-strong\"><span class=\"qwen-markdown-text\">Gep\u00e4ckaufbewahrung<\/span><\/strong><span class=\"qwen-markdown-text\"> Der Service sorgt daf\u00fcr, dass Ihre Sachen sicher sind und Sie unbesorgt die Welt erkunden k\u00f6nnen. <\/span><strong class=\"qwen-markdown-strong\"><span class=\"qwen-markdown-text\">Hafen von Hengqin<\/span><\/strong><span class=\"qwen-markdown-text\">, besuchen <\/span><strong class=\"qwen-markdown-strong\"><span class=\"qwen-markdown-text\">Chimelong Ocean Kingdom<\/span><\/strong><span class=\"qwen-markdown-text\">, oder an Besprechungen teilnehmen, ohne die Last von Taschen mit sich herumtragen zu m\u00fcssen.<\/span><\/li><li><strong class=\"qwen-markdown-strong\"><span class=\"qwen-markdown-text\">Lokale Expertise:<\/span><\/strong><span class=\"qwen-markdown-text\"> Unser Concierge-Team verf\u00fcgt \u00fcber umfassende Ortskenntnisse. Ob Sie Hilfe bei der Organisation eines privaten Transfers ben\u00f6tigen nach <\/span><strong class=\"qwen-markdown-strong\"><span class=\"qwen-markdown-text\">Flughafen Zhuhai Jinwan<\/span><\/strong><span class=\"qwen-markdown-text\">, Ob es um die Buchung von Eintrittskarten f\u00fcr lokale Sehensw\u00fcrdigkeiten, die Bew\u00e4ltigung der komplexen Zollformalit\u00e4ten f\u00fcr die Einreise nach Macau oder die Suche nach dem besten authentischen kantonesischen Restaurant in der N\u00e4he geht \u2013 unser Team bietet ma\u00dfgeschneiderte Empfehlungen und logistische Unterst\u00fctzung.<\/span><\/li><li><strong class=\"qwen-markdown-strong\"><span class=\"qwen-markdown-text\">Unterst\u00fctzung f\u00fcr Unternehmen:<\/span><\/strong><span class=\"qwen-markdown-text\"> Um den Bed\u00fcrfnissen von Gesch\u00e4ftsreisenden gerecht zu werden, bietet die Rezeption Unterst\u00fctzung bei dringenden Druck-, Scan-, Kurier- und \u00dcbersetzungsarbeiten, damit Ihre Gesch\u00e4ftsabl\u00e4ufe auch dann reibungslos weiterlaufen, wenn Sie nicht in Ihrem Homeoffice sind.<\/span><\/li><\/ul><div class=\"qwen-markdown-space\">\u00a0<\/div><h2 class=\"qwen-markdown-heading\"><span class=\"qwen-markdown-text\">Wellness und Erholung: Tanken Sie neue Energie f\u00fcr K\u00f6rper und Geist<\/span><\/h2><div class=\"qwen-markdown-paragraph\"><span class=\"qwen-markdown-text\">Nach einem Tag intensiver Verhandlungen oder der Erkundung des weitl\u00e4ufigen Gel\u00e4ndes von Chimelong bieten unsere Wellness-Einrichtungen einen Ort der Ruhe und Erholung. Wir sind \u00fcberzeugt, dass k\u00f6rperliches Wohlbefinden wesentlich f\u00fcr die allgemeine Produktivit\u00e4t und Lebensfreude ist.<\/span><\/div><div class=\"qwen-markdown-space\">\u00a0<\/div><ul class=\"qwen-markdown-list\" dir=\"auto\"><li><strong class=\"qwen-markdown-strong\"><span class=\"qwen-markdown-text\">24-Stunden-Fitnesscenter:<\/span><\/strong><span class=\"qwen-markdown-text\"> Unser hochmodernes Fitnessstudio ist rund um die Uhr zug\u00e4nglich und passt sich so den unregelm\u00e4\u00dfigen Zeitpl\u00e4nen internationaler Reisender an. Ausgestattet mit modernen Cardioger\u00e4ten, Freihanteln und Krafttrainingsger\u00e4ten erm\u00f6glicht Ihnen das Fitnesscenter, Ihr Trainingsprogramm jederzeit beizubehalten, wann immer Sie die Motivation dazu haben. Die R\u00e4umlichkeiten sind mit einer anregenden Beleuchtung und Bel\u00fcftung ausgestattet und bieten eine motivierende Atmosph\u00e4re f\u00fcr ein morgendliches Lauftraining oder eine entspannende Trainingseinheit am Abend.<\/span><\/li><li><strong class=\"qwen-markdown-strong\"><span class=\"qwen-markdown-text\">Schwimmbad:<\/span><\/strong><span class=\"qwen-markdown-text\"> G\u00f6nnen Sie sich ein Bad in unserem einladenden Pool, der sich ideal zum entspannten Schwimmen und Treibenlassen eignet. Der Poolbereich wird nach h\u00f6chsten Standards in puncto Sauberkeit und Sicherheit gepflegt und bietet eine erfrischende Auszeit vom schw\u00fclen Wetter in Zhuhai. Er ist der perfekte Ort f\u00fcr Familien, um gemeinsam zu entspannen, oder f\u00fcr Alleinreisende, die einen Moment der Ruhe genie\u00dfen und die moderne Architektur der Umgebung bewundern m\u00f6chten.<\/span><\/li><\/ul><div class=\"qwen-markdown-space\">\u00a0<\/div><h2 class=\"qwen-markdown-heading\"><span class=\"qwen-markdown-text\">Kulinarische Dienstleistungen: Grenzenloses Speisen<\/span><\/h2><div class=\"qwen-markdown-paragraph\"><span class=\"qwen-markdown-text\">Unser Speise- und Getr\u00e4nkeangebot geht \u00fcber den Restaurantbereich hinaus und ist darauf ausgelegt, sich Ihrem Zeitplan anzupassen, nicht umgekehrt.<\/span><\/div><div class=\"qwen-markdown-space\">\u00a0<\/div><ul class=\"qwen-markdown-list\" dir=\"auto\"><li><strong class=\"qwen-markdown-strong\"><span class=\"qwen-markdown-text\">Ganzt\u00e4gige Gastronomie:<\/span><\/strong><span class=\"qwen-markdown-text\"> Unser Hauptrestaurant bietet ein abwechslungsreiches internationales Fr\u00fchst\u00fccks- und Abendbuffet, das deutsche Klassiker mit authentischen chinesischen Aromen verbindet. Doch unser Service endet nicht mit den Mahlzeiten.<\/span><\/li><li><strong class=\"qwen-markdown-strong\"><span class=\"qwen-markdown-text\">Lobbybar &amp; Lounge:<\/span><\/strong><span class=\"qwen-markdown-text\"> F\u00fcr zwanglose Treffen oder einen entspannten Drink am Abend bietet unsere Lobbybar eine lockere Atmosph\u00e4re mit einer Auswahl an erstklassigen Kaffeespezialit\u00e4ten, Tees, Cocktails und leichten Snacks. Sie ist der perfekte Ort f\u00fcr informelle Gesch\u00e4ftsgespr\u00e4che oder zum Entspannen mit einem Buch.<\/span><\/li><li><strong class=\"qwen-markdown-strong\"><span class=\"qwen-markdown-text\">Komfort im Zimmer:<\/span><\/strong><span class=\"qwen-markdown-text\"> Wir legen Wert auf das gesellige Beisammensein beim Essen, bieten aber auch G\u00e4sten, die Wert auf Privatsph\u00e4re legen, unsere Dienstleistungen an. Unser Zimmerservice (je nach \u00d6ffnungszeiten) und unsere automatisierten Verkaufsautomaten sorgen daf\u00fcr, dass Sie nie hungrig sind und liefern Ihnen hochwertige Speisen und Getr\u00e4nke direkt an Ihre T\u00fcr.<\/span><\/li><\/ul><div class=\"qwen-markdown-space\">\u00a0<\/div><h2 class=\"qwen-markdown-heading\"><span class=\"qwen-markdown-text\">Intelligente Technologie- und Konnektivit\u00e4tsdienste<\/span><\/h2><div class=\"qwen-markdown-paragraph\"><span class=\"qwen-markdown-text\">Getreu dem <\/span><strong class=\"qwen-markdown-strong\"><span class=\"qwen-markdown-text\">IntercityHotel<\/span><\/strong><span class=\"qwen-markdown-text\"> Gest\u00fctzt auf die Tradition der Marke \u201cDeutsche Ingenieurskunst\u201d basieren unsere Dienstleistungen auf robuster Technologie, die f\u00fcr das digitale Zeitalter entwickelt wurde.<\/span><\/div><div class=\"qwen-markdown-space\">\u00a0<\/div><ul class=\"qwen-markdown-list\" dir=\"auto\"><li><strong class=\"qwen-markdown-strong\"><span class=\"qwen-markdown-text\">Hochgeschwindigkeits-WLAN:<\/span><\/strong><span class=\"qwen-markdown-text\"> Kostenloses WLAN in Unternehmensqualit\u00e4t steht Ihnen im gesamten Hotel zur Verf\u00fcgung \u2013 von den G\u00e4stezimmern \u00fcber die Tagungsr\u00e4ume bis hin zur Lobby. Dieses Netzwerk ist f\u00fcr Anwendungen mit hohem Bandbreitenbedarf optimiert und gew\u00e4hrleistet so kristallklare Videokonferenzen und blitzschnelle \u00dcbertragungen gro\u00dfer Dateien.<\/span><\/li><li><strong class=\"qwen-markdown-strong\"><span class=\"qwen-markdown-text\">Smart-Room-Funktionen:<\/span><\/strong><span class=\"qwen-markdown-text\"> Unsere Zimmer sind mit intuitiven Steuerungssystemen f\u00fcr Beleuchtung, Temperatur und Unterhaltung ausgestattet. G\u00e4ste k\u00f6nnen ihre pers\u00f6nlichen Ger\u00e4te problemlos mit gro\u00dfen Smart-TVs verbinden und ihr Zimmer so in eine pers\u00f6nliche Unterhaltungszentrale oder einen zweiten Arbeitsplatz verwandeln.<\/span><\/li><li><strong class=\"qwen-markdown-strong\"><span class=\"qwen-markdown-text\">Robotergest\u00fctzte Dienstleistungen:<\/span><\/strong><span class=\"qwen-markdown-text\"> Das Hotel setzt auf Innovation und verwendet Serviceroboter f\u00fcr bestimmte Aufgaben, wie beispielsweise die Lieferung von Annehmlichkeiten oder kleinen Gegenst\u00e4nden auf die G\u00e4stezimmer. Diese Kombination aus modernster Technologie und menschlicher Freundlichkeit sorgt daf\u00fcr, dass Ihre W\u00fcnsche schnell und pr\u00e4zise erf\u00fcllt werden und verleiht Ihrem Aufenthalt eine futuristische Note.<\/span><\/li><\/ul><div class=\"qwen-markdown-space\">\u00a0<\/div><h2 class=\"qwen-markdown-heading\"><span class=\"qwen-markdown-text\">Familien- und Gruppenunterk\u00fcnfte<\/span><\/h2><div class=\"qwen-markdown-paragraph\"><span class=\"qwen-markdown-text\">Wir sind uns bewusst, dass Reisen oft in Gruppen stattfinden, und unsere Dienstleistungen sind darauf ausgelegt, sowohl Familien als auch Firmenteams gerecht zu werden.<\/span><\/div><div class=\"qwen-markdown-space\">\u00a0<\/div><ul class=\"qwen-markdown-list\" dir=\"auto\"><li><strong class=\"qwen-markdown-strong\"><span class=\"qwen-markdown-text\">Familienfreundliche Ausstattung:<\/span><\/strong><span class=\"qwen-markdown-text\"> F\u00fcr G\u00e4ste mit Kindern stellen wir auf Anfrage Babybetten bereit und geben Ihnen gerne Tipps zu familienfreundlichen Restaurants und Aktivit\u00e4ten in Hengqin. Unsere ger\u00e4umigen Zimmer und die sichere, saubere Umgebung machen uns zur idealen Wahl f\u00fcr Eltern, die die nahegelegenen Themenparks besuchen m\u00f6chten.<\/span><\/li><li><strong class=\"qwen-markdown-strong\"><span class=\"qwen-markdown-text\">W\u00e4scherei- und Parkservice:<\/span><\/strong><span class=\"qwen-markdown-text\"> Auch unterwegs ist ein gepflegtes Erscheinungsbild wichtig. Wir bieten professionelle W\u00e4scherei- und Reinigungsdienste mit kurzen Bearbeitungszeiten. F\u00fcr l\u00e4ngere Aufenthalte stehen oft auch Selbstbedienungswaschsalons zur Verf\u00fcgung \u2013 praktisch und kosteng\u00fcnstig f\u00fcr unsere G\u00e4ste.<\/span><\/li><li><strong class=\"qwen-markdown-strong\"><span class=\"qwen-markdown-text\">Parken und Transport:<\/span><\/strong><span class=\"qwen-markdown-text\"> F\u00fcr alle, die innerhalb der Greater Bay Area unterwegs sind, bieten wir sichere Parkpl\u00e4tze direkt am Gel\u00e4nde. Unser Team unterst\u00fctzt Sie au\u00dferdem gerne bei der Taxibestellung und der Koordination von Fahrdiensten, damit Sie zuverl\u00e4ssig transportiert werden k\u00f6nnen. <\/span><strong class=\"qwen-markdown-strong\"><span class=\"qwen-markdown-text\">Bahnhof Hengqin<\/span><\/strong><span class=\"qwen-markdown-text\"> oder jedes beliebige Ziel in Zhuhai.<\/span><\/li><\/ul><div class=\"qwen-markdown-space\">\u00a0<\/div><h2 class=\"qwen-markdown-heading\"><span class=\"qwen-markdown-text\">Verpflichtung zu Sicherheit und Hygiene<\/span><\/h2><div class=\"qwen-markdown-paragraph\"><span class=\"qwen-markdown-text\">In der heutigen Zeit ist ein beruhigendes Gef\u00fchl von Gesundheit und Sicherheit von gr\u00f6\u00dfter Bedeutung. Das IntercityHotel Zhuhai Hengqin Tianmu River erf\u00fcllt strenge internationale Hygienestandards. Unser Reinigungsteam wendet erweiterte Reinigungsprotokolle an und verwendet in h\u00e4ufig ber\u00fchrten Bereichen Desinfektionsmittel in Krankenhausqualit\u00e4t. \u00d6ffentliche Bereiche werden regelm\u00e4\u00dfig desinfiziert, und unsere Mitarbeiter sind in den neuesten Gesundheits- und Sicherheitsrichtlinien geschult, um jedem Gast ein sicheres Umfeld zu gew\u00e4hrleisten.<\/span><\/div><div class=\"qwen-markdown-space\">\u00a0<\/div><h2 class=\"qwen-markdown-heading\"><span class=\"qwen-markdown-text\">Das IntercityHotel-Versprechen<\/span><\/h2><div class=\"qwen-markdown-paragraph\" data-spm-anchor-id=\"a2ty_o01.29997173.0.i15.5c315171uMx9jI\"><span class=\"qwen-markdown-text\">Bei <\/span><strong class=\"qwen-markdown-strong\"><span class=\"qwen-markdown-text\">IntercityHotel Zhuhai Hengqin Tianmu River<\/span><\/strong><span class=\"qwen-markdown-text\">, Unsere Dienstleistungen sind so konzipiert, dass sie unsichtbar und dennoch unverzichtbar sind. Wir streben danach, ein Umfeld zu schaffen, in dem jedes Bed\u00fcrfnis pr\u00e4zise, herzlich und effizient erf\u00fcllt wird. Vom ersten Moment an, in dem Sie unser Haus betreten <\/span><strong class=\"qwen-markdown-strong\"><span class=\"qwen-markdown-text\">Haojiang-Stra\u00dfe<\/span><\/strong><span class=\"qwen-markdown-text\"> Bis zu dem Moment, in dem Sie zu Ihrem n\u00e4chsten Reiseziel aufbrechen, setzt sich unser engagiertes Team daf\u00fcr ein, Ihren Aufenthalt im <\/span><strong class=\"qwen-markdown-strong\"><span class=\"qwen-markdown-text\">Guangdong-Macao-Zone f\u00fcr vertiefte Zusammenarbeit<\/span><\/strong><span class=\"qwen-markdown-text\"> Einfach au\u00dfergew\u00f6hnlich. Wir beherbergen Sie nicht nur, wir begleiten Sie auf Ihrem Weg.<\/span><\/div>\t\t\t\t\t\t\t\t<\/div>\n\t\t\t\t\t<\/div>\n\t\t\t\t<\/div>\n\t\t\t\t<\/div>","protected":false},"excerpt":{"rendered":"<p>Uncompromising Service: The IntercityHotel Zhuhai Hengqin Tianmu River ExperienceAt IntercityHotel Zhuhai Hengqin Tianmu River, located at Room 101, Yuxin Building, Haojiang Road in the heart of the Hengqin Guangdong-Macao In-Depth Cooperation Zone, service is not merely a department\u2014it is the foundation of our identity. We understand that the modern traveler, whether a high-powered executive navigating [&hellip;]<\/p>\n","protected":false},"author":1,"featured_media":0,"parent":0,"menu_order":0,"comment_status":"closed","ping_status":"closed","template":"","meta":{"footnotes":""},"class_list":["post-647","page","type-page","status-publish","hentry","post-no-thumbnail"],"_links":{"self":[{"href":"https:\/\/hengqin-tianmu-river.intercityhotelzhuhai.com\/de\/wp-json\/wp\/v2\/pages\/647","targetHints":{"allow":["GET"]}}],"collection":[{"href":"https:\/\/hengqin-tianmu-river.intercityhotelzhuhai.com\/de\/wp-json\/wp\/v2\/pages"}],"about":[{"href":"https:\/\/hengqin-tianmu-river.intercityhotelzhuhai.com\/de\/wp-json\/wp\/v2\/types\/page"}],"author":[{"embeddable":true,"href":"https:\/\/hengqin-tianmu-river.intercityhotelzhuhai.com\/de\/wp-json\/wp\/v2\/users\/1"}],"replies":[{"embeddable":true,"href":"https:\/\/hengqin-tianmu-river.intercityhotelzhuhai.com\/de\/wp-json\/wp\/v2\/comments?post=647"}],"version-history":[{"count":0,"href":"https:\/\/hengqin-tianmu-river.intercityhotelzhuhai.com\/de\/wp-json\/wp\/v2\/pages\/647\/revisions"}],"wp:attachment":[{"href":"https:\/\/hengqin-tianmu-river.intercityhotelzhuhai.com\/de\/wp-json\/wp\/v2\/media?parent=647"}],"curies":[{"name":"wp","href":"https:\/\/api.w.org\/{rel}","templated":true}]}}