{"id":2106,"date":"2021-03-25T04:08:26","date_gmt":"2021-03-25T04:08:26","guid":{"rendered":"http:\/\/localhost\/nuss\/?page_id=298"},"modified":"2026-03-17T06:41:18","modified_gmt":"2026-03-17T06:41:18","slug":"experiencias","status":"publish","type":"page","link":"https:\/\/hengqin-tianmu-river.intercityhotelzhuhai.com\/es\/experiences\/","title":{"rendered":"Opiniones del IntercityHotel Zhuhai Hengqin Tianmu River"},"content":{"rendered":"<div data-elementor-type=\"wp-page\" data-elementor-id=\"2106\" class=\"elementor elementor-2106\">\n\t\t\t\t\t\t<section class=\"elementor-section elementor-top-section elementor-element elementor-element-1954ffc elementor-section-boxed elementor-section-gap-beside-yes elementor-section-height-default elementor-section-height-default elementor-section-column-vertical-align-stretch\" data-id=\"1954ffc\" data-element_type=\"section\" data-e-type=\"section\">\n\t\t\t\t\t\t<div class=\"elementor-container elementor-column-gap-extended\">\n\t\t\t\t\t<div class=\"elementor-column elementor-col-100 elementor-top-column elementor-element elementor-element-86aebc5\" data-id=\"86aebc5\" data-element_type=\"column\" data-e-type=\"column\">\n\t\t\t<div class=\"elementor-widget-wrap elementor-element-populated\">\n\t\t\t\t\t\t<div class=\"elementor-element elementor-element-11803d1 elementor-widget__width-initial elementor-invisible elementor-widget elementor-widget-text-editor\" data-id=\"11803d1\" data-element_type=\"widget\" data-e-type=\"widget\" data-settings=\"{&quot;_animation&quot;:&quot;nussFadeInUp&quot;}\" data-widget_type=\"text-editor.default\">\n\t\t\t\t\t\t\t\t\tVoces aut\u00e9nticas, estancias aut\u00e9nticas: Descubriendo las experiencias de los clientes en el IntercityHotel Zhuhai Hengqin Tianmu River.\t\t\t\t\t\t\t\t<\/div>\n\t\t\t\t\t<\/div>\n\t\t<\/div>\n\t\t\t\t\t<\/div>\n\t\t<\/section>\n\t\t<div class=\"elementor-element elementor-element-4995bcc e-flex e-con-boxed e-con e-parent\" data-id=\"4995bcc\" data-element_type=\"container\" data-e-type=\"container\">\n\t\t\t\t\t<div class=\"e-con-inner\">\n\t\t\t\t<div class=\"elementor-element elementor-element-59c6832 elementor-widget elementor-widget-text-editor\" data-id=\"59c6832\" data-element_type=\"widget\" data-e-type=\"widget\" data-widget_type=\"text-editor.default\">\n\t\t\t\t\t\t\t\t\t<div class=\"qwen-markdown-paragraph\"><span class=\"qwen-markdown-text\">En el bullicioso coraz\u00f3n de la <\/span><strong class=\"qwen-markdown-strong\"><span class=\"qwen-markdown-text\">Zona de Cooperaci\u00f3n Profunda entre Guangdong y Macao de Hengqin<\/span><\/strong><span class=\"qwen-markdown-text\">, Elegir el alojamiento adecuado es m\u00e1s que solo una cama para pasar la noche; se trata de encontrar un socio confiable para su viaje. Para los viajeros que visitan <\/span><strong class=\"qwen-markdown-strong\"><span class=\"qwen-markdown-text\">Zhuhai<\/span><\/strong><span class=\"qwen-markdown-text\">, ya sea por negocios, vacaciones familiares en Chimelong o viajes transfronterizos a Macao, el <\/span><strong class=\"qwen-markdown-strong\"><span class=\"qwen-markdown-text\">IntercityHotel Zhuhai Hengqin R\u00edo Tianmu<\/span><\/strong><span class=\"qwen-markdown-text\"> Se ha consolidado como una opci\u00f3n excepcional. Ubicado en la habitaci\u00f3n 101 del edificio Yuxin, en la calle Haojiang, este establecimiento ha captado la atenci\u00f3n de hu\u00e9spedes de todo el mundo. Tras analizar una gran cantidad de comentarios y rese\u00f1as de clientes, se puede apreciar claramente qu\u00e9 hace que la experiencia aqu\u00ed sea verdaderamente \u00fanica.<\/span><\/div><div class=\"qwen-markdown-space\">\u00a0<\/div><h2 class=\"qwen-markdown-heading\"><span class=\"qwen-markdown-text\">Un refugio estrat\u00e9gico para familias y personas que se desplazan diariamente al trabajo.<\/span><\/h2><div class=\"qwen-markdown-paragraph\"><span class=\"qwen-markdown-text\">Uno de los temas m\u00e1s recurrentes en las rese\u00f1as de los hu\u00e9spedes es el hotel. <\/span><strong class=\"qwen-markdown-strong\"><span class=\"qwen-markdown-text\">ubicaci\u00f3n inmejorable<\/span><\/strong><span class=\"qwen-markdown-text\">. Los viajeros suelen destacar la proximidad del establecimiento a <\/span><strong class=\"qwen-markdown-strong\"><span class=\"qwen-markdown-text\">Puerto de Hengqin<\/span><\/strong><span class=\"qwen-markdown-text\">, describi\u00e9ndolo como un \u201csalvavidas\u201d para aquellos que necesitan acceso r\u00e1pido a Macao. Familias que planean viajes al mundialmente famoso <\/span><strong class=\"qwen-markdown-strong\"><span class=\"qwen-markdown-text\">Reino Oce\u00e1nico de Zhuhai Chimelong<\/span><\/strong><span class=\"qwen-markdown-text\"> A menudo elogian la corta distancia en coche, se\u00f1alando que el hotel sirve como base perfecta para las aventuras en los parques tem\u00e1ticos. <\/span><\/div><div class=\"qwen-markdown-space\">\u00a0<\/div><div class=\"qwen-markdown-paragraph\"><span class=\"qwen-markdown-text\">Los hu\u00e9spedes han compartido historias de llegar tarde despu\u00e9s de vuelos largos o cruces fronterizos y encontrar el proceso de registro r\u00e1pido y acogedor. La conveniencia de estar situado en el <\/span><strong class=\"qwen-markdown-strong\"><span class=\"qwen-markdown-text\">Distrito de Xiangzhou<\/span><\/strong><span class=\"qwen-markdown-text\"> Sin embargo, sentirse alejado del caos de la ciudad es un cumplido recurrente. Muchos cr\u00edticos mencionan que la ubicaci\u00f3n en <\/span><strong class=\"qwen-markdown-strong\"><span class=\"qwen-markdown-text\">Carretera Haojiang<\/span><\/strong><span class=\"qwen-markdown-text\"> Ofrece f\u00e1cil acceso a restaurantes locales y a buenas conexiones de transporte, incluida la estaci\u00f3n de Hengqin, lo que la convierte en un punto de partida ideal para explorar la Gran \u00c1rea de la Bah\u00eda.<\/span><\/div><div class=\"qwen-markdown-space\">\u00a0<\/div><h2 class=\"qwen-markdown-heading\"><span class=\"qwen-markdown-text\">El factor sorpresa: vistas al r\u00edo y dise\u00f1o moderno.<\/span><\/h2><div class=\"qwen-markdown-paragraph\"><span class=\"qwen-markdown-text\">El atractivo visual juega un papel fundamental en la experiencia del hu\u00e9sped, y el IntercityHotel Zhuhai Hengqin Tianmu River cumple con creces. Numerosas rese\u00f1as mencionan espec\u00edficamente el <\/span><strong class=\"qwen-markdown-strong\"><span class=\"qwen-markdown-text\">Vistas del r\u00edo Tianmu<\/span><\/strong><span class=\"qwen-markdown-text\">. Los hu\u00e9spedes que reservaron habitaciones con vistas al r\u00edo describen despertarse con serenas vistas al agua que ofrecen un relajante contraste con el ajetreado itinerario de un viaje de negocios o unas vacaciones familiares. <\/span><\/div><div class=\"qwen-markdown-space\">\u00a0<\/div><div class=\"qwen-markdown-paragraph\"><span class=\"qwen-markdown-text\">El dise\u00f1o interior, caracterizado por la est\u00e9tica moderna y funcional propia de la marca, destaca por su limpieza y estilo. Los viajeros suelen mencionar la sensaci\u00f3n de frescura del establecimiento, apreciando el mobiliario elegante, la iluminaci\u00f3n inteligente y el ambiente contempor\u00e1neo en general. El vest\u00edbulo, a menudo descrito como espacioso y acogedor, crea una impresi\u00f3n positiva desde el momento de la llegada, y muchos hu\u00e9spedes aprovechan para fotografiar los detalles arquitect\u00f3nicos y compartirlos en redes sociales.<\/span><\/div><div class=\"qwen-markdown-space\">\u00a0<\/div><h2 class=\"qwen-markdown-heading\"><span class=\"qwen-markdown-text\">Comodidad y conveniencia: La experiencia en la habitaci\u00f3n<\/span><\/h2><div class=\"qwen-markdown-paragraph\"><span class=\"qwen-markdown-text\">En lo que respecta al producto principal (la habitaci\u00f3n), los \u00edndices de satisfacci\u00f3n del cliente se mantienen consistentemente altos. Las rese\u00f1as elogian con frecuencia la <\/span><strong class=\"qwen-markdown-strong\"><span class=\"qwen-markdown-text\">comodidad de la ropa de cama<\/span><\/strong><span class=\"qwen-markdown-text\">, Muchos hu\u00e9spedes afirman haber disfrutado de una noche de sue\u00f1o reparador gracias a los colchones de alta calidad y al aislamiento ac\u00fastico que bloquea el ruido de la calle. <\/span><\/div><div class=\"qwen-markdown-space\">\u00a0<\/div><div class=\"qwen-markdown-paragraph\"><span class=\"qwen-markdown-text\">La practicidad de las habitaciones es otro punto a favor importante tanto para viajeros de negocios como para familias. Los hu\u00e9spedes aprecian la <\/span><strong class=\"qwen-markdown-strong\"><span class=\"qwen-markdown-text\">amplio espacio de trabajo<\/span><\/strong><span class=\"qwen-markdown-text\"> Equipadas con numerosos enchufes y conexi\u00f3n Wi-Fi de alta velocidad, permiten trabajar con eficiencia sin salir de la habitaci\u00f3n. Las familias que viajan con ni\u00f1os suelen destacar la amplitud de las habitaciones con dos camas individuales y la limpieza de los ba\u00f1os, que cuentan con modernas comodidades y art\u00edculos de tocador de primera calidad. La inclusi\u00f3n de televisores inteligentes y controles intuitivos a\u00f1ade un nivel de comodidad tecnol\u00f3gica que los viajeros m\u00e1s familiarizados con la tecnolog\u00eda aprecian especialmente.<\/span><\/div><div class=\"qwen-markdown-space\">\u00a0<\/div><h2 class=\"qwen-markdown-heading\"><span class=\"qwen-markdown-text\">Delicias culinarias y rituales matutinos<\/span><\/h2><div class=\"qwen-markdown-paragraph\"><span class=\"qwen-markdown-text\">Las experiencias gastron\u00f3micas son una parte crucial de cualquier estancia en un hotel, y los comentarios sobre el restaurante del hotel son abrumadoramente positivos. <\/span><strong class=\"qwen-markdown-strong\"><span class=\"qwen-markdown-text\">desayuno buffet<\/span><\/strong><span class=\"qwen-markdown-text\"> Se cita con frecuencia como uno de los momentos m\u00e1s destacados de la rutina matutina. Los hu\u00e9spedes elogian la variedad, destacando la perfecta combinaci\u00f3n de <\/span><strong class=\"qwen-markdown-strong\"><span class=\"qwen-markdown-text\">Favoritos del Oeste<\/span><\/strong><span class=\"qwen-markdown-text\"> (como pasteles frescos, huevos y caf\u00e9 de primera calidad) y <\/span><strong class=\"qwen-markdown-strong\"><span class=\"qwen-markdown-text\">aut\u00e9nticos platos chinos<\/span><\/strong><span class=\"qwen-markdown-text\"> que satisfacen tanto los gustos locales como los paladares internacionales. <\/span><\/div><div class=\"qwen-markdown-space\">\u00a0<\/div><div class=\"qwen-markdown-paragraph\"><span class=\"qwen-markdown-text\">Los hu\u00e9spedes suelen destacar la calidad del caf\u00e9 y la atenci\u00f3n del personal, que se asegura de que los platos se repongan r\u00e1pidamente y de que se atiendan las peticiones especiales de cada persona. Para quienes buscan relajarse tras un largo d\u00eda, el bar del vest\u00edbulo y las opciones gastron\u00f3micas informales ofrecen un ambiente distendido donde disfrutar de una comida ligera o una bebida refrescante con vistas al r\u00edo, creando as\u00ed un broche de oro para su jornada.<\/span><\/div><div class=\"qwen-markdown-space\">\u00a0<\/div><h2 class=\"qwen-markdown-heading\"><span class=\"qwen-markdown-text\">Un servicio que va m\u00e1s all\u00e1 de lo esperado.<\/span><\/h2><div class=\"qwen-markdown-paragraph\"><span class=\"qwen-markdown-text\">Quiz\u00e1s los testimonios m\u00e1s entusiastas giran en torno a: <\/span><strong class=\"qwen-markdown-strong\"><span class=\"qwen-markdown-text\">personal y servicio<\/span><\/strong><span class=\"qwen-markdown-text\">. En una regi\u00f3n conocida por su hospitalidad, el equipo del IntercityHotel Zhuhai Hengqin Tianmu River destaca por su profesionalismo y calidez. Los hu\u00e9spedes suelen comentar an\u00e9cdotas en las que el personal se esforz\u00f3 al m\u00e1ximo, ya fuera ayudando con el equipaje, proporcionando indicaciones detalladas para llegar a Chimelong, organizando taxis al puerto o ofreciendo consejos tur\u00edsticos locales. <\/span><\/div><div class=\"qwen-markdown-space\">\u00a0<\/div><div class=\"qwen-markdown-paragraph\"><span class=\"qwen-markdown-text\">El <\/span><strong class=\"qwen-markdown-strong\"><span class=\"qwen-markdown-text\">Recepci\u00f3n 24 horas<\/span><\/strong><span class=\"qwen-markdown-text\"> El hotel recibe elogios especiales por su capacidad de respuesta, brindando a los viajeros una atenci\u00f3n excepcional independientemente de su hora de llegada. Tambi\u00e9n destaca la eficiencia del equipo de limpieza, que mantiene las habitaciones impecables durante toda la estancia. Numerosas rese\u00f1as concluyen con un sentimiento de gratitud, afirmando que la amabilidad del personal los hizo sentir como hu\u00e9spedes valiosos, y no solo como n\u00fameros de habitaci\u00f3n.<\/span><\/div><div class=\"qwen-markdown-space\">\u00a0<\/div><h2 class=\"qwen-markdown-heading\"><span class=\"qwen-markdown-text\">\u00c1reas de mejora continua<\/span><\/h2><div class=\"qwen-markdown-paragraph\"><span class=\"qwen-markdown-text\">Como en cualquier establecimiento en crecimiento, las opiniones de los hu\u00e9spedes tambi\u00e9n ofrecen informaci\u00f3n valiosa para mejorar. Algunos han mencionado que, durante las temporadas altas, la popularidad del \u00e1rea de desayuno puede ocasionar breves esperas, aunque la calidad de la comida suele compensarlo. Otros han sugerido que la colocaci\u00f3n de se\u00f1alizaci\u00f3n adicional en varios idiomas dentro del complejo facilitar\u00eda la orientaci\u00f3n a quienes lo visitan por primera vez. Sin embargo, estos detalles menores suelen quedar eclipsados por la opini\u00f3n general positiva, y muchos hu\u00e9spedes afirman expl\u00edcitamente que volver\u00edan.<\/span><\/div><div class=\"qwen-markdown-space\">\u00a0<\/div><h2 class=\"qwen-markdown-heading\"><span class=\"qwen-markdown-text\">El veredicto: Una de las mejores opciones en Hengqin.<\/span><\/h2><div class=\"qwen-markdown-paragraph\"><span class=\"qwen-markdown-text\">Sintetizando las voces de cientos de viajeros, el <\/span><strong class=\"qwen-markdown-strong\"><span class=\"qwen-markdown-text\">IntercityHotel Zhuhai Hengqin R\u00edo Tianmu<\/span><\/strong><span class=\"qwen-markdown-text\"> Se consolida como un destino de primer nivel en Zhuhai. Logra combinar a la perfecci\u00f3n la eficiencia empresarial con el confort para el ocio. Tanto si eres un ejecutivo que necesita un espacio de trabajo fiable cerca de la zona de cooperaci\u00f3n, como si eres una familia que busca un punto de partida c\u00f3modo para explorar Chimelong y Macao, la opini\u00f3n general es clara: este hotel cumple con creces lo que promete.<\/span><\/div><div class=\"qwen-markdown-space\">\u00a0<\/div><div class=\"qwen-markdown-paragraph\" data-spm-anchor-id=\"a2ty_o01.29997173.0.i27.5c315171uMx9jI\"><span class=\"qwen-markdown-text\">Con su ubicaci\u00f3n estrat\u00e9gica en <\/span><strong class=\"qwen-markdown-strong\"><span class=\"qwen-markdown-text\">Carretera Haojiang<\/span><\/strong><span class=\"qwen-markdown-text\">, Con impresionantes vistas al r\u00edo, una gastronom\u00eda excepcional y un servicio atento, el IntercityHotel Zhuhai Hengqin Tianmu River se ha ganado la reputaci\u00f3n de ser uno de los favoritos entre los viajeros m\u00e1s exigentes. A medida que la zona de Hengqin contin\u00faa creciendo, este hotel sigue siendo una opci\u00f3n infalible para quienes buscan calidad, comodidad y una aut\u00e9ntica experiencia de hospitalidad en el coraz\u00f3n de Guangdong.<\/span><\/div>\t\t\t\t\t\t\t\t<\/div>\n\t\t\t\t\t<\/div>\n\t\t\t\t<\/div>\n\t\t\t\t<\/div>","protected":false},"excerpt":{"rendered":"<p>Real Voices, Real Stays: Unveiling Customer Experiences at IntercityHotel Zhuhai Hengqin Tianmu RiverIn the bustling heart of the Hengqin Guangdong-Macao In-Depth Cooperation Zone, choosing the right accommodation is about more than just a bed for the night; it\u2019s about finding a reliable partner for your journey. For travelers visiting Zhuhai, whether for business, family vacations [&hellip;]<\/p>\n","protected":false},"author":1,"featured_media":0,"parent":0,"menu_order":0,"comment_status":"closed","ping_status":"closed","template":"","meta":{"footnotes":""},"class_list":["post-2106","page","type-page","status-publish","hentry","post-no-thumbnail"],"_links":{"self":[{"href":"https:\/\/hengqin-tianmu-river.intercityhotelzhuhai.com\/es\/wp-json\/wp\/v2\/pages\/2106","targetHints":{"allow":["GET"]}}],"collection":[{"href":"https:\/\/hengqin-tianmu-river.intercityhotelzhuhai.com\/es\/wp-json\/wp\/v2\/pages"}],"about":[{"href":"https:\/\/hengqin-tianmu-river.intercityhotelzhuhai.com\/es\/wp-json\/wp\/v2\/types\/page"}],"author":[{"embeddable":true,"href":"https:\/\/hengqin-tianmu-river.intercityhotelzhuhai.com\/es\/wp-json\/wp\/v2\/users\/1"}],"replies":[{"embeddable":true,"href":"https:\/\/hengqin-tianmu-river.intercityhotelzhuhai.com\/es\/wp-json\/wp\/v2\/comments?post=2106"}],"version-history":[{"count":0,"href":"https:\/\/hengqin-tianmu-river.intercityhotelzhuhai.com\/es\/wp-json\/wp\/v2\/pages\/2106\/revisions"}],"wp:attachment":[{"href":"https:\/\/hengqin-tianmu-river.intercityhotelzhuhai.com\/es\/wp-json\/wp\/v2\/media?parent=2106"}],"curies":[{"name":"wp","href":"https:\/\/api.w.org\/{rel}","templated":true}]}}