{"id":2109,"date":"2021-03-26T08:35:58","date_gmt":"2021-03-26T08:35:58","guid":{"rendered":"http:\/\/localhost\/nuss\/?page_id=536"},"modified":"2026-03-17T06:40:29","modified_gmt":"2026-03-17T06:40:29","slug":"instalaciones-comerciales","status":"publish","type":"page","link":"https:\/\/hengqin-tianmu-river.intercityhotelzhuhai.com\/es\/business-facilities\/","title":{"rendered":"Instalaciones comerciales"},"content":{"rendered":"<div data-elementor-type=\"wp-page\" data-elementor-id=\"2109\" class=\"elementor elementor-2109\">\n\t\t\t\t\t\t<section class=\"elementor-section elementor-top-section elementor-element elementor-element-bb2901b elementor-section-boxed elementor-section-gap-beside-yes elementor-section-height-default elementor-section-height-default elementor-section-column-vertical-align-stretch\" data-id=\"bb2901b\" data-element_type=\"section\" data-e-type=\"section\">\n\t\t\t\t\t\t<div class=\"elementor-container elementor-column-gap-extended\">\n\t\t\t\t\t<div class=\"elementor-column elementor-col-100 elementor-top-column elementor-element elementor-element-1919db9\" data-id=\"1919db9\" data-element_type=\"column\" data-e-type=\"column\">\n\t\t\t<div class=\"elementor-widget-wrap elementor-element-populated\">\n\t\t\t\t\t\t<div class=\"elementor-element elementor-element-41a7b9c elementor-widget__width-initial elementor-invisible elementor-widget elementor-widget-text-editor\" data-id=\"41a7b9c\" data-element_type=\"widget\" data-e-type=\"widget\" data-settings=\"{&quot;_animation&quot;:&quot;nussFadeInUp&quot;}\" data-widget_type=\"text-editor.default\">\n\t\t\t\t\t\t\t\t\tImpulse su empresa: Instalaciones empresariales de primer nivel en el IntercityHotel Zhuhai Hengqin Tianmu River.\t\t\t\t\t\t\t\t<\/div>\n\t\t\t\t\t<\/div>\n\t\t<\/div>\n\t\t\t\t\t<\/div>\n\t\t<\/section>\n\t\t<div class=\"elementor-element elementor-element-17d2976 e-flex e-con-boxed e-con e-parent\" data-id=\"17d2976\" data-element_type=\"container\" data-e-type=\"container\">\n\t\t\t\t\t<div class=\"e-con-inner\">\n\t\t\t\t<div class=\"elementor-element elementor-element-401c3d8 elementor-widget elementor-widget-image\" data-id=\"401c3d8\" data-element_type=\"widget\" data-e-type=\"widget\" data-widget_type=\"image.default\">\n\t\t\t\t\t\t\t\t\t\t\t\t\t\t\t<img fetchpriority=\"high\" decoding=\"async\" width=\"1024\" height=\"768\" src=\"https:\/\/hengqin-tianmu-river.intercityhotelzhuhai.com\/wp-content\/uploads\/2026\/03\/IntercityHotel-Zhuhai-Hengqin-Tianmu-River-45-1024x768.webp\" class=\"attachment-large size-large wp-image-5590\" alt=\"\" srcset=\"https:\/\/hengqin-tianmu-river.intercityhotelzhuhai.com\/wp-content\/uploads\/2026\/03\/IntercityHotel-Zhuhai-Hengqin-Tianmu-River-45-1024x768.webp 1024w, https:\/\/hengqin-tianmu-river.intercityhotelzhuhai.com\/wp-content\/uploads\/2026\/03\/IntercityHotel-Zhuhai-Hengqin-Tianmu-River-45-300x225.webp 300w, https:\/\/hengqin-tianmu-river.intercityhotelzhuhai.com\/wp-content\/uploads\/2026\/03\/IntercityHotel-Zhuhai-Hengqin-Tianmu-River-45-768x576.webp 768w, https:\/\/hengqin-tianmu-river.intercityhotelzhuhai.com\/wp-content\/uploads\/2026\/03\/IntercityHotel-Zhuhai-Hengqin-Tianmu-River-45.webp 1137w\" sizes=\"(max-width: 1024px) 100vw, 1024px\" \/>\t\t\t\t\t\t\t\t\t\t\t\t\t\t\t<\/div>\n\t\t\t\t\t<\/div>\n\t\t\t\t<\/div>\n\t\t<div class=\"elementor-element elementor-element-83e5d19 e-flex e-con-boxed e-con e-parent\" data-id=\"83e5d19\" data-element_type=\"container\" data-e-type=\"container\">\n\t\t\t\t\t<div class=\"e-con-inner\">\n\t\t\t\t<div class=\"elementor-element elementor-element-d72093a elementor-widget elementor-widget-text-editor\" data-id=\"d72093a\" data-element_type=\"widget\" data-e-type=\"widget\" data-widget_type=\"text-editor.default\">\n\t\t\t\t\t\t\t\t\t<div class=\"qwen-markdown-paragraph\"><span class=\"qwen-markdown-text\">En el panorama de r\u00e1pida evoluci\u00f3n de la <\/span><strong class=\"qwen-markdown-strong\"><span class=\"qwen-markdown-text\">Zona de Cooperaci\u00f3n Profunda Guangdong-Macao<\/span><\/strong><span class=\"qwen-markdown-text\">, El \u00e9xito exige un entorno que fomente la productividad, la conectividad y una eficiencia impecable. <\/span><strong class=\"qwen-markdown-strong\"><span class=\"qwen-markdown-text\">IntercityHotel Zhuhai Hengqin R\u00edo Tianmu<\/span><\/strong><span class=\"qwen-markdown-text\">, Ubicado en la habitaci\u00f3n 101 del edificio Yuxin, en la calle Haojiang del distrito de Xiangzhou, este hotel se erige como un referente para los profesionales modernos. Dise\u00f1ado pensando en el viajero de negocios exigente, este hotel trasciende el alojamiento tradicional al ofrecer una completa gama de instalaciones para negocios que combinan la precisi\u00f3n de la ingenier\u00eda alemana con la energ\u00eda din\u00e1mica del centro econ\u00f3mico de Zhuhai.<\/span><\/div><div class=\"qwen-markdown-space\">\u00a0<\/div><h2 class=\"qwen-markdown-heading\"><span class=\"qwen-markdown-text\">Un centro estrat\u00e9gico para el comercio transfronterizo<\/span><\/h2><div class=\"qwen-markdown-paragraph\"><span class=\"qwen-markdown-text\">Situado en el coraz\u00f3n de <\/span><strong class=\"qwen-markdown-strong\"><span class=\"qwen-markdown-text\">Hengqin<\/span><\/strong><span class=\"qwen-markdown-text\">, el IntercityHotel sirve como algo m\u00e1s que un lugar para dormir; es un centro de mando estrat\u00e9gico para ejecutivos que operan entre China continental y Macao. Su ubicaci\u00f3n en <\/span><strong class=\"qwen-markdown-strong\"><span class=\"qwen-markdown-text\">Carretera Haojiang<\/span><\/strong><span class=\"qwen-markdown-text\"> El hotel sit\u00faa a sus hu\u00e9spedes a pocos minutos de importantes oficinas gubernamentales, parques tecnol\u00f3gicos emergentes y el puerto de Hengqin. Para las empresas que operan en la compleja regi\u00f3n de la Gran Bah\u00eda, la proximidad es una ventaja inmediata. Tanto si participa en negociaciones de alto nivel en la zona de cooperaci\u00f3n como si gestiona la log\u00edstica del comercio transfronterizo, su oficina se extiende, en la pr\u00e1ctica, a la sofisticada infraestructura del hotel.<\/span><\/div><div class=\"qwen-markdown-space\">\u00a0<\/div><h2 class=\"qwen-markdown-heading\"><span class=\"qwen-markdown-text\">Conectividad de alta velocidad e infraestructura digital<\/span><\/h2><div class=\"qwen-markdown-paragraph\"><span class=\"qwen-markdown-text\">En la econom\u00eda digital actual, un internet fiable no es un lujo, es vital. El IntercityHotel Zhuhai Hengqin Tianmu River garantiza que las operaciones comerciales nunca se detengan debido a limitaciones t\u00e9cnicas. Todo el establecimiento, desde el vest\u00edbulo hasta las habitaciones, est\u00e1 equipado con <\/span><strong class=\"qwen-markdown-strong\"><span class=\"qwen-markdown-text\">Wi-Fi de alta velocidad de nivel empresarial<\/span><\/strong><span class=\"qwen-markdown-text\">. Esta robusta red admite tareas que requieren un gran ancho de banda, como transferencias de archivos grandes, videoconferencias n\u00edtidas y colaboraci\u00f3n en la nube en tiempo real sin latencia.<\/span><\/div><div class=\"qwen-markdown-space\">\u00a0<\/div><div class=\"qwen-markdown-paragraph\"><span class=\"qwen-markdown-text\">Para aquellos que requieren un espacio de trabajo dedicado, el hotel cuenta con un dise\u00f1o cuidadosamente pensado. <\/span><strong class=\"qwen-markdown-strong\"><span class=\"qwen-markdown-text\">estaciones de trabajo en la habitaci\u00f3n<\/span><\/strong><span class=\"qwen-markdown-text\">. Cada habitaci\u00f3n est\u00e1 dise\u00f1ada con asientos ergon\u00f3micos, amplio espacio de escritorio y tomas de corriente y puertos de carga USB estrat\u00e9gicamente ubicados, lo que permite a los hu\u00e9spedes transformar sus habitaciones privadas en una oficina m\u00f3vil totalmente funcional al instante.<\/span><\/div><div class=\"qwen-markdown-space\">\u00a0<\/div><h2 class=\"qwen-markdown-heading\"><span class=\"qwen-markdown-text\">Espacios din\u00e1micos para reuniones y colaboraci\u00f3n<\/span><\/h2><div class=\"qwen-markdown-paragraph\"><span class=\"qwen-markdown-text\">Si bien muchos hoteles ofrecen salas de conferencias gen\u00e9ricas, el IntercityHotel Zhuhai Hengqin Tianmu River brinda espacios vers\u00e1tiles adaptados a las diversas necesidades corporativas. Las instalaciones para reuniones del hotel est\u00e1n dise\u00f1adas para acoger desde consultas individuales \u00edntimas hasta reuniones de junta directiva de tama\u00f1o mediano y sesiones de lluvia de ideas en equipo.<\/span><\/div><div class=\"qwen-markdown-space\">\u00a0<\/div><ul class=\"qwen-markdown-list\" dir=\"auto\"><li><strong class=\"qwen-markdown-strong\"><span class=\"qwen-markdown-text\">Configuraci\u00f3n flexible:<\/span><\/strong><span class=\"qwen-markdown-text\"> Las zonas de reuniones se pueden reconfigurar para adaptarse a las necesidades espec\u00edficas de cada evento, garantizando que la distribuci\u00f3n se ajuste al tono de la reuni\u00f3n, ya sea formal o colaborativa.<\/span><\/li><li><strong class=\"qwen-markdown-strong\"><span class=\"qwen-markdown-text\">Tecnolog\u00eda audiovisual de \u00faltima generaci\u00f3n:<\/span><\/strong><span class=\"qwen-markdown-text\"> Equipados con modernos sistemas audiovisuales, que incluyen proyectores de alta definici\u00f3n, pantallas inteligentes y sistemas de sonido superiores, estos espacios garantizan que sus presentaciones se realicen con impacto y claridad.<\/span><\/li><li><strong class=\"qwen-markdown-strong\"><span class=\"qwen-markdown-text\">Ambiente profesional:<\/span><\/strong><span class=\"qwen-markdown-text\"> La est\u00e9tica del dise\u00f1o minimiza las distracciones a la vez que maximiza la concentraci\u00f3n, utilizando luz natural siempre que sea posible e insonorizaci\u00f3n para garantizar la privacidad en conversaciones delicadas.<\/span><\/li><\/ul><div class=\"qwen-markdown-space\">\u00a0<\/div><h2 class=\"qwen-markdown-heading\"><span class=\"qwen-markdown-text\">El concepto de \u201coficina m\u00f3vil\u201d y los espacios de trabajo en el vest\u00edbulo.<\/span><\/h2><div class=\"qwen-markdown-paragraph\"><span class=\"qwen-markdown-text\">Reconociendo que los negocios no siempre se realizan a puerta cerrada, el hotel maximiza sus \u00e1reas comunes para el trabajo productivo. <\/span><strong class=\"qwen-markdown-strong\"><span class=\"qwen-markdown-text\">vest\u00edbulo y zonas de estar<\/span><\/strong><span class=\"qwen-markdown-text\"> Estos espacios est\u00e1n dise\u00f1ados para funcionar como extensiones de espacios de coworking. Con c\u00f3modos asientos, iluminaci\u00f3n ambiental y f\u00e1cil acceso a refrigerios, son perfectos para reuniones informales, esperar clientes o revisar correos electr\u00f3nicos entre citas. El ambiente logra un equilibrio perfecto entre profesionalismo y comodidad, fomentando la creatividad y el networking.<\/span><\/div><div class=\"qwen-markdown-space\">\u00a0<\/div><h2 class=\"qwen-markdown-heading\"><span class=\"qwen-markdown-text\">Servicios de soporte integrales para ejecutivos ocupados.<\/span><\/h2><div class=\"qwen-markdown-paragraph\"><span class=\"qwen-markdown-text\">La verdadera eficiencia empresarial reside en los detalles. El IntercityHotel Zhuhai Hengqin Tianmu River ofrece una gama de servicios de apoyo dise\u00f1ados para optimizar su flujo de trabajo:<\/span><\/div><div class=\"qwen-markdown-space\">\u00a0<\/div><ul class=\"qwen-markdown-list\" dir=\"auto\"><li><strong class=\"qwen-markdown-strong\"><span class=\"qwen-markdown-text\">Recepci\u00f3n y conserjer\u00eda las 24 horas:<\/span><\/strong><span class=\"qwen-markdown-text\"> Nuestro personal multiling\u00fce est\u00e1 disponible las 24 horas para ayudarle con impresiones de \u00faltima hora, servicios de mensajer\u00eda, organizaci\u00f3n del transporte a la estaci\u00f3n de Hengqin o al aeropuerto y asistencia con la traducci\u00f3n.<\/span><\/li><li><strong class=\"qwen-markdown-strong\"><span class=\"qwen-markdown-text\">Registro de entrada\/salida expr\u00e9s:<\/span><\/strong><span class=\"qwen-markdown-text\"> Conscientes de que el tiempo es oro, el hotel utiliza procesos de registro digital eficientes para minimizar los tiempos de espera, permiti\u00e9ndole llegar a su reuni\u00f3n o a su pr\u00f3ximo destino m\u00e1s r\u00e1pidamente.<\/span><\/li><li><strong class=\"qwen-markdown-strong\"><span class=\"qwen-markdown-text\">Lavander\u00eda y cuidado de las prendas:<\/span><\/strong><span class=\"qwen-markdown-text\"> Con los servicios de lavander\u00eda y planchado en el mismo d\u00eda, los ejecutivos pueden asegurarse de estar siempre impecables para las reuniones o cenas importantes con clientes.<\/span><\/li><li><strong class=\"qwen-markdown-strong\"><span class=\"qwen-markdown-text\">Servicio de catering para eventos empresariales:<\/span><\/strong><span class=\"qwen-markdown-text\"> Desde desayunos de trabajo hasta pausas para el caf\u00e9 durante largas sesiones de estrategia, el equipo culinario del hotel ofrece opciones de catering personalizadas que mantienen a los equipos con energ\u00eda y concentrados.<\/span><\/li><\/ul><div class=\"qwen-markdown-space\">\u00a0<\/div><h2 class=\"qwen-markdown-heading\"><span class=\"qwen-markdown-text\">\u00bfPor qu\u00e9 elegir IntercityHotel para su pr\u00f3ximo viaje de negocios?<\/span><\/h2><div class=\"qwen-markdown-paragraph\"><span class=\"qwen-markdown-text\">Al seleccionar alojamiento en el <\/span><strong class=\"qwen-markdown-strong\"><span class=\"qwen-markdown-text\">Zona de Cooperaci\u00f3n Profunda entre Guangdong y Macao de Hengqin<\/span><\/strong><span class=\"qwen-markdown-text\">, En \u00faltima instancia, la elecci\u00f3n se reduce a qu\u00e9 socio puede brindar el mejor apoyo a sus objetivos profesionales. <\/span><strong class=\"qwen-markdown-strong\"><span class=\"qwen-markdown-text\">IntercityHotel Zhuhai Hengqin R\u00edo Tianmu<\/span><\/strong><span class=\"qwen-markdown-text\"> Se distingue por su firme compromiso con la funcionalidad, la rapidez y la comodidad. Es un espacio dise\u00f1ado para el ritmo del comercio moderno, que ofrece un refugio donde los viajeros de negocios pueden recargar energ\u00edas, conectarse y ejecutar sus estrategias con confianza.<\/span><\/div><div class=\"qwen-markdown-space\">\u00a0<\/div><div class=\"qwen-markdown-paragraph\" data-spm-anchor-id=\"a2ty_o01.29997173.0.i33.5c315171uMx9jI\"><span class=\"qwen-markdown-text\">Tanto si eres un emprendedor individual que cierra un trato en Zhuhai, un ejecutivo del sector tecnol\u00f3gico que explora oportunidades en la Gran \u00c1rea de la Bah\u00eda o un equipo corporativo que facilita proyectos transfronterizos, nuestras instalaciones empresariales te brindan la base que necesitas para triunfar. Experimenta la sinergia entre ubicaci\u00f3n, tecnolog\u00eda y servicio en el IntercityHotel Zhuhai Hengqin Tianmu River, donde tu negocio prospera.<\/span><\/div>\t\t\t\t\t\t\t\t<\/div>\n\t\t\t\t\t<\/div>\n\t\t\t\t<\/div>\n\t\t\t\t<\/div>","protected":false},"excerpt":{"rendered":"<p>Elevate Your Enterprise: Premier Business Facilities at IntercityHotel Zhuhai Hengqin Tianmu River In the rapidly evolving landscape of the Guangdong-Macao In-Depth Cooperation Zone, success demands an environment that fosters productivity, connectivity, and seamless efficiency. The IntercityHotel Zhuhai Hengqin Tianmu River, located at Room 101, Yuxin Building, Haojiang Road in Xiangzhou District, stands as a beacon [&hellip;]<\/p>\n","protected":false},"author":1,"featured_media":0,"parent":0,"menu_order":0,"comment_status":"closed","ping_status":"closed","template":"elementor_header_footer","meta":{"footnotes":""},"class_list":["post-2109","page","type-page","status-publish","hentry","post-no-thumbnail"],"_links":{"self":[{"href":"https:\/\/hengqin-tianmu-river.intercityhotelzhuhai.com\/es\/wp-json\/wp\/v2\/pages\/2109","targetHints":{"allow":["GET"]}}],"collection":[{"href":"https:\/\/hengqin-tianmu-river.intercityhotelzhuhai.com\/es\/wp-json\/wp\/v2\/pages"}],"about":[{"href":"https:\/\/hengqin-tianmu-river.intercityhotelzhuhai.com\/es\/wp-json\/wp\/v2\/types\/page"}],"author":[{"embeddable":true,"href":"https:\/\/hengqin-tianmu-river.intercityhotelzhuhai.com\/es\/wp-json\/wp\/v2\/users\/1"}],"replies":[{"embeddable":true,"href":"https:\/\/hengqin-tianmu-river.intercityhotelzhuhai.com\/es\/wp-json\/wp\/v2\/comments?post=2109"}],"version-history":[{"count":0,"href":"https:\/\/hengqin-tianmu-river.intercityhotelzhuhai.com\/es\/wp-json\/wp\/v2\/pages\/2109\/revisions"}],"wp:attachment":[{"href":"https:\/\/hengqin-tianmu-river.intercityhotelzhuhai.com\/es\/wp-json\/wp\/v2\/media?parent=2109"}],"curies":[{"name":"wp","href":"https:\/\/api.w.org\/{rel}","templated":true}]}}