{"id":612,"date":"2021-03-26T10:04:13","date_gmt":"2021-03-26T10:04:13","guid":{"rendered":"http:\/\/localhost\/nuss\/?page_id=612"},"modified":"2026-03-17T06:41:03","modified_gmt":"2026-03-17T06:41:03","slug":"restaurante","status":"publish","type":"page","link":"https:\/\/hengqin-tianmu-river.intercityhotelzhuhai.com\/es\/restaurant\/","title":{"rendered":"Restaurante"},"content":{"rendered":"<div data-elementor-type=\"wp-page\" data-elementor-id=\"612\" class=\"elementor elementor-612\">\n\t\t\t\t\t\t<section class=\"elementor-section elementor-top-section elementor-element elementor-element-e2effe8 elementor-section-boxed elementor-section-gap-beside-yes elementor-section-height-default elementor-section-height-default elementor-section-column-vertical-align-stretch\" data-id=\"e2effe8\" data-element_type=\"section\" data-e-type=\"section\">\n\t\t\t\t\t\t<div class=\"elementor-container elementor-column-gap-extended\">\n\t\t\t\t\t<div class=\"elementor-column elementor-col-100 elementor-top-column elementor-element elementor-element-e18f688\" data-id=\"e18f688\" data-element_type=\"column\" data-e-type=\"column\">\n\t\t\t<div class=\"elementor-widget-wrap elementor-element-populated\">\n\t\t\t\t\t\t<div class=\"elementor-element elementor-element-6db146d elementor-widget__width-initial elementor-invisible elementor-widget elementor-widget-text-editor\" data-id=\"6db146d\" data-element_type=\"widget\" data-e-type=\"widget\" data-settings=\"{&quot;_animation&quot;:&quot;nussFadeInUp&quot;}\" data-widget_type=\"text-editor.default\">\n\t\t\t\t\t\t\t\t\tFusi\u00f3n culinaria en el coraz\u00f3n de Hengqin: Cena en el IntercityHotel Zhuhai Hengqin Tianmu River\t\t\t\t\t\t\t\t<\/div>\n\t\t\t\t\t<\/div>\n\t\t<\/div>\n\t\t\t\t\t<\/div>\n\t\t<\/section>\n\t\t<div class=\"elementor-element elementor-element-7094557 e-flex e-con-boxed e-con e-parent\" data-id=\"7094557\" data-element_type=\"container\" data-e-type=\"container\">\n\t\t\t\t\t<div class=\"e-con-inner\">\n\t\t\t\t<div class=\"elementor-element elementor-element-8bdb6b1 elementor-widget elementor-widget-nuss-image-gallery\" data-id=\"8bdb6b1\" data-element_type=\"widget\" data-e-type=\"widget\" data-widget_type=\"nuss-image-gallery.default\">\n\t\t\t\t<div class=\"elementor-widget-container\">\n\t\t\t\t\t\t\t<div class=\"nuss-grid-wrapper\" data-grid=\"{&quot;type&quot;:&quot;grid&quot;,&quot;ratio&quot;:null,&quot;columns&quot;:3,&quot;gutter&quot;:30}\">\r\n\t\t\t<div class=\"nuss-grid lazy-grid\">\r\n\t\t\t\t<div class=\"grid-sizer\"><\/div>\r\n\r\n\t\t\t\t\t\t\t\t\t\t\t\t<div class=\"grid-item\">\r\n\t\t\t\t\t\t<div class=\"nuss-box\">\t\t<div class=\"nuss-image image\">\r\n\t\t\t<img decoding=\"async\"  src=\"https:\/\/hengqin-tianmu-river.intercityhotelzhuhai.com\/wp-content\/uploads\/2026\/03\/IntercityHotel-Zhuhai-Hengqin-Tianmu-River-6.webp\" alt=\"IntercityHotel Zhuhai Hengqin R\u00edo Tianmu (6)\" \/>\t\t<\/div>\r\n\t\t\t\t<\/div>\t\t\t\t\t<\/div>\r\n\t\t\t\t\t\t<div class=\"grid-item\">\r\n\t\t\t\t\t\t<div class=\"nuss-box\">\t\t<div class=\"nuss-image image\">\r\n\t\t\t<img decoding=\"async\"  src=\"https:\/\/hengqin-tianmu-river.intercityhotelzhuhai.com\/wp-content\/uploads\/2026\/03\/IntercityHotel-Zhuhai-Hengqin-Tianmu-River-69.webp\" alt=\"IntercityHotel Zhuhai Hengqin R\u00edo Tianmu (69)\" \/>\t\t<\/div>\r\n\t\t\t\t<\/div>\t\t\t\t\t<\/div>\r\n\t\t\t\t\t\t<div class=\"grid-item\">\r\n\t\t\t\t\t\t<div class=\"nuss-box\">\t\t<div class=\"nuss-image image\">\r\n\t\t\t<img decoding=\"async\"  src=\"https:\/\/hengqin-tianmu-river.intercityhotelzhuhai.com\/wp-content\/uploads\/2026\/03\/IntercityHotel-Zhuhai-Hengqin-Tianmu-River-72.webp\" alt=\"IntercityHotel Zhuhai Hengqin R\u00edo Tianmu (72)\" \/>\t\t<\/div>\r\n\t\t\t\t<\/div>\t\t\t\t\t<\/div>\r\n\t\t\t\t\t\t<div class=\"grid-item\">\r\n\t\t\t\t\t\t<div class=\"nuss-box\">\t\t<div class=\"nuss-image image\">\r\n\t\t\t<img decoding=\"async\"  src=\"https:\/\/hengqin-tianmu-river.intercityhotelzhuhai.com\/wp-content\/uploads\/2026\/03\/IntercityHotel-Zhuhai-Hengqin-Tianmu-River-74.webp\" alt=\"IntercityHotel Zhuhai Hengqin R\u00edo Tianmu (74)\" \/>\t\t<\/div>\r\n\t\t\t\t<\/div>\t\t\t\t\t<\/div>\r\n\t\t\t\t\t\t<div class=\"grid-item\">\r\n\t\t\t\t\t\t<div class=\"nuss-box\">\t\t<div class=\"nuss-image image\">\r\n\t\t\t<img decoding=\"async\"  src=\"https:\/\/hengqin-tianmu-river.intercityhotelzhuhai.com\/wp-content\/uploads\/2026\/03\/IntercityHotel-Zhuhai-Hengqin-Tianmu-River-68.webp\" alt=\"IntercityHotel Zhuhai Hengqin R\u00edo Tianmu (68)\" \/>\t\t<\/div>\r\n\t\t\t\t<\/div>\t\t\t\t\t<\/div>\r\n\t\t\t\t\t\t<div class=\"grid-item\">\r\n\t\t\t\t\t\t<div class=\"nuss-box\">\t\t<div class=\"nuss-image image\">\r\n\t\t\t<img decoding=\"async\"  src=\"https:\/\/hengqin-tianmu-river.intercityhotelzhuhai.com\/wp-content\/uploads\/2026\/03\/IntercityHotel-Zhuhai-Hengqin-Tianmu-River-66.webp\" alt=\"IntercityHotel Zhuhai Hengqin R\u00edo Tianmu (66)\" \/>\t\t<\/div>\r\n\t\t\t\t<\/div>\t\t\t\t\t<\/div>\r\n\t\t\t\t\t\t<div class=\"grid-item\">\r\n\t\t\t\t\t\t<div class=\"nuss-box\">\t\t<div class=\"nuss-image image\">\r\n\t\t\t<img decoding=\"async\"  src=\"https:\/\/hengqin-tianmu-river.intercityhotelzhuhai.com\/wp-content\/uploads\/2026\/03\/IntercityHotel-Zhuhai-Hengqin-Tianmu-River-64.webp\" alt=\"IntercityHotel Zhuhai Hengqin R\u00edo Tianmu (64)\" \/>\t\t<\/div>\r\n\t\t\t\t<\/div>\t\t\t\t\t<\/div>\r\n\t\t\t\t\t\t<div class=\"grid-item\">\r\n\t\t\t\t\t\t<div class=\"nuss-box\">\t\t<div class=\"nuss-image image\">\r\n\t\t\t<img decoding=\"async\"  src=\"https:\/\/hengqin-tianmu-river.intercityhotelzhuhai.com\/wp-content\/uploads\/2026\/03\/IntercityHotel-Zhuhai-Hengqin-Tianmu-River-65.webp\" alt=\"IntercityHotel Zhuhai Hengqin R\u00edo Tianmu (65)\" \/>\t\t<\/div>\r\n\t\t\t\t<\/div>\t\t\t\t\t<\/div>\r\n\t\t\t\t\t\t<div class=\"grid-item\">\r\n\t\t\t\t\t\t<div class=\"nuss-box\">\t\t<div class=\"nuss-image image\">\r\n\t\t\t<img decoding=\"async\"  src=\"https:\/\/hengqin-tianmu-river.intercityhotelzhuhai.com\/wp-content\/uploads\/2026\/03\/IntercityHotel-Zhuhai-Hengqin-Tianmu-River-63.webp\" alt=\"IntercityHotel Zhuhai Hengqin R\u00edo Tianmu (63)\" \/>\t\t<\/div>\r\n\t\t\t\t<\/div>\t\t\t\t\t<\/div>\r\n\t\t\t\t\t\t<div class=\"grid-item\">\r\n\t\t\t\t\t\t<div class=\"nuss-box\">\t\t<div class=\"nuss-image image\">\r\n\t\t\t<img decoding=\"async\"  src=\"https:\/\/hengqin-tianmu-river.intercityhotelzhuhai.com\/wp-content\/uploads\/2026\/03\/IntercityHotel-Zhuhai-Hengqin-Tianmu-River-62.webp\" alt=\"IntercityHotel Zhuhai Hengqin R\u00edo Tianmu (62)\" \/>\t\t<\/div>\r\n\t\t\t\t<\/div>\t\t\t\t\t<\/div>\r\n\t\t\t\t\t\t<div class=\"grid-item\">\r\n\t\t\t\t\t\t<div class=\"nuss-box\">\t\t<div class=\"nuss-image image\">\r\n\t\t\t<img decoding=\"async\"  src=\"https:\/\/hengqin-tianmu-river.intercityhotelzhuhai.com\/wp-content\/uploads\/2026\/03\/IntercityHotel-Zhuhai-Hengqin-Tianmu-River-61.webp\" alt=\"IntercityHotel Zhuhai Hengqin R\u00edo Tianmu (61)\" \/>\t\t<\/div>\r\n\t\t\t\t<\/div>\t\t\t\t\t<\/div>\r\n\t\t\t\t\t\t<div class=\"grid-item\">\r\n\t\t\t\t\t\t<div class=\"nuss-box\">\t\t<div class=\"nuss-image image\">\r\n\t\t\t<img decoding=\"async\"  src=\"https:\/\/hengqin-tianmu-river.intercityhotelzhuhai.com\/wp-content\/uploads\/2026\/03\/IntercityHotel-Zhuhai-Hengqin-Tianmu-River-59.webp\" alt=\"IntercityHotel Zhuhai Hengqin R\u00edo Tianmu (59)\" \/>\t\t<\/div>\r\n\t\t\t\t<\/div>\t\t\t\t\t<\/div>\r\n\t\t\t\t\t\t<div class=\"grid-item\">\r\n\t\t\t\t\t\t<div class=\"nuss-box\">\t\t<div class=\"nuss-image image\">\r\n\t\t\t<img decoding=\"async\"  src=\"https:\/\/hengqin-tianmu-river.intercityhotelzhuhai.com\/wp-content\/uploads\/2026\/03\/IntercityHotel-Zhuhai-Hengqin-Tianmu-River-60.webp\" alt=\"IntercityHotel Zhuhai Hengqin R\u00edo Tianmu (60)\" \/>\t\t<\/div>\r\n\t\t\t\t<\/div>\t\t\t\t\t<\/div>\r\n\t\t\t\t\t\t<div class=\"grid-item\">\r\n\t\t\t\t\t\t<div class=\"nuss-box\">\t\t<div class=\"nuss-image image\">\r\n\t\t\t<img decoding=\"async\"  src=\"https:\/\/hengqin-tianmu-river.intercityhotelzhuhai.com\/wp-content\/uploads\/2026\/03\/IntercityHotel-Zhuhai-Hengqin-Tianmu-River-58.webp\" alt=\"IntercityHotel Zhuhai Hengqin R\u00edo Tianmu (58)\" \/>\t\t<\/div>\r\n\t\t\t\t<\/div>\t\t\t\t\t<\/div>\r\n\t\t\t\t\t\t<div class=\"grid-item\">\r\n\t\t\t\t\t\t<div class=\"nuss-box\">\t\t<div class=\"nuss-image image\">\r\n\t\t\t<img decoding=\"async\"  src=\"https:\/\/hengqin-tianmu-river.intercityhotelzhuhai.com\/wp-content\/uploads\/2026\/03\/IntercityHotel-Zhuhai-Hengqin-Tianmu-River-57.webp\" alt=\"IntercityHotel Zhuhai Hengqin R\u00edo Tianmu (57)\" \/>\t\t<\/div>\r\n\t\t\t\t<\/div>\t\t\t\t\t<\/div>\r\n\t\t\t\t\t\t<div class=\"grid-item\">\r\n\t\t\t\t\t\t<div class=\"nuss-box\">\t\t<div class=\"nuss-image image\">\r\n\t\t\t<img decoding=\"async\"  src=\"https:\/\/hengqin-tianmu-river.intercityhotelzhuhai.com\/wp-content\/uploads\/2026\/03\/IntercityHotel-Zhuhai-Hengqin-Tianmu-River-56.webp\" alt=\"IntercityHotel Zhuhai Hengqin R\u00edo Tianmu (56)\" \/>\t\t<\/div>\r\n\t\t\t\t<\/div>\t\t\t\t\t<\/div>\r\n\t\t\t\t\t\t<div class=\"grid-item\">\r\n\t\t\t\t\t\t<div class=\"nuss-box\">\t\t<div class=\"nuss-image image\">\r\n\t\t\t<img decoding=\"async\"  src=\"https:\/\/hengqin-tianmu-river.intercityhotelzhuhai.com\/wp-content\/uploads\/2026\/03\/IntercityHotel-Zhuhai-Hengqin-Tianmu-River-54.webp\" alt=\"IntercityHotel Zhuhai Hengqin R\u00edo Tianmu (54)\" \/>\t\t<\/div>\r\n\t\t\t\t<\/div>\t\t\t\t\t<\/div>\r\n\t\t\t\t\t\t<div class=\"grid-item\">\r\n\t\t\t\t\t\t<div class=\"nuss-box\">\t\t<div class=\"nuss-image image\">\r\n\t\t\t<img decoding=\"async\"  src=\"https:\/\/hengqin-tianmu-river.intercityhotelzhuhai.com\/wp-content\/uploads\/2026\/03\/IntercityHotel-Zhuhai-Hengqin-Tianmu-River-55.webp\" alt=\"IntercityHotel Zhuhai Hengqin R\u00edo Tianmu (55)\" \/>\t\t<\/div>\r\n\t\t\t\t<\/div>\t\t\t\t\t<\/div>\r\n\t\t\t\t\t\t<div class=\"grid-item\">\r\n\t\t\t\t\t\t<div class=\"nuss-box\">\t\t<div class=\"nuss-image image\">\r\n\t\t\t<img decoding=\"async\"  src=\"https:\/\/hengqin-tianmu-river.intercityhotelzhuhai.com\/wp-content\/uploads\/2026\/03\/IntercityHotel-Zhuhai-Hengqin-Tianmu-River-53.webp\" alt=\"IntercityHotel Zhuhai Hengqin R\u00edo Tianmu (53)\" \/>\t\t<\/div>\r\n\t\t\t\t<\/div>\t\t\t\t\t<\/div>\r\n\t\t\t\t\t\t<div class=\"grid-item\">\r\n\t\t\t\t\t\t<div class=\"nuss-box\">\t\t<div class=\"nuss-image image\">\r\n\t\t\t<img decoding=\"async\"  src=\"https:\/\/hengqin-tianmu-river.intercityhotelzhuhai.com\/wp-content\/uploads\/2026\/03\/IntercityHotel-Zhuhai-Hengqin-Tianmu-River-49.webp\" alt=\"IntercityHotel Zhuhai Hengqin R\u00edo Tianmu (49)\" \/>\t\t<\/div>\r\n\t\t\t\t<\/div>\t\t\t\t\t<\/div>\r\n\t\t\t\t\t\t\t\r\n\t\t\t<\/div>\r\n\t\t<\/div>\r\n\t\t\t\t\t\t<\/div>\n\t\t\t\t<\/div>\n\t\t\t\t\t<\/div>\n\t\t\t\t<\/div>\n\t\t<div class=\"elementor-element elementor-element-6feba6e e-flex e-con-boxed e-con e-parent\" data-id=\"6feba6e\" data-element_type=\"container\" data-e-type=\"container\">\n\t\t\t\t\t<div class=\"e-con-inner\">\n\t\t\t\t<div class=\"elementor-element elementor-element-d7d0e49 elementor-widget elementor-widget-text-editor\" data-id=\"d7d0e49\" data-element_type=\"widget\" data-e-type=\"widget\" data-widget_type=\"text-editor.default\">\n\t\t\t\t\t\t\t\t\t<div class=\"qwen-markdown-paragraph\"><span class=\"qwen-markdown-text\">En el din\u00e1mico panorama de la <\/span><strong class=\"qwen-markdown-strong\"><span class=\"qwen-markdown-text\">Zona de Cooperaci\u00f3n Profunda entre Guangdong y Macao de Hengqin<\/span><\/strong><span class=\"qwen-markdown-text\">, donde convergen las culturas y florece la innovaci\u00f3n, la experiencia gastron\u00f3mica en <\/span><strong class=\"qwen-markdown-strong\"><span class=\"qwen-markdown-text\">IntercityHotel Zhuhai Hengqin R\u00edo Tianmu<\/span><\/strong><span class=\"qwen-markdown-text\"> Se erige como un reflejo gastron\u00f3mico de esta sinergia \u00fanica. Ubicado en la habitaci\u00f3n 101, Edificio Yuxin, Calle Haojiang en el Distrito Xiangzhou, nuestro restaurante abierto todo el d\u00eda es m\u00e1s que un simple lugar para comer; es un destino donde la precisi\u00f3n de la ingenier\u00eda alemana se encuentra con los ricos y diversos sabores del sur de China. Dise\u00f1ado para el viajero de negocios exigente, la familia que busca ocio y el explorador transfronterizo, nuestra oferta culinaria proporciona una combinaci\u00f3n perfecta de est\u00e1ndares internacionales y autenticidad local, todo ello enmarcado en el sereno tel\u00f3n de fondo de <\/span><strong class=\"qwen-markdown-strong\"><span class=\"qwen-markdown-text\">R\u00edo Tianmu<\/span><\/strong><span class=\"qwen-markdown-text\">.<\/span><\/div><div class=\"qwen-markdown-space\">\u00a0<\/div><h2 class=\"qwen-markdown-heading\"><span class=\"qwen-markdown-text\">Donde Oriente se encuentra con Occidente en tu plato.<\/span><\/h2><div class=\"qwen-markdown-paragraph\"><span class=\"qwen-markdown-text\">La filosof\u00eda que sustenta nuestro men\u00fa es simple pero profunda: honrar la tradici\u00f3n al tiempo que se incorporan influencias globales. Como <\/span><strong class=\"qwen-markdown-strong\"><span class=\"qwen-markdown-text\">Hotel Intercity<\/span><\/strong><span class=\"qwen-markdown-text\">, Llevamos un legado de hospitalidad europea, que se expresa v\u00edvidamente en nuestra cocina. Los hu\u00e9spedes pueden deleitarse con aut\u00e9nticos platos. <\/span><strong class=\"qwen-markdown-strong\"><span class=\"qwen-markdown-text\">platos de inspiraci\u00f3n alemana<\/span><\/strong><span class=\"qwen-markdown-text\"> que traen el sabor de Europa a Zhuhai, desde sustanciosas salchichas para el desayuno y pretzels reci\u00e9n hechos hasta cl\u00e1sicos schnitzels y guisos contundentes. Estos platos favoritos se preparan con una atenci\u00f3n meticulosa al detalle, garantizando que cada bocado refleje la calidad y la consistencia que caracterizan a la marca en todo el mundo.<\/span><\/div><div class=\"qwen-markdown-space\">\u00a0<\/div><div class=\"qwen-markdown-paragraph\"><span class=\"qwen-markdown-text\">Sin embargo, estamos profundamente arraigados en nuestra ubicaci\u00f3n. Nuestros chefs son maestros de <\/span><strong class=\"qwen-markdown-strong\"><span class=\"qwen-markdown-text\">aut\u00e9ntica cocina china<\/span><\/strong><span class=\"qwen-markdown-text\">, espec\u00edficamente seleccionando men\u00fas que resalten los sabores frescos y delicados de <\/span><strong class=\"qwen-markdown-strong\"><span class=\"qwen-markdown-text\">Cocina cantonesa<\/span><\/strong><span class=\"qwen-markdown-text\"> y las tradiciones culinarias m\u00e1s amplias de Guangdong. Desde una selecci\u00f3n de dim sum y sopas cocinadas a fuego lento hasta especialidades salteadas al wok con mariscos locales y verduras de temporada, nuestra comida cuenta la historia de la regi\u00f3n. Este doble enfoque crea un ambiente gastron\u00f3mico \u00fanico donde el comensal puede disfrutar de un desayuno tradicional alem\u00e1n por la ma\u00f1ana y saborear una refinada cena china al estilo banquete por la noche, todo en el mismo espacio elegante.<\/span><\/div><div class=\"qwen-markdown-space\">\u00a0<\/div><h2 class=\"qwen-markdown-heading\"><span class=\"qwen-markdown-text\">La experiencia gastron\u00f3mica durante todo el d\u00eda: desde el amanecer hasta el atardecer.<\/span><\/h2><div class=\"qwen-markdown-paragraph\"><span class=\"qwen-markdown-text\">Nuestro restaurante funciona como un centro neur\u00e1lgico y din\u00e1mico durante todo el d\u00eda, adaptando su ambiente y men\u00fa al ritmo de su estancia.<\/span><\/div><div class=\"qwen-markdown-space\">\u00a0<\/div><h3 class=\"qwen-markdown-heading\"><strong class=\"qwen-markdown-strong\"><span class=\"qwen-markdown-text\">El ritual matutino: un desayuno buffet internacional<\/span><\/strong><\/h3><div class=\"qwen-markdown-paragraph\"><span class=\"qwen-markdown-text\">Comience su d\u00eda con energ\u00eda en nuestro amplio buf\u00e9 de desayuno, ampliamente considerado como uno de los mejores de la zona. <\/span><strong class=\"qwen-markdown-strong\"><span class=\"qwen-markdown-text\">\u00e1rea de hengqin<\/span><\/strong><span class=\"qwen-markdown-text\">. Entendemos que un gran d\u00eda comienza con una gran comida. Nuestro men\u00fa incluye una amplia selecci\u00f3n de <\/span><strong class=\"qwen-markdown-strong\"><span class=\"qwen-markdown-text\">cl\u00e1sicos del oeste<\/span><\/strong><span class=\"qwen-markdown-text\">, incluyendo pasteles reci\u00e9n horneados, panes artesanales, huevos revueltos, tocino y quesos de primera calidad. Junto a estos, una dedicada <\/span><strong class=\"qwen-markdown-strong\"><span class=\"qwen-markdown-text\">estaci\u00f3n china<\/span><\/strong><span class=\"qwen-markdown-text\"> Ofrecemos congee caliente, fideos salteados, bollos al vapor y verduras encurtidas. Los amantes del caf\u00e9 pueden deleitarse con nuestro <\/span><strong class=\"qwen-markdown-strong\"><span class=\"qwen-markdown-text\">caf\u00e9 de goteo premium<\/span><\/strong><span class=\"qwen-markdown-text\"> y cafeter\u00eda, mientras que los amantes del t\u00e9 pueden elegir entre una variedad de t\u00e9s chinos tradicionales. Ya sea que necesite un r\u00e1pido aporte de energ\u00eda antes de una reuni\u00f3n en la Zona de Cooperaci\u00f3n o un tranquilo brunch familiar antes de dirigirse a <\/span><strong class=\"qwen-markdown-strong\"><span class=\"qwen-markdown-text\">Reino Oce\u00e1nico de Chimelong<\/span><\/strong><span class=\"qwen-markdown-text\">, Nuestro desayuno marca el tono perfecto.<\/span><\/div><div class=\"qwen-markdown-space\">\u00a0<\/div><h3 class=\"qwen-markdown-heading\"><strong class=\"qwen-markdown-strong\"><span class=\"qwen-markdown-text\">Almuerzo y cena: Sabores globales con alma local.<\/span><\/strong><\/h3><div class=\"qwen-markdown-paragraph\"><span class=\"qwen-markdown-text\">A medida que avanza el d\u00eda, el restaurante se transforma en un espacio sofisticado para el almuerzo y la cena. Nuestras opciones a la carta y de buf\u00e9 cambian con regularidad para garantizar frescura y variedad. Los viajeros de negocios suelen optar por nuestros men\u00fas expr\u00e9s, dise\u00f1ados para la eficiencia sin sacrificar el sabor. Por la noche, el ambiente se vuelve m\u00e1s relajado, invitando a los comensales a disfrutar de cenas de varios platos que reflejan la creatividad del chef. Espere una armoniosa combinaci\u00f3n de platos internacionales a la parrilla, pastas y creaciones chinas exclusivas elaboradas con los mejores ingredientes del delta del r\u00edo Perla.<\/span><\/div><div class=\"qwen-markdown-space\">\u00a0<\/div><h2 class=\"qwen-markdown-heading\"><span class=\"qwen-markdown-text\">Cenar con vistas: El ambiente del r\u00edo Tianmu<\/span><\/h2><div class=\"qwen-markdown-paragraph\"><span class=\"qwen-markdown-text\">La comida sabe mejor cuando el entorno es inspirador. Nuestro restaurante cuenta con ventanales que van desde el suelo hasta el techo y que enmarcan vistas impresionantes de la <\/span><strong class=\"qwen-markdown-strong\"><span class=\"qwen-markdown-text\">R\u00edo Tianmu<\/span><\/strong><span class=\"qwen-markdown-text\">. Este elemento natural constituye el alma de nuestro comedor, ofreciendo un remanso de paz que nos permite escapar del bullicio de Hengqin.<\/span><\/div><div class=\"qwen-markdown-space\">\u00a0<\/div><ul class=\"qwen-markdown-list\" dir=\"auto\"><li><strong class=\"qwen-markdown-strong\"><span class=\"qwen-markdown-text\">Tiempo de d\u00eda:<\/span><\/strong><span class=\"qwen-markdown-text\"> Ba\u00f1ada por la luz natural, la vista al r\u00edo crea un ambiente refrescante y propicio para almuerzos de negocios o reuniones informales para tomar un caf\u00e9. Contemple el suave fluir del agua mientras discute estrategias o planifica su pr\u00f3xima aventura.<\/span><\/li><li><strong class=\"qwen-markdown-strong\"><span class=\"qwen-markdown-text\">Noche:<\/span><\/strong><span class=\"qwen-markdown-text\"> Al atardecer, el ambiente se transforma en una atm\u00f3sfera c\u00e1lida y rom\u00e1ntica. El reflejo de las luces de la ciudad en el r\u00edo crea un tel\u00f3n de fondo m\u00e1gico para cenas \u00edntimas o celebraciones especiales. El dise\u00f1o interior, caracterizado por l\u00edneas modernas y c\u00f3modos asientos, complementa el paisaje exterior, garantizando una experiencia visual tan memorable como la culinaria.<\/span><\/li><\/ul><div class=\"qwen-markdown-space\">\u00a0<\/div><h2 class=\"qwen-markdown-heading\"><span class=\"qwen-markdown-text\">Compromiso con la calidad y el servicio<\/span><\/h2><div class=\"qwen-markdown-paragraph\"><span class=\"qwen-markdown-text\">En <\/span><strong class=\"qwen-markdown-strong\"><span class=\"qwen-markdown-text\">IntercityHotel Zhuhai Hengqin R\u00edo Tianmu<\/span><\/strong><span class=\"qwen-markdown-text\">, Creemos que la comida excepcional debe ir acompa\u00f1ada de un servicio excepcional. Nuestro equipo de sala est\u00e1 capacitado para anticiparse a las necesidades de una clientela internacional diversa. Con personal multiling\u00fce siempre dispuesto a ayudar, nos aseguramos de que cada comensal se sienta bienvenido y valorado. Priorizamos la higiene, la frescura y la sostenibilidad, obteniendo nuestros ingredientes de proveedores locales de confianza para apoyar a la comunidad de Zhuhai, al tiempo que mantenemos rigurosos est\u00e1ndares internacionales de seguridad.<\/span><\/div><div class=\"qwen-markdown-space\">\u00a0<\/div><div class=\"qwen-markdown-paragraph\"><span class=\"qwen-markdown-text\">Ya sea que organice una peque\u00f1a reuni\u00f3n corporativa, disfrute de una comida tranquila a solas o celebre una ocasi\u00f3n especial en familia, nuestro restaurante ofrece un ambiente vers\u00e1til y acogedor. Nos adaptamos a diversas necesidades diet\u00e9ticas, garantizando que siempre haya opciones vegetarianas, veganas y aptas para personas con alergias espec\u00edficas.<\/span><\/div><div class=\"qwen-markdown-space\">\u00a0<\/div><h2 class=\"qwen-markdown-heading\"><span class=\"qwen-markdown-text\">Tu puerta de entrada culinaria a Zhuhai<\/span><\/h2><div class=\"qwen-markdown-paragraph\"><span class=\"qwen-markdown-text\">Cenar en nuestro restaurante es una parte integral de la experiencia. <\/span><strong class=\"qwen-markdown-strong\"><span class=\"qwen-markdown-text\">Hotel Intercity<\/span><\/strong><span class=\"qwen-markdown-text\"> experiencia. Es un lugar donde la eficiencia de la hospitalidad alemana se fusiona con la calidez de la cultura china, creando un perfil de sabor \u00fanico que solo se puede encontrar aqu\u00ed en el <\/span><strong class=\"qwen-markdown-strong\"><span class=\"qwen-markdown-text\">Zona de Cooperaci\u00f3n Profunda Guangdong-Macao<\/span><\/strong><span class=\"qwen-markdown-text\">.<\/span><\/div><div class=\"qwen-markdown-space\">\u00a0<\/div><div class=\"qwen-markdown-paragraph\"><span class=\"qwen-markdown-text\">Convenientemente ubicado en <\/span><strong class=\"qwen-markdown-strong\"><span class=\"qwen-markdown-text\">Carretera Haojiang<\/span><\/strong><span class=\"qwen-markdown-text\">, Nuestro restaurante es f\u00e1cilmente accesible tanto para los hu\u00e9spedes del hotel como para los visitantes. Despu\u00e9s de un d\u00eda de exploraci\u00f3n <\/span><strong class=\"qwen-markdown-strong\"><span class=\"qwen-markdown-text\">Macao<\/span><\/strong><span class=\"qwen-markdown-text\">, Ya sea que est\u00e9s haciendo negocios en los parques tecnol\u00f3gicos o disfrutando de los parques tem\u00e1ticos, regresa a la comodidad de nuestro comedor. Perm\u00edtenos nutrir tu cuerpo y esp\u00edritu con sabores que trascienden fronteras.<\/span><\/div><div class=\"qwen-markdown-space\">\u00a0<\/div><div class=\"qwen-markdown-paragraph\" data-spm-anchor-id=\"a2ty_o01.29997173.0.i19.5c315171uMx9jI\"><span class=\"qwen-markdown-text\">Descubre el sabor de Hengqin en <\/span><strong class=\"qwen-markdown-strong\"><span class=\"qwen-markdown-text\">IntercityHotel Zhuhai Hengqin R\u00edo Tianmu<\/span><\/strong><span class=\"qwen-markdown-text\">\u2014donde cada comida es un viaje y cada vista es un recuerdo a la espera de ser creado.<\/span><\/div>\t\t\t\t\t\t\t\t<\/div>\n\t\t\t\t\t<\/div>\n\t\t\t\t<\/div>\n\t\t\t\t<\/div>","protected":false},"excerpt":{"rendered":"<p>A Culinary Fusion at the Heart of Hengqin: Dining at IntercityHotel Zhuhai Hengqin Tianmu River In the dynamic landscape of the Hengqin Guangdong-Macao In-Depth Cooperation Zone, where cultures converge and innovation thrives, the dining experience at IntercityHotel Zhuhai Hengqin Tianmu River stands as a gastronomic reflection of this unique synergy. Located at Room 101, Yuxin [&hellip;]<\/p>\n","protected":false},"author":1,"featured_media":0,"parent":0,"menu_order":0,"comment_status":"closed","ping_status":"closed","template":"elementor_header_footer","meta":{"footnotes":""},"class_list":["post-612","page","type-page","status-publish","hentry","post-no-thumbnail"],"_links":{"self":[{"href":"https:\/\/hengqin-tianmu-river.intercityhotelzhuhai.com\/es\/wp-json\/wp\/v2\/pages\/612","targetHints":{"allow":["GET"]}}],"collection":[{"href":"https:\/\/hengqin-tianmu-river.intercityhotelzhuhai.com\/es\/wp-json\/wp\/v2\/pages"}],"about":[{"href":"https:\/\/hengqin-tianmu-river.intercityhotelzhuhai.com\/es\/wp-json\/wp\/v2\/types\/page"}],"author":[{"embeddable":true,"href":"https:\/\/hengqin-tianmu-river.intercityhotelzhuhai.com\/es\/wp-json\/wp\/v2\/users\/1"}],"replies":[{"embeddable":true,"href":"https:\/\/hengqin-tianmu-river.intercityhotelzhuhai.com\/es\/wp-json\/wp\/v2\/comments?post=612"}],"version-history":[{"count":0,"href":"https:\/\/hengqin-tianmu-river.intercityhotelzhuhai.com\/es\/wp-json\/wp\/v2\/pages\/612\/revisions"}],"wp:attachment":[{"href":"https:\/\/hengqin-tianmu-river.intercityhotelzhuhai.com\/es\/wp-json\/wp\/v2\/media?parent=612"}],"curies":[{"name":"wp","href":"https:\/\/api.w.org\/{rel}","templated":true}]}}