{"id":2104,"date":"2021-03-23T09:33:48","date_gmt":"2021-03-23T09:33:48","guid":{"rendered":"http:\/\/localhost\/nuss\/?page_id=167"},"modified":"2026-03-17T06:41:11","modified_gmt":"2026-03-17T06:41:11","slug":"notre-histoire","status":"publish","type":"page","link":"https:\/\/hengqin-tianmu-river.intercityhotelzhuhai.com\/fr\/our-story\/","title":{"rendered":"Notre histoire"},"content":{"rendered":"<div data-elementor-type=\"wp-page\" data-elementor-id=\"2104\" class=\"elementor elementor-2104\">\n\t\t\t\t\t\t<section class=\"elementor-section elementor-top-section elementor-element elementor-element-8f5bb9d elementor-section-boxed elementor-section-gap-beside-yes elementor-section-height-default elementor-section-height-default elementor-section-column-vertical-align-stretch\" data-id=\"8f5bb9d\" data-element_type=\"section\" data-e-type=\"section\">\n\t\t\t\t\t\t<div class=\"elementor-container elementor-column-gap-extended\">\n\t\t\t\t\t<div class=\"elementor-column elementor-col-100 elementor-top-column elementor-element elementor-element-7ec4215\" data-id=\"7ec4215\" data-element_type=\"column\" data-e-type=\"column\">\n\t\t\t<div class=\"elementor-widget-wrap elementor-element-populated\">\n\t\t\t\t\t\t<div class=\"elementor-element elementor-element-edd9d03 elementor-widget__width-initial elementor-invisible elementor-widget elementor-widget-text-editor\" data-id=\"edd9d03\" data-element_type=\"widget\" data-e-type=\"widget\" data-settings=\"{&quot;_animation&quot;:&quot;nussFadeInUp&quot;}\" data-widget_type=\"text-editor.default\">\n\t\t\t\t\t\t\t\t\tNotre histoire : Quand la pr\u00e9cision allemande rencontre le rythme de Hengqin\t\t\t\t\t\t\t\t<\/div>\n\t\t\t\t\t<\/div>\n\t\t<\/div>\n\t\t\t\t\t<\/div>\n\t\t<\/section>\n\t\t<div class=\"elementor-element elementor-element-de11050 e-flex e-con-boxed e-con e-parent\" data-id=\"de11050\" data-element_type=\"container\" data-e-type=\"container\">\n\t\t\t\t\t<div class=\"e-con-inner\">\n\t\t\t\t<div class=\"elementor-element elementor-element-7121204 elementor-widget elementor-widget-text-editor\" data-id=\"7121204\" data-element_type=\"widget\" data-e-type=\"widget\" data-widget_type=\"text-editor.default\">\n\t\t\t\t\t\t\t\t\t<h3 class=\"qwen-markdown-heading\"><strong class=\"qwen-markdown-strong\"><span class=\"qwen-markdown-text\">Une vision n\u00e9e au carrefour de deux mondes<\/span><\/strong><\/h3><div class=\"qwen-markdown-paragraph\"><span class=\"qwen-markdown-text\">L&#039;histoire de <\/span><strong class=\"qwen-markdown-strong\"><span class=\"qwen-markdown-text\">IntercityHotel Zhuhai Hengqin Tianmu River<\/span><\/strong><span class=\"qwen-markdown-text\"> Cela ne commence pas simplement par la construction d&#039;un b\u00e2timent, mais par une vision visant \u00e0 rapprocher les cultures, les \u00e9conomies et les exp\u00e9riences. Situ\u00e9 \u00e0 l&#039;\u00e9picentre de l&#039;un des projets g\u00e9opolitiques les plus ambitieux de la Chine, le <\/span><strong class=\"qwen-markdown-strong\"><span class=\"qwen-markdown-text\">Zone de coop\u00e9ration approfondie Hengqin Guangdong-Macao<\/span><\/strong><span class=\"qwen-markdown-text\">Notre h\u00f4tel t\u00e9moigne de l&#039;avenir de la collaboration transfrontali\u00e8re. Situ\u00e9 dans la chambre 101 de l&#039;immeuble Yuxin, rue Haojiang, dans le district de Xiangzhou \u00e0 Zhuhai, il a \u00e9t\u00e9 fond\u00e9 sur la conviction que le voyageur moderne a besoin de bien plus qu&#039;un simple h\u00e9bergement\u00a0: il a besoin d&#039;une connexion fluide avec le monde dynamique qui l&#039;entoure.<\/span><\/div><div class=\"qwen-markdown-space\">\u00a0<\/div><div class=\"qwen-markdown-paragraph\"><span class=\"qwen-markdown-text\">Notre r\u00e9cit s&#039;articule autour de deux fils conducteurs distincts\u00a0: l&#039;efficacit\u00e9 l\u00e9gendaire et le g\u00e9nie technique des Allemands <\/span><strong class=\"qwen-markdown-strong\"><span class=\"qwen-markdown-text\">H\u00f4tel Intercity<\/span><\/strong><span class=\"qwen-markdown-text\"> la marque et l&#039;esprit dynamique et en constante \u00e9volution de la r\u00e9gion de la baie de San Francisco. Lorsque ces deux forces ont converg\u00e9 sur les rives de la baie de San Francisco, <\/span><strong class=\"qwen-markdown-strong\"><span class=\"qwen-markdown-text\">Rivi\u00e8re Tianmu<\/span><\/strong><span class=\"qwen-markdown-text\">, Une nouvelle norme en mati\u00e8re d&#039;hospitalit\u00e9 \u00e9tait n\u00e9e \u00e0 Zhuhai.<\/span><\/div><div class=\"qwen-markdown-space\">\u00a0<\/div><h3 class=\"qwen-markdown-heading\"><strong class=\"qwen-markdown-strong\"><span class=\"qwen-markdown-text\">L&#039;h\u00e9ritage IntercityHotel : Con\u00e7u pour le mouvement<\/span><\/strong><\/h3><div class=\"qwen-markdown-paragraph\"><span class=\"qwen-markdown-text\">Depuis des d\u00e9cennies, la marque IntercityHotel est synonyme de \u201c professionnel mobile \u201d. Originaire d&#039;Allemagne, notre philosophie a toujours repos\u00e9 sur la conviction que les voyageurs d&#039;aujourd&#039;hui sont constamment en d\u00e9placement. Nous ne croyons pas au luxe superflu ; nous privil\u00e9gions l&#039;essentiel. <\/span><strong class=\"qwen-markdown-strong\"><span class=\"qwen-markdown-text\">\u00e9l\u00e9gance fonctionnelle<\/span><\/strong><span class=\"qwen-markdown-text\">. Notre histoire repose sur la promesse que chaque m\u00e8tre carr\u00e9 de notre h\u00f4tel a une utilit\u00e9, depuis les espaces de travail ergonomiques con\u00e7us pour le nomade num\u00e9rique jusqu&#039;aux chambres insonoris\u00e9es qui garantissent un sommeil r\u00e9parateur apr\u00e8s une longue journ\u00e9e de n\u00e9gociations ou d&#039;exploration.<\/span><\/div><div class=\"qwen-markdown-space\">\u00a0<\/div><div class=\"qwen-markdown-paragraph\"><span class=\"qwen-markdown-text\">Lorsque nous avons implant\u00e9 cet h\u00e9ritage \u00e0 Zhuhai, nous avons mis un point d&#039;honneur \u00e0 garantir une parfaite coh\u00e9rence. Qu&#039;ils viennent de Berlin, de P\u00e9kin ou de Boston, nos clients savent exactement \u00e0 quoi s&#039;attendre\u00a0: une connexion haut d\u00e9bit, un design intuitif et un service attentif \u00e0 leur temps. \u00c0 l&#039;IntercityHotel Zhuhai Hengqin Tianmu River, nous avons adapt\u00e9 cet ADN international au contexte local, cr\u00e9ant ainsi un espace \u00e0 la fois familier et typiquement zhaihaiien.<\/span><\/div><div class=\"qwen-markdown-space\">\u00a0<\/div><h3 class=\"qwen-markdown-heading\"><strong class=\"qwen-markdown-strong\"><span class=\"qwen-markdown-text\">Enracin\u00e9 \u00e0 Hengqin : un chapitre de l&#039;histoire<\/span><\/strong><\/h3><div class=\"qwen-markdown-paragraph\"><span class=\"qwen-markdown-text\">Notre emplacement n&#039;est pas accidentel ; il fait partie int\u00e9grante de notre identit\u00e9. <\/span><strong class=\"qwen-markdown-strong\"><span class=\"qwen-markdown-text\">Zone de coop\u00e9ration approfondie Hengqin Guangdong-Macao<\/span><\/strong><span class=\"qwen-markdown-text\"> Ce projet repr\u00e9sente une exp\u00e9rience d&#039;int\u00e9gration audacieuse, visant \u00e0 conjuguer les atouts financiers et touristiques de Macao aux ressources fonci\u00e8res et au potentiel d&#039;innovation de Zhuhai. Comptant parmi les premiers h\u00f4tels internationaux haut de gamme \u00e0 s&#039;implanter dans cette zone, nous sommes fiers de participer \u00e0 cette transformation historique.<\/span><\/div><div class=\"qwen-markdown-space\">\u00a0<\/div><div class=\"qwen-markdown-paragraph\"><span class=\"qwen-markdown-text\">De notre point de vue sur <\/span><strong class=\"qwen-markdown-strong\"><span class=\"qwen-markdown-text\">Route de Haojiang<\/span><\/strong><span class=\"qwen-markdown-text\">, Nous observons quotidiennement l&#039;\u00e9volution de la zone. Nous voyons les grues b\u00e2tir les gratte-ciel de demain, les trains \u00e0 grande vitesse relier les villes \u00e0 la vitesse de la pens\u00e9e. <\/span><strong class=\"qwen-markdown-strong\"><span class=\"qwen-markdown-text\">Gare de Hengqin<\/span><\/strong><span class=\"qwen-markdown-text\">, et le flux constant de voyageurs traversant la fronti\u00e8re \u00e0 <\/span><strong class=\"qwen-markdown-strong\"><span class=\"qwen-markdown-text\">Port de Hengqin<\/span><\/strong><span class=\"qwen-markdown-text\"> pour vivre la fusion de l&#039;Orient et de l&#039;Occident. Notre histoire est intimement li\u00e9e \u00e0 la croissance de cette r\u00e9gion. Nous sommes l\u00e0 pour soutenir les entrepreneurs qui lancent des startups dans les parcs technologiques, les familles qui s&#039;installent dans les parcs technologiques, <\/span><strong class=\"qwen-markdown-strong\"><span class=\"qwen-markdown-text\">Royaume oc\u00e9anique de Chimelong<\/span><\/strong><span class=\"qwen-markdown-text\">, et les diplomates qui fa\u00e7onnent les politiques de demain.<\/span><\/div><div class=\"qwen-markdown-space\">\u00a0<\/div><h3 class=\"qwen-markdown-heading\"><strong class=\"qwen-markdown-strong\"><span class=\"qwen-markdown-text\">La rivi\u00e8re Tianmu : notre muse naturelle<\/span><\/strong><\/h3><div class=\"qwen-markdown-paragraph\"><span class=\"qwen-markdown-text\">Aucun r\u00e9cit concernant notre h\u00f4tel ne serait complet sans mentionner\u2026 <\/span><strong class=\"qwen-markdown-strong\"><span class=\"qwen-markdown-text\">Rivi\u00e8re Tianmu<\/span><\/strong><span class=\"qwen-markdown-text\">, qui coule doucement \u00e0 nos c\u00f4t\u00e9s. Dans la culture chinoise, l&#039;eau symbolise la sagesse, la souplesse et la prosp\u00e9rit\u00e9. Nous avons choisi de nommer notre \u00e9tablissement en hommage \u00e0 ce cours d&#039;eau, car il refl\u00e8te notre conception de l&#039;hospitalit\u00e9\u00a0: fluide, adaptable et source de vie.<\/span><\/div><div class=\"qwen-markdown-space\">\u00a0<\/div><div class=\"qwen-markdown-paragraph\"><span class=\"qwen-markdown-text\">La rivi\u00e8re offre un havre de paix au c\u0153ur de l&#039;effervescence de Hengqin. Elle a inspir\u00e9 notre conception architecturale, qui maximise la lumi\u00e8re naturelle et offre des panoramas exceptionnels, reconnectant nos h\u00f4tes \u00e0 la nature. Qu&#039;il s&#039;agisse de la brume matinale ou des reflets dor\u00e9s du soleil couchant sur la rivi\u00e8re, la rivi\u00e8re Tianmu, discr\u00e8te mais essentielle, contribue \u00e0 l&#039;exp\u00e9rience de nos h\u00f4tes en leur offrant un moment de s\u00e9r\u00e9nit\u00e9 dans un monde tr\u00e9pidant.<\/span><\/div><div class=\"qwen-markdown-space\">\u00a0<\/div><h3 class=\"qwen-markdown-heading\"><strong class=\"qwen-markdown-strong\"><span class=\"qwen-markdown-text\">Notre philosophie : L&#039;art de l&#039;hospitalit\u00e9 efficace<\/span><\/strong><\/h3><div class=\"qwen-markdown-paragraph\"><span class=\"qwen-markdown-text\">Au c\u0153ur de notre histoire se trouve une philosophie simple mais puissante : <\/span><strong class=\"qwen-markdown-strong\"><span class=\"qwen-markdown-text\">Nous facilitons votre voyage.<\/span><\/strong><span class=\"qwen-markdown-text\"> Nous savons que nos clients sont venus pour atteindre un objectif pr\u00e9cis\u00a0: conclure une affaire, d\u00e9couvrir une nouvelle culture ou cr\u00e9er des souvenirs inoubliables avec leurs proches. Notre r\u00f4le est de faciliter ce processus.<\/span><\/div><div class=\"qwen-markdown-space\">\u00a0<\/div><ul class=\"qwen-markdown-list\" dir=\"auto\"><li><strong class=\"qwen-markdown-strong\"><span class=\"qwen-markdown-text\">Pour le voyageur d&#039;affaires :<\/span><\/strong><span class=\"qwen-markdown-text\"> Nous sommes le prolongement de leur bureau, leur fournissant la technologie et l&#039;environnement n\u00e9cessaires pour qu&#039;ils puissent donner le meilleur d&#039;eux-m\u00eames.<\/span><\/li><li><strong class=\"qwen-markdown-strong\"><span class=\"qwen-markdown-text\">Pour le voyageur de loisirs\u00a0:<\/span><\/strong><span class=\"qwen-markdown-text\"> Nous sommes la porte d&#039;entr\u00e9e de l&#039;aventure, offrant des informations locales et un repos confortable apr\u00e8s une journ\u00e9e de d\u00e9couverte.<\/span><\/li><li><strong class=\"qwen-markdown-strong\"><span class=\"qwen-markdown-text\">Pour l&#039;explorateur transfrontalier\u00a0:<\/span><\/strong><span class=\"qwen-markdown-text\"> Nous sommes le lien id\u00e9al entre Zhuhai et Macao, simplifiant la logistique pour que les clients puissent se concentrer sur le plaisir.<\/span><\/li><\/ul><div class=\"qwen-markdown-space\">\u00a0<\/div><div class=\"qwen-markdown-paragraph\"><span class=\"qwen-markdown-text\">Notre \u00e9quipe est l&#039;\u00e2me de cette histoire. Compos\u00e9e de talents locaux de Zhuhai et d&#039;experts de l&#039;h\u00f4tellerie du monde entier, elle incarne l&#039;esprit m\u00eame de la Zone de coop\u00e9ration. Multilingue et sensible aux diff\u00e9rences culturelles, elle s&#039;engage \u00e0 vous offrir un service \u00e0 la fois chaleureux et efficace. Ce sont ses visages qui vous accueillent, ses mains qui vous assistent et son esprit qui anticipe vos besoins avant m\u00eame que vous ne les exprimiez.<\/span><\/div><div class=\"qwen-markdown-space\">\u00a0<\/div><h3 class=\"qwen-markdown-heading\"><strong class=\"qwen-markdown-strong\"><span class=\"qwen-markdown-text\">Perspectives d&#039;avenir : un avenir \u00e9crit ensemble<\/span><\/strong><\/h3><div class=\"qwen-markdown-paragraph\"><span class=\"qwen-markdown-text\">Alors que nous nous tournons vers l&#039;avenir, l&#039;histoire de l&#039;IntercityHotel Zhuhai Hengqin Tianmu River continue de s&#039;\u00e9crire. Chaque arriv\u00e9e y ajoute un nouveau chapitre. Chaque r\u00e9union d&#039;affaires organis\u00e9e dans nos chambres, chaque s\u00e9jour en famille d\u00e9but\u00e9 dans notre hall et chaque lever de soleil admir\u00e9 sur la rivi\u00e8re Tianmu contribuent \u00e0 notre r\u00e9cit.<\/span><\/div><div class=\"qwen-markdown-space\">\u00a0<\/div><div class=\"qwen-markdown-paragraph\"><span class=\"qwen-markdown-text\">Bien plus qu&#039;un simple h\u00f4tel (chambre 101, immeuble Yuxin), nous sommes un acteur \u00e0 part enti\u00e8re de la communaut\u00e9 de Hengqin, un carrefour d&#039;\u00e9changes internationaux et un refuge pour celles et ceux qui osent r\u00eaver en grand dans la r\u00e9gion de la Grande Baie. Notre histoire est celle du lien\u00a0: des liens entre les personnes et les lieux, les id\u00e9es et les opportunit\u00e9s, les traditions et les innovations.<\/span><\/div><div class=\"qwen-markdown-space\">\u00a0<\/div><div class=\"qwen-markdown-paragraph\" data-spm-anchor-id=\"a2ty_o01.29997173.0.i22.5c315171uMx9jI\"><span class=\"qwen-markdown-text\">Bienvenue dans notre histoire. Nous vous invitons \u00e0 y prendre part.<\/span><\/div>\t\t\t\t\t\t\t\t<\/div>\n\t\t\t\t\t<\/div>\n\t\t\t\t<\/div>\n\t\t\t\t<\/div>","protected":false},"excerpt":{"rendered":"<p>Our Story: Where German Precision Meets the Pulse of Hengqin A Vision Born at the Crossroads of Two Worlds The story of IntercityHotel Zhuhai Hengqin Tianmu River begins not merely with the construction of a building, but with a vision to bridge cultures, economies, and experiences. Situated at the epicenter of one of China\u2019s most [&hellip;]<\/p>\n","protected":false},"author":1,"featured_media":0,"parent":0,"menu_order":0,"comment_status":"closed","ping_status":"closed","template":"elementor_header_footer","meta":{"footnotes":""},"class_list":["post-2104","page","type-page","status-publish","hentry","post-no-thumbnail"],"_links":{"self":[{"href":"https:\/\/hengqin-tianmu-river.intercityhotelzhuhai.com\/fr\/wp-json\/wp\/v2\/pages\/2104","targetHints":{"allow":["GET"]}}],"collection":[{"href":"https:\/\/hengqin-tianmu-river.intercityhotelzhuhai.com\/fr\/wp-json\/wp\/v2\/pages"}],"about":[{"href":"https:\/\/hengqin-tianmu-river.intercityhotelzhuhai.com\/fr\/wp-json\/wp\/v2\/types\/page"}],"author":[{"embeddable":true,"href":"https:\/\/hengqin-tianmu-river.intercityhotelzhuhai.com\/fr\/wp-json\/wp\/v2\/users\/1"}],"replies":[{"embeddable":true,"href":"https:\/\/hengqin-tianmu-river.intercityhotelzhuhai.com\/fr\/wp-json\/wp\/v2\/comments?post=2104"}],"version-history":[{"count":0,"href":"https:\/\/hengqin-tianmu-river.intercityhotelzhuhai.com\/fr\/wp-json\/wp\/v2\/pages\/2104\/revisions"}],"wp:attachment":[{"href":"https:\/\/hengqin-tianmu-river.intercityhotelzhuhai.com\/fr\/wp-json\/wp\/v2\/media?parent=2104"}],"curies":[{"name":"wp","href":"https:\/\/api.w.org\/{rel}","templated":true}]}}