{"id":612,"date":"2021-03-26T10:04:13","date_gmt":"2021-03-26T10:04:13","guid":{"rendered":"http:\/\/localhost\/nuss\/?page_id=612"},"modified":"2026-03-17T06:41:03","modified_gmt":"2026-03-17T06:41:03","slug":"restaurant","status":"publish","type":"page","link":"https:\/\/hengqin-tianmu-river.intercityhotelzhuhai.com\/fr\/restaurant\/","title":{"rendered":"Restaurant"},"content":{"rendered":"<div data-elementor-type=\"wp-page\" data-elementor-id=\"612\" class=\"elementor elementor-612\">\n\t\t\t\t\t\t<section class=\"elementor-section elementor-top-section elementor-element elementor-element-e2effe8 elementor-section-boxed elementor-section-gap-beside-yes elementor-section-height-default elementor-section-height-default elementor-section-column-vertical-align-stretch\" data-id=\"e2effe8\" data-element_type=\"section\" data-e-type=\"section\">\n\t\t\t\t\t\t<div class=\"elementor-container elementor-column-gap-extended\">\n\t\t\t\t\t<div class=\"elementor-column elementor-col-100 elementor-top-column elementor-element elementor-element-e18f688\" data-id=\"e18f688\" data-element_type=\"column\" data-e-type=\"column\">\n\t\t\t<div class=\"elementor-widget-wrap elementor-element-populated\">\n\t\t\t\t\t\t<div class=\"elementor-element elementor-element-6db146d elementor-widget__width-initial elementor-invisible elementor-widget elementor-widget-text-editor\" data-id=\"6db146d\" data-element_type=\"widget\" data-e-type=\"widget\" data-settings=\"{&quot;_animation&quot;:&quot;nussFadeInUp&quot;}\" data-widget_type=\"text-editor.default\">\n\t\t\t\t\t\t\t\t\tFusion culinaire au c\u0153ur de Hengqin\u00a0: d\u00e9couvrez les restaurants de l\u2019IntercityHotel Zhuhai Hengqin Tianmu River\t\t\t\t\t\t\t\t<\/div>\n\t\t\t\t\t<\/div>\n\t\t<\/div>\n\t\t\t\t\t<\/div>\n\t\t<\/section>\n\t\t<div class=\"elementor-element elementor-element-7094557 e-flex e-con-boxed e-con e-parent\" data-id=\"7094557\" data-element_type=\"container\" data-e-type=\"container\">\n\t\t\t\t\t<div class=\"e-con-inner\">\n\t\t\t\t<div class=\"elementor-element elementor-element-8bdb6b1 elementor-widget elementor-widget-nuss-image-gallery\" data-id=\"8bdb6b1\" data-element_type=\"widget\" data-e-type=\"widget\" data-widget_type=\"nuss-image-gallery.default\">\n\t\t\t\t<div class=\"elementor-widget-container\">\n\t\t\t\t\t\t\t<div class=\"nuss-grid-wrapper\" data-grid=\"{&quot;type&quot;:&quot;grid&quot;,&quot;ratio&quot;:null,&quot;columns&quot;:3,&quot;gutter&quot;:30}\">\r\n\t\t\t<div class=\"nuss-grid lazy-grid\">\r\n\t\t\t\t<div class=\"grid-sizer\"><\/div>\r\n\r\n\t\t\t\t\t\t\t\t\t\t\t\t<div class=\"grid-item\">\r\n\t\t\t\t\t\t<div class=\"nuss-box\">\t\t<div class=\"nuss-image image\">\r\n\t\t\t<img decoding=\"async\"  src=\"https:\/\/hengqin-tianmu-river.intercityhotelzhuhai.com\/wp-content\/uploads\/2026\/03\/IntercityHotel-Zhuhai-Hengqin-Tianmu-River-6.webp\" alt=\"IntercityHotel Zhuhai Hengqin Tianmu River (6)\" \/>\t\t<\/div>\r\n\t\t\t\t<\/div>\t\t\t\t\t<\/div>\r\n\t\t\t\t\t\t<div class=\"grid-item\">\r\n\t\t\t\t\t\t<div class=\"nuss-box\">\t\t<div class=\"nuss-image image\">\r\n\t\t\t<img decoding=\"async\"  src=\"https:\/\/hengqin-tianmu-river.intercityhotelzhuhai.com\/wp-content\/uploads\/2026\/03\/IntercityHotel-Zhuhai-Hengqin-Tianmu-River-69.webp\" alt=\"IntercityHotel Zhuhai Hengqin Tianmu River (69)\" \/>\t\t<\/div>\r\n\t\t\t\t<\/div>\t\t\t\t\t<\/div>\r\n\t\t\t\t\t\t<div class=\"grid-item\">\r\n\t\t\t\t\t\t<div class=\"nuss-box\">\t\t<div class=\"nuss-image image\">\r\n\t\t\t<img decoding=\"async\"  src=\"https:\/\/hengqin-tianmu-river.intercityhotelzhuhai.com\/wp-content\/uploads\/2026\/03\/IntercityHotel-Zhuhai-Hengqin-Tianmu-River-72.webp\" alt=\"IntercityHotel Zhuhai Hengqin Tianmu River (72)\" \/>\t\t<\/div>\r\n\t\t\t\t<\/div>\t\t\t\t\t<\/div>\r\n\t\t\t\t\t\t<div class=\"grid-item\">\r\n\t\t\t\t\t\t<div class=\"nuss-box\">\t\t<div class=\"nuss-image image\">\r\n\t\t\t<img decoding=\"async\"  src=\"https:\/\/hengqin-tianmu-river.intercityhotelzhuhai.com\/wp-content\/uploads\/2026\/03\/IntercityHotel-Zhuhai-Hengqin-Tianmu-River-74.webp\" alt=\"IntercityHotel Zhuhai Hengqin Tianmu River (74)\" \/>\t\t<\/div>\r\n\t\t\t\t<\/div>\t\t\t\t\t<\/div>\r\n\t\t\t\t\t\t<div class=\"grid-item\">\r\n\t\t\t\t\t\t<div class=\"nuss-box\">\t\t<div class=\"nuss-image image\">\r\n\t\t\t<img decoding=\"async\"  src=\"https:\/\/hengqin-tianmu-river.intercityhotelzhuhai.com\/wp-content\/uploads\/2026\/03\/IntercityHotel-Zhuhai-Hengqin-Tianmu-River-68.webp\" alt=\"IntercityHotel Zhuhai Hengqin Tianmu River (68)\" \/>\t\t<\/div>\r\n\t\t\t\t<\/div>\t\t\t\t\t<\/div>\r\n\t\t\t\t\t\t<div class=\"grid-item\">\r\n\t\t\t\t\t\t<div class=\"nuss-box\">\t\t<div class=\"nuss-image image\">\r\n\t\t\t<img decoding=\"async\"  src=\"https:\/\/hengqin-tianmu-river.intercityhotelzhuhai.com\/wp-content\/uploads\/2026\/03\/IntercityHotel-Zhuhai-Hengqin-Tianmu-River-66.webp\" alt=\"IntercityHotel Zhuhai Hengqin Tianmu River (66)\" \/>\t\t<\/div>\r\n\t\t\t\t<\/div>\t\t\t\t\t<\/div>\r\n\t\t\t\t\t\t<div class=\"grid-item\">\r\n\t\t\t\t\t\t<div class=\"nuss-box\">\t\t<div class=\"nuss-image image\">\r\n\t\t\t<img decoding=\"async\"  src=\"https:\/\/hengqin-tianmu-river.intercityhotelzhuhai.com\/wp-content\/uploads\/2026\/03\/IntercityHotel-Zhuhai-Hengqin-Tianmu-River-64.webp\" alt=\"IntercityHotel Zhuhai Hengqin Tianmu River (64)\" \/>\t\t<\/div>\r\n\t\t\t\t<\/div>\t\t\t\t\t<\/div>\r\n\t\t\t\t\t\t<div class=\"grid-item\">\r\n\t\t\t\t\t\t<div class=\"nuss-box\">\t\t<div class=\"nuss-image image\">\r\n\t\t\t<img decoding=\"async\"  src=\"https:\/\/hengqin-tianmu-river.intercityhotelzhuhai.com\/wp-content\/uploads\/2026\/03\/IntercityHotel-Zhuhai-Hengqin-Tianmu-River-65.webp\" alt=\"IntercityHotel Zhuhai Hengqin Tianmu River (65)\" \/>\t\t<\/div>\r\n\t\t\t\t<\/div>\t\t\t\t\t<\/div>\r\n\t\t\t\t\t\t<div class=\"grid-item\">\r\n\t\t\t\t\t\t<div class=\"nuss-box\">\t\t<div class=\"nuss-image image\">\r\n\t\t\t<img decoding=\"async\"  src=\"https:\/\/hengqin-tianmu-river.intercityhotelzhuhai.com\/wp-content\/uploads\/2026\/03\/IntercityHotel-Zhuhai-Hengqin-Tianmu-River-63.webp\" alt=\"IntercityHotel Zhuhai Hengqin Tianmu River (63)\" \/>\t\t<\/div>\r\n\t\t\t\t<\/div>\t\t\t\t\t<\/div>\r\n\t\t\t\t\t\t<div class=\"grid-item\">\r\n\t\t\t\t\t\t<div class=\"nuss-box\">\t\t<div class=\"nuss-image image\">\r\n\t\t\t<img decoding=\"async\"  src=\"https:\/\/hengqin-tianmu-river.intercityhotelzhuhai.com\/wp-content\/uploads\/2026\/03\/IntercityHotel-Zhuhai-Hengqin-Tianmu-River-62.webp\" alt=\"IntercityHotel Zhuhai Hengqin Tianmu River (62)\" \/>\t\t<\/div>\r\n\t\t\t\t<\/div>\t\t\t\t\t<\/div>\r\n\t\t\t\t\t\t<div class=\"grid-item\">\r\n\t\t\t\t\t\t<div class=\"nuss-box\">\t\t<div class=\"nuss-image image\">\r\n\t\t\t<img decoding=\"async\"  src=\"https:\/\/hengqin-tianmu-river.intercityhotelzhuhai.com\/wp-content\/uploads\/2026\/03\/IntercityHotel-Zhuhai-Hengqin-Tianmu-River-61.webp\" alt=\"IntercityHotel Zhuhai Hengqin Tianmu River (61)\" \/>\t\t<\/div>\r\n\t\t\t\t<\/div>\t\t\t\t\t<\/div>\r\n\t\t\t\t\t\t<div class=\"grid-item\">\r\n\t\t\t\t\t\t<div class=\"nuss-box\">\t\t<div class=\"nuss-image image\">\r\n\t\t\t<img decoding=\"async\"  src=\"https:\/\/hengqin-tianmu-river.intercityhotelzhuhai.com\/wp-content\/uploads\/2026\/03\/IntercityHotel-Zhuhai-Hengqin-Tianmu-River-59.webp\" alt=\"IntercityHotel Zhuhai Hengqin Tianmu River (59)\" \/>\t\t<\/div>\r\n\t\t\t\t<\/div>\t\t\t\t\t<\/div>\r\n\t\t\t\t\t\t<div class=\"grid-item\">\r\n\t\t\t\t\t\t<div class=\"nuss-box\">\t\t<div class=\"nuss-image image\">\r\n\t\t\t<img decoding=\"async\"  src=\"https:\/\/hengqin-tianmu-river.intercityhotelzhuhai.com\/wp-content\/uploads\/2026\/03\/IntercityHotel-Zhuhai-Hengqin-Tianmu-River-60.webp\" alt=\"IntercityHotel Zhuhai Hengqin Tianmu River (60)\" \/>\t\t<\/div>\r\n\t\t\t\t<\/div>\t\t\t\t\t<\/div>\r\n\t\t\t\t\t\t<div class=\"grid-item\">\r\n\t\t\t\t\t\t<div class=\"nuss-box\">\t\t<div class=\"nuss-image image\">\r\n\t\t\t<img decoding=\"async\"  src=\"https:\/\/hengqin-tianmu-river.intercityhotelzhuhai.com\/wp-content\/uploads\/2026\/03\/IntercityHotel-Zhuhai-Hengqin-Tianmu-River-58.webp\" alt=\"IntercityHotel Zhuhai Hengqin Tianmu River (58)\" \/>\t\t<\/div>\r\n\t\t\t\t<\/div>\t\t\t\t\t<\/div>\r\n\t\t\t\t\t\t<div class=\"grid-item\">\r\n\t\t\t\t\t\t<div class=\"nuss-box\">\t\t<div class=\"nuss-image image\">\r\n\t\t\t<img decoding=\"async\"  src=\"https:\/\/hengqin-tianmu-river.intercityhotelzhuhai.com\/wp-content\/uploads\/2026\/03\/IntercityHotel-Zhuhai-Hengqin-Tianmu-River-57.webp\" alt=\"IntercityHotel Zhuhai Hengqin Tianmu River (57)\" \/>\t\t<\/div>\r\n\t\t\t\t<\/div>\t\t\t\t\t<\/div>\r\n\t\t\t\t\t\t<div class=\"grid-item\">\r\n\t\t\t\t\t\t<div class=\"nuss-box\">\t\t<div class=\"nuss-image image\">\r\n\t\t\t<img decoding=\"async\"  src=\"https:\/\/hengqin-tianmu-river.intercityhotelzhuhai.com\/wp-content\/uploads\/2026\/03\/IntercityHotel-Zhuhai-Hengqin-Tianmu-River-56.webp\" alt=\"IntercityHotel Zhuhai Hengqin Tianmu River (56)\" \/>\t\t<\/div>\r\n\t\t\t\t<\/div>\t\t\t\t\t<\/div>\r\n\t\t\t\t\t\t<div class=\"grid-item\">\r\n\t\t\t\t\t\t<div class=\"nuss-box\">\t\t<div class=\"nuss-image image\">\r\n\t\t\t<img decoding=\"async\"  src=\"https:\/\/hengqin-tianmu-river.intercityhotelzhuhai.com\/wp-content\/uploads\/2026\/03\/IntercityHotel-Zhuhai-Hengqin-Tianmu-River-54.webp\" alt=\"IntercityHotel Zhuhai Hengqin Tianmu River (54)\" \/>\t\t<\/div>\r\n\t\t\t\t<\/div>\t\t\t\t\t<\/div>\r\n\t\t\t\t\t\t<div class=\"grid-item\">\r\n\t\t\t\t\t\t<div class=\"nuss-box\">\t\t<div class=\"nuss-image image\">\r\n\t\t\t<img decoding=\"async\"  src=\"https:\/\/hengqin-tianmu-river.intercityhotelzhuhai.com\/wp-content\/uploads\/2026\/03\/IntercityHotel-Zhuhai-Hengqin-Tianmu-River-55.webp\" alt=\"IntercityHotel Zhuhai Hengqin Tianmu River (55)\" \/>\t\t<\/div>\r\n\t\t\t\t<\/div>\t\t\t\t\t<\/div>\r\n\t\t\t\t\t\t<div class=\"grid-item\">\r\n\t\t\t\t\t\t<div class=\"nuss-box\">\t\t<div class=\"nuss-image image\">\r\n\t\t\t<img decoding=\"async\"  src=\"https:\/\/hengqin-tianmu-river.intercityhotelzhuhai.com\/wp-content\/uploads\/2026\/03\/IntercityHotel-Zhuhai-Hengqin-Tianmu-River-53.webp\" alt=\"IntercityHotel Zhuhai Hengqin Tianmu River (53)\" \/>\t\t<\/div>\r\n\t\t\t\t<\/div>\t\t\t\t\t<\/div>\r\n\t\t\t\t\t\t<div class=\"grid-item\">\r\n\t\t\t\t\t\t<div class=\"nuss-box\">\t\t<div class=\"nuss-image image\">\r\n\t\t\t<img decoding=\"async\"  src=\"https:\/\/hengqin-tianmu-river.intercityhotelzhuhai.com\/wp-content\/uploads\/2026\/03\/IntercityHotel-Zhuhai-Hengqin-Tianmu-River-49.webp\" alt=\"IntercityHotel Zhuhai Hengqin Tianmu River (49)\" \/>\t\t<\/div>\r\n\t\t\t\t<\/div>\t\t\t\t\t<\/div>\r\n\t\t\t\t\t\t\t\r\n\t\t\t<\/div>\r\n\t\t<\/div>\r\n\t\t\t\t\t\t<\/div>\n\t\t\t\t<\/div>\n\t\t\t\t\t<\/div>\n\t\t\t\t<\/div>\n\t\t<div class=\"elementor-element elementor-element-6feba6e e-flex e-con-boxed e-con e-parent\" data-id=\"6feba6e\" data-element_type=\"container\" data-e-type=\"container\">\n\t\t\t\t\t<div class=\"e-con-inner\">\n\t\t\t\t<div class=\"elementor-element elementor-element-d7d0e49 elementor-widget elementor-widget-text-editor\" data-id=\"d7d0e49\" data-element_type=\"widget\" data-e-type=\"widget\" data-widget_type=\"text-editor.default\">\n\t\t\t\t\t\t\t\t\t<div class=\"qwen-markdown-paragraph\"><span class=\"qwen-markdown-text\">Dans le paysage dynamique de <\/span><strong class=\"qwen-markdown-strong\"><span class=\"qwen-markdown-text\">Zone de coop\u00e9ration approfondie Hengqin Guangdong-Macao<\/span><\/strong><span class=\"qwen-markdown-text\">, o\u00f9 les cultures convergent et o\u00f9 l&#039;innovation prosp\u00e8re, l&#039;exp\u00e9rience culinaire \u00e0 <\/span><strong class=\"qwen-markdown-strong\"><span class=\"qwen-markdown-text\">IntercityHotel Zhuhai Hengqin Tianmu River<\/span><\/strong><span class=\"qwen-markdown-text\"> Notre restaurant, situ\u00e9 au 101, b\u00e2timent Yuxin, rue Haojiang, district de Xiangzhou, est le reflet gastronomique de cette synergie unique. Bien plus qu&#039;un simple lieu de restauration, il est une destination o\u00f9 la pr\u00e9cision de l&#039;ing\u00e9nierie allemande rencontre la richesse et la diversit\u00e9 des saveurs du sud de la Chine. Con\u00e7ue pour le voyageur d&#039;affaires exigeant, la famille en qu\u00eate de d\u00e9tente et l&#039;explorateur, notre offre culinaire allie harmonieusement standards internationaux et authenticit\u00e9 locale, le tout dans un cadre serein. <\/span><strong class=\"qwen-markdown-strong\"><span class=\"qwen-markdown-text\">Rivi\u00e8re Tianmu<\/span><\/strong><span class=\"qwen-markdown-text\">.<\/span><\/div><div class=\"qwen-markdown-space\">\u00a0<\/div><h2 class=\"qwen-markdown-heading\"><span class=\"qwen-markdown-text\">Quand l&#039;Orient rencontre l&#039;Occident dans votre assiette<\/span><\/h2><div class=\"qwen-markdown-paragraph\"><span class=\"qwen-markdown-text\">La philosophie qui sous-tend notre menu est simple mais profonde\u00a0: honorer la tradition tout en s\u2019ouvrant aux influences du monde entier. <\/span><strong class=\"qwen-markdown-strong\"><span class=\"qwen-markdown-text\">H\u00f4tel Intercity<\/span><\/strong><span class=\"qwen-markdown-text\">, Nous perp\u00e9tuons une tradition d&#039;hospitalit\u00e9 europ\u00e9enne qui s&#039;exprime pleinement dans notre cuisine. Nos h\u00f4tes peuvent y d\u00e9guster des plats authentiques. <\/span><strong class=\"qwen-markdown-strong\"><span class=\"qwen-markdown-text\">Plats d&#039;inspiration allemande<\/span><\/strong><span class=\"qwen-markdown-text\"> qui apportent un avant-go\u00fbt d&#039;Europe \u00e0 Zhuhai, des g\u00e9n\u00e9reuses saucisses de petit-d\u00e9jeuner et des bretzels frais aux escalopes pan\u00e9es classiques et aux rago\u00fbts savoureux. Ces sp\u00e9cialit\u00e9s sont pr\u00e9par\u00e9es avec un souci du d\u00e9tail m\u00e9ticuleux, garantissant que chaque bouch\u00e9e refl\u00e8te la qualit\u00e9 et la constance qui font la renomm\u00e9e de la marque dans le monde entier.<\/span><\/div><div class=\"qwen-markdown-space\">\u00a0<\/div><div class=\"qwen-markdown-paragraph\"><span class=\"qwen-markdown-text\">Pourtant, nous sommes profond\u00e9ment enracin\u00e9s dans notre r\u00e9gion. Nos chefs sont des ma\u00eetres de <\/span><strong class=\"qwen-markdown-strong\"><span class=\"qwen-markdown-text\">cuisine chinoise authentique<\/span><\/strong><span class=\"qwen-markdown-text\">, en \u00e9laborant notamment des menus qui mettent en valeur les saveurs fra\u00eeches et d\u00e9licates de <\/span><strong class=\"qwen-markdown-strong\"><span class=\"qwen-markdown-text\">cuisine cantonaise<\/span><\/strong><span class=\"qwen-markdown-text\"> et les riches traditions culinaires du Guangdong. Des dim sum aux soupes mijot\u00e9es, en passant par les sp\u00e9cialit\u00e9s saut\u00e9es au wok \u00e0 base de fruits de mer locaux et de l\u00e9gumes de saison, notre cuisine raconte l&#039;histoire de la r\u00e9gion. Cette double approche cr\u00e9e un cadre unique o\u00f9, dans un m\u00eame espace \u00e9l\u00e9gant, vous pourrez savourer un petit-d\u00e9jeuner allemand traditionnel le matin et un d\u00eener raffin\u00e9 de style banquet chinois le soir.<\/span><\/div><div class=\"qwen-markdown-space\">\u00a0<\/div><h2 class=\"qwen-markdown-heading\"><span class=\"qwen-markdown-text\">Une exp\u00e9rience culinaire tout au long de la journ\u00e9e\u00a0: du lever au coucher du soleil<\/span><\/h2><div class=\"qwen-markdown-paragraph\"><span class=\"qwen-markdown-text\">Notre restaurant fonctionne comme un lieu de rencontre anim\u00e9 tout au long de la journ\u00e9e, adaptant son ambiance et son menu au rythme de votre s\u00e9jour.<\/span><\/div><div class=\"qwen-markdown-space\">\u00a0<\/div><h3 class=\"qwen-markdown-heading\"><strong class=\"qwen-markdown-strong\"><span class=\"qwen-markdown-text\">Le rituel matinal : un petit-d\u00e9jeuner buffet international<\/span><\/strong><\/h3><div class=\"qwen-markdown-paragraph\"><span class=\"qwen-markdown-text\">Commencez votre journ\u00e9e en pleine forme gr\u00e2ce \u00e0 notre copieux buffet de petit-d\u00e9jeuner, largement consid\u00e9r\u00e9 comme l&#039;un des meilleurs du pays. <\/span><strong class=\"qwen-markdown-strong\"><span class=\"qwen-markdown-text\">R\u00e9gion de Hengqin<\/span><\/strong><span class=\"qwen-markdown-text\">. Nous savons qu&#039;une belle journ\u00e9e commence par un bon repas. Notre menu propose une s\u00e9lection compl\u00e8te de <\/span><strong class=\"qwen-markdown-strong\"><span class=\"qwen-markdown-text\">Classiques occidentaux<\/span><\/strong><span class=\"qwen-markdown-text\">, notamment des viennoiseries fra\u00eechement pr\u00e9par\u00e9es, des pains artisanaux, des \u0153ufs brouill\u00e9s, du bacon et des fromages de qualit\u00e9 sup\u00e9rieure. \u00c0 c\u00f4t\u00e9 de cela, un espace d\u00e9di\u00e9 <\/span><strong class=\"qwen-markdown-strong\"><span class=\"qwen-markdown-text\">Station chinoise<\/span><\/strong><span class=\"qwen-markdown-text\"> Nous proposons du congee chaud, des nouilles saut\u00e9es, des brioches vapeur et des l\u00e9gumes marin\u00e9s. Les amateurs de caf\u00e9 pourront se r\u00e9galer de notre s\u00e9lection. <\/span><strong class=\"qwen-markdown-strong\"><span class=\"qwen-markdown-text\">caf\u00e9 filtre de qualit\u00e9 sup\u00e9rieure<\/span><\/strong><span class=\"qwen-markdown-text\"> et un bar \u00e0 expresso, tandis que les amateurs de th\u00e9 pourront choisir parmi une vari\u00e9t\u00e9 de th\u00e9s chinois traditionnels. Que vous ayez besoin d&#039;un petit creux avant une r\u00e9union dans la Zone de coop\u00e9ration ou d&#039;un brunch familial tranquille avant de vous rendre \u00e0 <\/span><strong class=\"qwen-markdown-strong\"><span class=\"qwen-markdown-text\">Royaume oc\u00e9anique de Chimelong<\/span><\/strong><span class=\"qwen-markdown-text\">, notre petit-d\u00e9jeuner donne le ton parfait.<\/span><\/div><div class=\"qwen-markdown-space\">\u00a0<\/div><h3 class=\"qwen-markdown-heading\"><strong class=\"qwen-markdown-strong\"><span class=\"qwen-markdown-text\">D\u00e9jeuner et d\u00eener\u00a0: Saveurs du monde entier, \u00e2me locale<\/span><\/strong><\/h3><div class=\"qwen-markdown-paragraph\"><span class=\"qwen-markdown-text\">Au fil de la journ\u00e9e, le restaurant se transforme en un lieu raffin\u00e9 pour le d\u00e9jeuner et le d\u00eener. Nos plats \u00e0 la carte et nos buffets sont r\u00e9guli\u00e8rement renouvel\u00e9s pour garantir fra\u00eecheur et vari\u00e9t\u00e9. Les voyageurs d&#039;affaires appr\u00e9cient particuli\u00e8rement nos formules d\u00e9jeuner express, con\u00e7ues pour un repas rapide et savoureux. Le soir, l&#039;ambiance se fait plus d\u00e9tendue, invitant les convives \u00e0 savourer un d\u00eener gastronomique compos\u00e9 de plusieurs plats, v\u00e9ritables t\u00e9moignages de la cr\u00e9ativit\u00e9 du chef. Au menu\u00a0: un m\u00e9lange harmonieux de grillades internationales, de p\u00e2tes et de sp\u00e9cialit\u00e9s chinoises, \u00e9labor\u00e9es \u00e0 partir des meilleurs produits du delta de la rivi\u00e8re des Perles.<\/span><\/div><div class=\"qwen-markdown-space\">\u00a0<\/div><h2 class=\"qwen-markdown-heading\"><span class=\"qwen-markdown-text\">D\u00eener avec vue : L&#039;ambiance de la rivi\u00e8re Tianmu<\/span><\/h2><div class=\"qwen-markdown-paragraph\"><span class=\"qwen-markdown-text\">La nourriture est encore meilleure dans un cadre inspirant. Notre restaurant est dot\u00e9 de baies vitr\u00e9es offrant une vue imprenable sur la r\u00e9gion. <\/span><strong class=\"qwen-markdown-strong\"><span class=\"qwen-markdown-text\">Rivi\u00e8re Tianmu<\/span><\/strong><span class=\"qwen-markdown-text\">. Cet \u00e9l\u00e9ment naturel constitue l&#039;\u00e2me de notre salle \u00e0 manger, offrant une \u00e9chappatoire paisible \u00e0 l&#039;agitation du quartier de Hengqin.<\/span><\/div><div class=\"qwen-markdown-space\">\u00a0<\/div><ul class=\"qwen-markdown-list\" dir=\"auto\"><li><strong class=\"qwen-markdown-strong\"><span class=\"qwen-markdown-text\">Jour:<\/span><\/strong><span class=\"qwen-markdown-text\"> Baign\u00e9e de lumi\u00e8re naturelle, la vue sur la rivi\u00e8re offre un cadre id\u00e9al pour des d\u00e9jeuners d&#039;affaires ou des r\u00e9unions informelles autour d&#039;un caf\u00e9. Contemplez le doux clapotis de l&#039;eau tout en \u00e9laborant des strat\u00e9gies ou en planifiant votre prochaine aventure.<\/span><\/li><li><strong class=\"qwen-markdown-strong\"><span class=\"qwen-markdown-text\">Soir\u00e9e:<\/span><\/strong><span class=\"qwen-markdown-text\"> Au coucher du soleil, l&#039;ambiance se pare d&#039;une douce lueur romantique. Le reflet des lumi\u00e8res de la ville sur le fleuve cr\u00e9e un d\u00e9cor magique pour des d\u00eeners intimes ou des repas de f\u00eate. Le design int\u00e9rieur, caract\u00e9ris\u00e9 par des lignes modernes et des si\u00e8ges confortables, s&#039;harmonise avec le paysage ext\u00e9rieur, garantissant une exp\u00e9rience visuelle aussi m\u00e9morable que l&#039;exp\u00e9rience culinaire.<\/span><\/li><\/ul><div class=\"qwen-markdown-space\">\u00a0<\/div><h2 class=\"qwen-markdown-heading\"><span class=\"qwen-markdown-text\">Engagement envers la qualit\u00e9 et le service<\/span><\/h2><div class=\"qwen-markdown-paragraph\"><span class=\"qwen-markdown-text\">\u00c0 <\/span><strong class=\"qwen-markdown-strong\"><span class=\"qwen-markdown-text\">IntercityHotel Zhuhai Hengqin Tianmu River<\/span><\/strong><span class=\"qwen-markdown-text\">, Chez Zhuhai, nous sommes convaincus qu&#039;une cuisine d&#039;exception s&#039;accompagne d&#039;un service irr\u00e9prochable. Notre \u00e9quipe de salle est form\u00e9e pour anticiper les besoins d&#039;une client\u00e8le internationale et diversifi\u00e9e. Gr\u00e2ce \u00e0 notre personnel multilingue, chaque client se sent accueilli et valoris\u00e9. Nous privil\u00e9gions l&#039;hygi\u00e8ne, la fra\u00eecheur et le d\u00e9veloppement durable, en nous approvisionnant aupr\u00e8s de fournisseurs locaux de confiance afin de soutenir la communaut\u00e9 de Zhuhai, tout en respectant les normes de s\u00e9curit\u00e9 internationales les plus strictes.<\/span><\/div><div class=\"qwen-markdown-space\">\u00a0<\/div><div class=\"qwen-markdown-paragraph\"><span class=\"qwen-markdown-text\">Que vous organisiez une petite r\u00e9union d&#039;entreprise, profitiez d&#039;un repas en toute tranquillit\u00e9 ou c\u00e9l\u00e9briez une occasion sp\u00e9ciale en famille, notre restaurant vous offre un cadre chaleureux et modulable. Nous nous adaptons \u00e0 diff\u00e9rents r\u00e9gimes alimentaires et proposons des options v\u00e9g\u00e9tariennes, v\u00e9ganes et sans allerg\u00e8nes.<\/span><\/div><div class=\"qwen-markdown-space\">\u00a0<\/div><h2 class=\"qwen-markdown-heading\"><span class=\"qwen-markdown-text\">Votre porte d&#039;entr\u00e9e culinaire vers Zhuhai<\/span><\/h2><div class=\"qwen-markdown-paragraph\"><span class=\"qwen-markdown-text\">D\u00eener dans notre restaurant fait partie int\u00e9grante de l&#039;exp\u00e9rience. <\/span><strong class=\"qwen-markdown-strong\"><span class=\"qwen-markdown-text\">H\u00f4tel Intercity<\/span><\/strong><span class=\"qwen-markdown-text\"> L&#039;exp\u00e9rience. C&#039;est un lieu o\u00f9 l&#039;efficacit\u00e9 de l&#039;hospitalit\u00e9 allemande se m\u00eale \u00e0 la chaleur de la culture chinoise, cr\u00e9ant une saveur unique que l&#039;on ne trouve qu&#039;ici. <\/span><strong class=\"qwen-markdown-strong\"><span class=\"qwen-markdown-text\">Zone de coop\u00e9ration approfondie Guangdong-Macao<\/span><\/strong><span class=\"qwen-markdown-text\">.<\/span><\/div><div class=\"qwen-markdown-space\">\u00a0<\/div><div class=\"qwen-markdown-paragraph\"><span class=\"qwen-markdown-text\">Id\u00e9alement situ\u00e9 \u00e0 <\/span><strong class=\"qwen-markdown-strong\"><span class=\"qwen-markdown-text\">Route de Haojiang<\/span><\/strong><span class=\"qwen-markdown-text\">, Notre restaurant est facilement accessible aux clients de l&#039;h\u00f4tel comme aux visiteurs. Apr\u00e8s une journ\u00e9e d&#039;exploration <\/span><strong class=\"qwen-markdown-strong\"><span class=\"qwen-markdown-text\">Macao<\/span><\/strong><span class=\"qwen-markdown-text\">, Que vous soyez en voyage d&#039;affaires dans les parcs technologiques ou en vacances dans les parcs d&#039;attractions, retrouvez le confort de notre restaurant. Laissez-nous nourrir votre corps et votre esprit avec des saveurs qui transcendent les fronti\u00e8res.<\/span><\/div><div class=\"qwen-markdown-space\">\u00a0<\/div><div class=\"qwen-markdown-paragraph\" data-spm-anchor-id=\"a2ty_o01.29997173.0.i19.5c315171uMx9jI\"><span class=\"qwen-markdown-text\">D\u00e9couvrez les saveurs de Hengqin \u00e0 <\/span><strong class=\"qwen-markdown-strong\"><span class=\"qwen-markdown-text\">IntercityHotel Zhuhai Hengqin Tianmu River<\/span><\/strong><span class=\"qwen-markdown-text\">\u2014o\u00f9 chaque repas est un voyage, et chaque paysage un souvenir \u00e0 cr\u00e9er.<\/span><\/div>\t\t\t\t\t\t\t\t<\/div>\n\t\t\t\t\t<\/div>\n\t\t\t\t<\/div>\n\t\t\t\t<\/div>","protected":false},"excerpt":{"rendered":"<p>A Culinary Fusion at the Heart of Hengqin: Dining at IntercityHotel Zhuhai Hengqin Tianmu River In the dynamic landscape of the Hengqin Guangdong-Macao In-Depth Cooperation Zone, where cultures converge and innovation thrives, the dining experience at IntercityHotel Zhuhai Hengqin Tianmu River stands as a gastronomic reflection of this unique synergy. Located at Room 101, Yuxin [&hellip;]<\/p>\n","protected":false},"author":1,"featured_media":0,"parent":0,"menu_order":0,"comment_status":"closed","ping_status":"closed","template":"elementor_header_footer","meta":{"footnotes":""},"class_list":["post-612","page","type-page","status-publish","hentry","post-no-thumbnail"],"_links":{"self":[{"href":"https:\/\/hengqin-tianmu-river.intercityhotelzhuhai.com\/fr\/wp-json\/wp\/v2\/pages\/612","targetHints":{"allow":["GET"]}}],"collection":[{"href":"https:\/\/hengqin-tianmu-river.intercityhotelzhuhai.com\/fr\/wp-json\/wp\/v2\/pages"}],"about":[{"href":"https:\/\/hengqin-tianmu-river.intercityhotelzhuhai.com\/fr\/wp-json\/wp\/v2\/types\/page"}],"author":[{"embeddable":true,"href":"https:\/\/hengqin-tianmu-river.intercityhotelzhuhai.com\/fr\/wp-json\/wp\/v2\/users\/1"}],"replies":[{"embeddable":true,"href":"https:\/\/hengqin-tianmu-river.intercityhotelzhuhai.com\/fr\/wp-json\/wp\/v2\/comments?post=612"}],"version-history":[{"count":0,"href":"https:\/\/hengqin-tianmu-river.intercityhotelzhuhai.com\/fr\/wp-json\/wp\/v2\/pages\/612\/revisions"}],"wp:attachment":[{"href":"https:\/\/hengqin-tianmu-river.intercityhotelzhuhai.com\/fr\/wp-json\/wp\/v2\/media?parent=612"}],"curies":[{"name":"wp","href":"https:\/\/api.w.org\/{rel}","templated":true}]}}