{"id":647,"date":"2021-03-29T02:13:52","date_gmt":"2021-03-29T02:13:52","guid":{"rendered":"http:\/\/localhost\/nuss\/?page_id=647"},"modified":"2026-03-17T06:40:43","modified_gmt":"2026-03-17T06:40:43","slug":"services","status":"publish","type":"page","link":"https:\/\/hengqin-tianmu-river.intercityhotelzhuhai.com\/fr\/services\/","title":{"rendered":"Services"},"content":{"rendered":"<div data-elementor-type=\"wp-page\" data-elementor-id=\"647\" class=\"elementor elementor-647\">\n\t\t\t\t\t\t<section class=\"elementor-section elementor-top-section elementor-element elementor-element-3353bc8 elementor-section-boxed elementor-section-gap-beside-yes elementor-section-height-default elementor-section-height-default elementor-section-column-vertical-align-stretch\" data-id=\"3353bc8\" data-element_type=\"section\" data-e-type=\"section\">\n\t\t\t\t\t\t<div class=\"elementor-container elementor-column-gap-extended\">\n\t\t\t\t\t<div class=\"elementor-column elementor-col-100 elementor-top-column elementor-element elementor-element-0a2bc64\" data-id=\"0a2bc64\" data-element_type=\"column\" data-e-type=\"column\">\n\t\t\t<div class=\"elementor-widget-wrap elementor-element-populated\">\n\t\t\t\t\t\t<div class=\"elementor-element elementor-element-447e3ef elementor-widget__width-initial elementor-invisible elementor-widget elementor-widget-text-editor\" data-id=\"447e3ef\" data-element_type=\"widget\" data-e-type=\"widget\" data-settings=\"{&quot;_animation&quot;:&quot;nussFadeInUp&quot;}\" data-widget_type=\"text-editor.default\">\n\t\t\t\t\t\t\t\t\tService irr\u00e9prochable\u00a0: L\u2019exp\u00e9rience IntercityHotel Zhuhai Hengqin Tianmu River\t\t\t\t\t\t\t\t<\/div>\n\t\t\t\t\t<\/div>\n\t\t<\/div>\n\t\t\t\t\t<\/div>\n\t\t<\/section>\n\t\t<div class=\"elementor-element elementor-element-921b852 e-flex e-con-boxed e-con e-parent\" data-id=\"921b852\" data-element_type=\"container\" data-e-type=\"container\">\n\t\t\t\t\t<div class=\"e-con-inner\">\n\t\t\t\t<div class=\"elementor-element elementor-element-1526505 elementor-widget elementor-widget-text-editor\" data-id=\"1526505\" data-element_type=\"widget\" data-e-type=\"widget\" data-widget_type=\"text-editor.default\">\n\t\t\t\t\t\t\t\t\t<div class=\"qwen-markdown-paragraph\" data-spm-anchor-id=\"a2ty_o01.29997173.0.i17.5c315171uMx9jI\"><span class=\"qwen-markdown-text\" data-spm-anchor-id=\"a2ty_o01.29997173.0.i18.5c315171uMx9jI\">\u00c0 <\/span><strong class=\"qwen-markdown-strong\"><span class=\"qwen-markdown-text\">IntercityHotel Zhuhai Hengqin Tianmu River<\/span><\/strong><span class=\"qwen-markdown-text\">, situ\u00e9 au 101, b\u00e2timent Yuxin, rue Haojiang, en plein c\u0153ur de <\/span><strong class=\"qwen-markdown-strong\"><span class=\"qwen-markdown-text\">Zone de coop\u00e9ration approfondie Hengqin Guangdong-Macao<\/span><\/strong><span class=\"qwen-markdown-text\">, Le service n&#039;est pas un simple d\u00e9partement, il est au c\u0153ur de notre identit\u00e9. Nous savons que le voyageur moderne, qu&#039;il sillonne la r\u00e9gion de la baie de San Francisco ou qu&#039;une famille part \u00e0 l&#039;aventure dans un parc d&#039;attractions, exige bien plus qu&#039;un simple h\u00e9bergement. Il a besoin d&#039;un syst\u00e8me d&#039;assistance fluide, efficace et intuitif, capable d&#039;anticiper ses besoins. Notre gamme compl\u00e8te de services est con\u00e7ue pour faciliter votre voyage et vous permettre de vous concentrer sur l&#039;essentiel\u00a0: vos affaires, vos loisirs et votre tranquillit\u00e9 d&#039;esprit.<\/span><\/div><div class=\"qwen-markdown-space\">\u00a0<\/div><h2 class=\"qwen-markdown-heading\"><span class=\"qwen-markdown-text\">Service de conciergerie et d&#039;accueil d&#039;excellence 24h\/24 et 7j\/7<\/span><\/h2><div class=\"qwen-markdown-paragraph\"><span class=\"qwen-markdown-text\">Le c\u0153ur de notre service, c&#039;est notre <\/span><strong class=\"qwen-markdown-strong\"><span class=\"qwen-markdown-text\">R\u00e9ception ouverte 24h\/24<\/span><\/strong><span class=\"qwen-markdown-text\">. Dans une zone qui ne dort jamais, o\u00f9 les affaires s&#039;\u00e9tendent sur plusieurs fuseaux horaires et o\u00f9 les vols arrivent \u00e0 toute heure, notre \u00e9quipe est disponible 24h\/24 et 7j\/7. Notre personnel multilingue \u2013 parlant couramment le mandarin, l&#039;anglais et souvent le cantonais \u2013 est votre interlocuteur privil\u00e9gi\u00e9 \u00e0 Zhuhai et au-del\u00e0.<\/span><\/div><div class=\"qwen-markdown-space\">\u00a0<\/div><ul class=\"qwen-markdown-list\" dir=\"auto\"><li><strong class=\"qwen-markdown-strong\"><span class=\"qwen-markdown-text\">Arriv\u00e9e et d\u00e9part :<\/span><\/strong><span class=\"qwen-markdown-text\"> Nous proposons des proc\u00e9dures d&#039;arriv\u00e9e et de d\u00e9part simplifi\u00e9es afin de minimiser les temps d&#039;attente. Pour les arriv\u00e9es anticip\u00e9es ou les d\u00e9parts tardifs, notre service gratuit <\/span><strong class=\"qwen-markdown-strong\"><span class=\"qwen-markdown-text\">bagagerie<\/span><\/strong><span class=\"qwen-markdown-text\"> Ce service garantit la s\u00e9curit\u00e9 de vos biens, vous permettant ainsi d&#039;explorer. <\/span><strong class=\"qwen-markdown-strong\"><span class=\"qwen-markdown-text\">Port de Hengqin<\/span><\/strong><span class=\"qwen-markdown-text\">, visite <\/span><strong class=\"qwen-markdown-strong\"><span class=\"qwen-markdown-text\">Royaume oc\u00e9anique de Chimelong<\/span><\/strong><span class=\"qwen-markdown-text\">, ou assister \u00e0 des r\u00e9unions sans \u00eatre encombr\u00e9 de bagages.<\/span><\/li><li><strong class=\"qwen-markdown-strong\"><span class=\"qwen-markdown-text\">Expertise locale :<\/span><\/strong><span class=\"qwen-markdown-text\"> Notre \u00e9quipe de concierges poss\u00e8de une connaissance approfondie de la r\u00e9gion. Que vous ayez besoin d&#039;aide pour organiser un transfert priv\u00e9 vers <\/span><strong class=\"qwen-markdown-strong\"><span class=\"qwen-markdown-text\">A\u00e9roport de Zhuhai-Jinwan<\/span><\/strong><span class=\"qwen-markdown-text\">, Qu\u2019il s\u2019agisse de r\u00e9server des billets pour les attractions locales, de s\u2019y retrouver dans les proc\u00e9dures douani\u00e8res complexes pour entrer \u00e0 Macao ou de trouver le meilleur restaurant cantonais authentique \u00e0 proximit\u00e9, notre \u00e9quipe vous fournit des recommandations personnalis\u00e9es et un soutien logistique.<\/span><\/li><li><strong class=\"qwen-markdown-strong\"><span class=\"qwen-markdown-text\">Soutien aux entreprises :<\/span><\/strong><span class=\"qwen-markdown-text\"> Consciente des besoins des voyageurs d&#039;affaires, la r\u00e9ception peut vous assister pour les impressions urgentes, la num\u00e9risation, les services de messagerie et les traductions, garantissant ainsi la continuit\u00e9 de vos activit\u00e9s professionnelles m\u00eame lorsque vous \u00eates loin de votre bureau \u00e0 domicile.<\/span><\/li><\/ul><div class=\"qwen-markdown-space\">\u00a0<\/div><h2 class=\"qwen-markdown-heading\"><span class=\"qwen-markdown-text\">Bien-\u00eatre et loisirs : ressourcez votre corps et votre esprit<\/span><\/h2><div class=\"qwen-markdown-paragraph\"><span class=\"qwen-markdown-text\">Apr\u00e8s une journ\u00e9e de n\u00e9gociations intenses ou d&#039;exploration du vaste domaine de Chimelong, nos installations de bien-\u00eatre offrent un havre de paix propice \u00e0 la d\u00e9tente. Nous sommes convaincus que le bien-\u00eatre physique est essentiel \u00e0 la productivit\u00e9 et \u00e0 l&#039;\u00e9panouissement personnel.<\/span><\/div><div class=\"qwen-markdown-space\">\u00a0<\/div><ul class=\"qwen-markdown-list\" dir=\"auto\"><li><strong class=\"qwen-markdown-strong\"><span class=\"qwen-markdown-text\">Centre de remise en forme ouvert 24h\/24\u00a0:<\/span><\/strong><span class=\"qwen-markdown-text\"> Notre salle de sport ultramoderne est accessible 24h\/24, s&#039;adaptant ainsi aux horaires irr\u00e9guliers des voyageurs internationaux. \u00c9quip\u00e9e d&#039;appareils de cardio-training modernes, d&#039;halt\u00e8res et de mat\u00e9riel de musculation, elle vous permet de maintenir votre routine d&#039;entra\u00eenement d\u00e8s que l&#039;envie vous prend. L&#039;espace est con\u00e7u avec une ventilation et un \u00e9clairage stimulants, cr\u00e9ant un environnement motivant pour une s\u00e9ance de course matinale ou une s\u00e9ance de relaxation en fin de soir\u00e9e.<\/span><\/li><li><strong class=\"qwen-markdown-strong\"><span class=\"qwen-markdown-text\">Piscine:<\/span><\/strong><span class=\"qwen-markdown-text\"> Plongez dans notre piscine accueillante, id\u00e9ale pour quelques longueurs ou pour vous d\u00e9tendre en flottant. L&#039;espace piscine est entretenu selon les normes d&#039;hygi\u00e8ne et de s\u00e9curit\u00e9 les plus strictes, offrant une pause rafra\u00eechissante loin de la chaleur humide de Zhuhai. C&#039;est un lieu id\u00e9al pour les familles qui souhaitent se d\u00e9tendre ensemble ou pour les voyageurs solitaires qui recherchent un moment de tranquillit\u00e9 en admirant l&#039;architecture moderne environnante.<\/span><\/li><\/ul><div class=\"qwen-markdown-space\">\u00a0<\/div><h2 class=\"qwen-markdown-heading\"><span class=\"qwen-markdown-text\">Services culinaires : Une exp\u00e9rience gastronomique sans fronti\u00e8res<\/span><\/h2><div class=\"qwen-markdown-paragraph\"><span class=\"qwen-markdown-text\">Nos services de restauration s&#039;\u00e9tendent au-del\u00e0 de la salle du restaurant et sont con\u00e7us pour s&#039;adapter \u00e0 votre emploi du temps, et non l&#039;inverse.<\/span><\/div><div class=\"qwen-markdown-space\">\u00a0<\/div><ul class=\"qwen-markdown-list\" dir=\"auto\"><li><strong class=\"qwen-markdown-strong\"><span class=\"qwen-markdown-text\">Restauration toute la journ\u00e9e\u00a0:<\/span><\/strong><span class=\"qwen-markdown-text\"> Notre restaurant principal propose un buffet international vari\u00e9 pour le petit-d\u00e9jeuner et le d\u00eener, m\u00ealant classiques allemands et saveurs chinoises authentiques. Mais notre service ne s&#039;arr\u00eate pas aux heures des repas.<\/span><\/li><li><strong class=\"qwen-markdown-strong\"><span class=\"qwen-markdown-text\">Bar et salon du hall\u00a0:<\/span><\/strong><span class=\"qwen-markdown-text\"> Pour des r\u00e9unions informelles ou un verre en toute tranquillit\u00e9, le bar de notre hall offre une ambiance d\u00e9tendue et une s\u00e9lection de caf\u00e9s, th\u00e9s, cocktails et en-cas l\u00e9gers de qualit\u00e9. C&#039;est le cadre id\u00e9al pour des discussions d&#039;affaires informelles ou pour se d\u00e9tendre avec un livre.<\/span><\/li><li><strong class=\"qwen-markdown-strong\"><span class=\"qwen-markdown-text\">Confort en chambre\u00a0:<\/span><\/strong><span class=\"qwen-markdown-text\"> Nous privil\u00e9gions le c\u00f4t\u00e9 convivial des repas, mais nous respectons aussi l&#039;intimit\u00e9 de ceux qui le souhaitent. Notre service en chambre (sous r\u00e9serve des horaires d&#039;ouverture) et nos distributeurs automatiques vous garantissent de ne jamais avoir faim, en vous livrant des repas et des boissons de qualit\u00e9 directement \u00e0 votre porte.<\/span><\/li><\/ul><div class=\"qwen-markdown-space\">\u00a0<\/div><h2 class=\"qwen-markdown-heading\"><span class=\"qwen-markdown-text\">Services de technologie intelligente et de connectivit\u00e9<\/span><\/h2><div class=\"qwen-markdown-paragraph\"><span class=\"qwen-markdown-text\">Fid\u00e8le \u00e0 la <\/span><strong class=\"qwen-markdown-strong\"><span class=\"qwen-markdown-text\">H\u00f4tel Intercity<\/span><\/strong><span class=\"qwen-markdown-text\"> Forts de l&#039;h\u00e9ritage de notre marque en mati\u00e8re d&#039;\u201c ing\u00e9nierie allemande \u201d, nos services reposent sur une technologie robuste con\u00e7ue pour l&#039;\u00e8re num\u00e9rique.<\/span><\/div><div class=\"qwen-markdown-space\">\u00a0<\/div><ul class=\"qwen-markdown-list\" dir=\"auto\"><li><strong class=\"qwen-markdown-strong\"><span class=\"qwen-markdown-text\">Wi-Fi haut d\u00e9bit\u00a0:<\/span><\/strong><span class=\"qwen-markdown-text\"> Un acc\u00e8s Wi-Fi gratuit et performant couvre l&#039;ensemble de l&#039;\u00e9tablissement, des chambres aux salles de r\u00e9union en passant par le hall d&#039;entr\u00e9e. Ce r\u00e9seau est optimis\u00e9 pour les activit\u00e9s gourmandes en bande passante, garantissant des visioconf\u00e9rences d&#039;une qualit\u00e9 exceptionnelle et des transferts de fichiers volumineux instantan\u00e9s.<\/span><\/li><li><strong class=\"qwen-markdown-strong\"><span class=\"qwen-markdown-text\">Fonctionnalit\u00e9s des chambres intelligentes\u00a0:<\/span><\/strong><span class=\"qwen-markdown-text\"> Nos chambres sont \u00e9quip\u00e9es de syst\u00e8mes de commande intuitifs pour l&#039;\u00e9clairage, la temp\u00e9rature et le divertissement. Les clients peuvent facilement connecter leurs appareils personnels aux grands t\u00e9l\u00e9viseurs intelligents, transformant ainsi leur chambre en un espace de divertissement personnel ou en un espace de travail secondaire.<\/span><\/li><li><strong class=\"qwen-markdown-strong\"><span class=\"qwen-markdown-text\">Services assist\u00e9s par robots\u00a0:<\/span><\/strong><span class=\"qwen-markdown-text\"> R\u00e9solument tourn\u00e9 vers l&#039;innovation, l&#039;h\u00f4tel utilise des robots de service pour des t\u00e2ches sp\u00e9cifiques, comme la livraison d&#039;articles de toilette ou de petits objets dans les chambres. Cette alliance entre efficacit\u00e9 technologique et convivialit\u00e9 garantit un traitement rapide et pr\u00e9cis de vos demandes, et apporte une touche futuriste \u00e0 votre s\u00e9jour.<\/span><\/li><\/ul><div class=\"qwen-markdown-space\">\u00a0<\/div><h2 class=\"qwen-markdown-heading\"><span class=\"qwen-markdown-text\">H\u00e9bergements pour familles et groupes<\/span><\/h2><div class=\"qwen-markdown-paragraph\"><span class=\"qwen-markdown-text\">Nous savons que les voyages se font souvent en groupe, et nos services sont adapt\u00e9s aussi bien aux familles qu&#039;aux \u00e9quipes d&#039;entreprises.<\/span><\/div><div class=\"qwen-markdown-space\">\u00a0<\/div><ul class=\"qwen-markdown-list\" dir=\"auto\"><li><strong class=\"qwen-markdown-strong\"><span class=\"qwen-markdown-text\">\u00c9quipements adapt\u00e9s aux familles\u00a0:<\/span><\/strong><span class=\"qwen-markdown-text\"> Pour les familles avec enfants, nous proposons des lits b\u00e9b\u00e9 sur demande et pouvons vous conseiller sur les restaurants et activit\u00e9s adapt\u00e9s aux familles \u00e0 Hengqin. Nos chambres spacieuses et notre environnement s\u00fbr et propre font de notre \u00e9tablissement un choix privil\u00e9gi\u00e9 pour les parents visitant les parcs d&#039;attractions environnants.<\/span><\/li><li><strong class=\"qwen-markdown-strong\"><span class=\"qwen-markdown-text\">Blanchisserie et service de voiturier\u00a0:<\/span><\/strong><span class=\"qwen-markdown-text\"> Rester impeccable en voyage est essentiel. Nous proposons des services de blanchisserie et de nettoyage \u00e0 sec professionnels avec des d\u00e9lais rapides. Pour les longs s\u00e9jours, des laveries automatiques sont souvent disponibles, offrant confort et \u00e9conomies aux voyageurs de passage.<\/span><\/li><li><strong class=\"qwen-markdown-strong\"><span class=\"qwen-markdown-text\">Stationnement et transport :<\/span><\/strong><span class=\"qwen-markdown-text\"> Pour les automobilistes circulant dans la r\u00e9gion de la Baie de San Francisco, nous mettons \u00e0 votre disposition un parking s\u00e9curis\u00e9 sur place. Notre \u00e9quipe peut \u00e9galement vous aider \u00e0 r\u00e9server des taxis et \u00e0 utiliser des applications de VTC, vous assurant ainsi un transport fiable jusqu&#039;\u00e0 votre destination. <\/span><strong class=\"qwen-markdown-strong\"><span class=\"qwen-markdown-text\">Gare de Hengqin<\/span><\/strong><span class=\"qwen-markdown-text\"> ou toute autre destination \u00e0 Zhuhai.<\/span><\/li><\/ul><div class=\"qwen-markdown-space\">\u00a0<\/div><h2 class=\"qwen-markdown-heading\"><span class=\"qwen-markdown-text\">Un engagement envers la s\u00e9curit\u00e9 et l&#039;hygi\u00e8ne<\/span><\/h2><div class=\"qwen-markdown-paragraph\"><span class=\"qwen-markdown-text\">Dans le monde actuel, la tranquillit\u00e9 d&#039;esprit en mati\u00e8re de sant\u00e9 et de s\u00e9curit\u00e9 est primordiale. L&#039;IntercityHotel Zhuhai Hengqin Tianmu River respecte les normes d&#039;hygi\u00e8ne internationales les plus strictes. Notre \u00e9quipe d&#039;entretien m\u00e9nager applique des protocoles de nettoyage renforc\u00e9s, utilisant des d\u00e9sinfectants de qualit\u00e9 hospitali\u00e8re dans les zones fr\u00e9quemment touch\u00e9es. Les espaces communs sont r\u00e9guli\u00e8rement d\u00e9sinfect\u00e9s et notre personnel est form\u00e9 aux derni\u00e8res directives en mati\u00e8re de sant\u00e9 et de s\u00e9curit\u00e9 afin de garantir un environnement s\u00fbr \u00e0 chaque client.<\/span><\/div><div class=\"qwen-markdown-space\">\u00a0<\/div><h2 class=\"qwen-markdown-heading\"><span class=\"qwen-markdown-text\">La promesse d&#039;IntercityHotel<\/span><\/h2><div class=\"qwen-markdown-paragraph\" data-spm-anchor-id=\"a2ty_o01.29997173.0.i15.5c315171uMx9jI\"><span class=\"qwen-markdown-text\">\u00c0 <\/span><strong class=\"qwen-markdown-strong\"><span class=\"qwen-markdown-text\">IntercityHotel Zhuhai Hengqin Tianmu River<\/span><\/strong><span class=\"qwen-markdown-text\">, Nos services sont con\u00e7us pour \u00eatre discrets tout en \u00e9tant indispensables. Nous nous effor\u00e7ons de cr\u00e9er un \u00e9cosyst\u00e8me o\u00f9 chaque besoin est combl\u00e9 avec pr\u00e9cision, bienveillance et efficacit\u00e9. D\u00e8s votre arriv\u00e9e sur notre site, vous b\u00e9n\u00e9ficiez d&#039;une exp\u00e9rience personnalis\u00e9e. <\/span><strong class=\"qwen-markdown-strong\"><span class=\"qwen-markdown-text\">Route de Haojiang<\/span><\/strong><span class=\"qwen-markdown-text\"> jusqu&#039;au moment de votre d\u00e9part pour votre prochaine destination, notre \u00e9quipe d\u00e9vou\u00e9e s&#039;engage \u00e0 rendre votre s\u00e9jour au <\/span><strong class=\"qwen-markdown-strong\"><span class=\"qwen-markdown-text\">Zone de coop\u00e9ration approfondie Guangdong-Macao<\/span><\/strong><span class=\"qwen-markdown-text\"> Tout simplement exceptionnel. Nous ne nous contentons pas de vous accueillir\u00a0; nous vous accompagnons tout au long de votre voyage.<\/span><\/div>\t\t\t\t\t\t\t\t<\/div>\n\t\t\t\t\t<\/div>\n\t\t\t\t<\/div>\n\t\t\t\t<\/div>","protected":false},"excerpt":{"rendered":"<p>Uncompromising Service: The IntercityHotel Zhuhai Hengqin Tianmu River ExperienceAt IntercityHotel Zhuhai Hengqin Tianmu River, located at Room 101, Yuxin Building, Haojiang Road in the heart of the Hengqin Guangdong-Macao In-Depth Cooperation Zone, service is not merely a department\u2014it is the foundation of our identity. We understand that the modern traveler, whether a high-powered executive navigating [&hellip;]<\/p>\n","protected":false},"author":1,"featured_media":0,"parent":0,"menu_order":0,"comment_status":"closed","ping_status":"closed","template":"","meta":{"footnotes":""},"class_list":["post-647","page","type-page","status-publish","hentry","post-no-thumbnail"],"_links":{"self":[{"href":"https:\/\/hengqin-tianmu-river.intercityhotelzhuhai.com\/fr\/wp-json\/wp\/v2\/pages\/647","targetHints":{"allow":["GET"]}}],"collection":[{"href":"https:\/\/hengqin-tianmu-river.intercityhotelzhuhai.com\/fr\/wp-json\/wp\/v2\/pages"}],"about":[{"href":"https:\/\/hengqin-tianmu-river.intercityhotelzhuhai.com\/fr\/wp-json\/wp\/v2\/types\/page"}],"author":[{"embeddable":true,"href":"https:\/\/hengqin-tianmu-river.intercityhotelzhuhai.com\/fr\/wp-json\/wp\/v2\/users\/1"}],"replies":[{"embeddable":true,"href":"https:\/\/hengqin-tianmu-river.intercityhotelzhuhai.com\/fr\/wp-json\/wp\/v2\/comments?post=647"}],"version-history":[{"count":0,"href":"https:\/\/hengqin-tianmu-river.intercityhotelzhuhai.com\/fr\/wp-json\/wp\/v2\/pages\/647\/revisions"}],"wp:attachment":[{"href":"https:\/\/hengqin-tianmu-river.intercityhotelzhuhai.com\/fr\/wp-json\/wp\/v2\/media?parent=647"}],"curies":[{"name":"wp","href":"https:\/\/api.w.org\/{rel}","templated":true}]}}