{"id":2109,"date":"2021-03-26T08:35:58","date_gmt":"2021-03-26T08:35:58","guid":{"rendered":"http:\/\/localhost\/nuss\/?page_id=536"},"modified":"2026-03-17T06:40:29","modified_gmt":"2026-03-17T06:40:29","slug":"strutture-aziendali","status":"publish","type":"page","link":"https:\/\/hengqin-tianmu-river.intercityhotelzhuhai.com\/it\/business-facilities\/","title":{"rendered":"Strutture aziendali"},"content":{"rendered":"<div data-elementor-type=\"wp-page\" data-elementor-id=\"2109\" class=\"elementor elementor-2109\">\n\t\t\t\t\t\t<section class=\"elementor-section elementor-top-section elementor-element elementor-element-bb2901b elementor-section-boxed elementor-section-gap-beside-yes elementor-section-height-default elementor-section-height-default elementor-section-column-vertical-align-stretch\" data-id=\"bb2901b\" data-element_type=\"section\" data-e-type=\"section\">\n\t\t\t\t\t\t<div class=\"elementor-container elementor-column-gap-extended\">\n\t\t\t\t\t<div class=\"elementor-column elementor-col-100 elementor-top-column elementor-element elementor-element-1919db9\" data-id=\"1919db9\" data-element_type=\"column\" data-e-type=\"column\">\n\t\t\t<div class=\"elementor-widget-wrap elementor-element-populated\">\n\t\t\t\t\t\t<div class=\"elementor-element elementor-element-41a7b9c elementor-widget__width-initial elementor-invisible elementor-widget elementor-widget-text-editor\" data-id=\"41a7b9c\" data-element_type=\"widget\" data-e-type=\"widget\" data-settings=\"{&quot;_animation&quot;:&quot;nussFadeInUp&quot;}\" data-widget_type=\"text-editor.default\">\n\t\t\t\t\t\t\t\t\tPotenzia la tua attivit\u00e0: strutture business di prima classe presso l&#039;IntercityHotel Zhuhai Hengqin Tianmu River.\t\t\t\t\t\t\t\t<\/div>\n\t\t\t\t\t<\/div>\n\t\t<\/div>\n\t\t\t\t\t<\/div>\n\t\t<\/section>\n\t\t<div class=\"elementor-element elementor-element-17d2976 e-flex e-con-boxed e-con e-parent\" data-id=\"17d2976\" data-element_type=\"container\" data-e-type=\"container\">\n\t\t\t\t\t<div class=\"e-con-inner\">\n\t\t\t\t<div class=\"elementor-element elementor-element-401c3d8 elementor-widget elementor-widget-image\" data-id=\"401c3d8\" data-element_type=\"widget\" data-e-type=\"widget\" data-widget_type=\"image.default\">\n\t\t\t\t\t\t\t\t\t\t\t\t\t\t\t<img fetchpriority=\"high\" decoding=\"async\" width=\"1024\" height=\"768\" src=\"https:\/\/hengqin-tianmu-river.intercityhotelzhuhai.com\/wp-content\/uploads\/2026\/03\/IntercityHotel-Zhuhai-Hengqin-Tianmu-River-45-1024x768.webp\" class=\"attachment-large size-large wp-image-5590\" alt=\"\" srcset=\"https:\/\/hengqin-tianmu-river.intercityhotelzhuhai.com\/wp-content\/uploads\/2026\/03\/IntercityHotel-Zhuhai-Hengqin-Tianmu-River-45-1024x768.webp 1024w, https:\/\/hengqin-tianmu-river.intercityhotelzhuhai.com\/wp-content\/uploads\/2026\/03\/IntercityHotel-Zhuhai-Hengqin-Tianmu-River-45-300x225.webp 300w, https:\/\/hengqin-tianmu-river.intercityhotelzhuhai.com\/wp-content\/uploads\/2026\/03\/IntercityHotel-Zhuhai-Hengqin-Tianmu-River-45-768x576.webp 768w, https:\/\/hengqin-tianmu-river.intercityhotelzhuhai.com\/wp-content\/uploads\/2026\/03\/IntercityHotel-Zhuhai-Hengqin-Tianmu-River-45.webp 1137w\" sizes=\"(max-width: 1024px) 100vw, 1024px\" \/>\t\t\t\t\t\t\t\t\t\t\t\t\t\t\t<\/div>\n\t\t\t\t\t<\/div>\n\t\t\t\t<\/div>\n\t\t<div class=\"elementor-element elementor-element-83e5d19 e-flex e-con-boxed e-con e-parent\" data-id=\"83e5d19\" data-element_type=\"container\" data-e-type=\"container\">\n\t\t\t\t\t<div class=\"e-con-inner\">\n\t\t\t\t<div class=\"elementor-element elementor-element-d72093a elementor-widget elementor-widget-text-editor\" data-id=\"d72093a\" data-element_type=\"widget\" data-e-type=\"widget\" data-widget_type=\"text-editor.default\">\n\t\t\t\t\t\t\t\t\t<div class=\"qwen-markdown-paragraph\"><span class=\"qwen-markdown-text\">Nel panorama in rapida evoluzione del <\/span><strong class=\"qwen-markdown-strong\"><span class=\"qwen-markdown-text\">Zona di cooperazione approfondita tra Guangdong e Macao<\/span><\/strong><span class=\"qwen-markdown-text\">, il successo richiede un ambiente che favorisca la produttivit\u00e0, la connettivit\u00e0 e un&#039;efficienza senza intoppi. Il <\/span><strong class=\"qwen-markdown-strong\"><span class=\"qwen-markdown-text\">IntercityHotel Zhuhai Hengqin Tianmu River<\/span><\/strong><span class=\"qwen-markdown-text\">, Situato nella stanza 101 dell&#039;edificio Yuxin, in Haojiang Road, nel distretto di Xiangzhou, questo hotel rappresenta un punto di riferimento per i professionisti moderni. Progettato pensando al viaggiatore d&#039;affari pi\u00f9 esigente, va oltre la tradizionale offerta di alloggi, proponendo una gamma completa di servizi business che coniugano la precisione ingegneristica tedesca con la dinamismo del centro economico di Zhuhai.<\/span><\/div><div class=\"qwen-markdown-space\">\u00a0<\/div><h2 class=\"qwen-markdown-heading\"><span class=\"qwen-markdown-text\">Un polo strategico per il commercio transfrontaliero.<\/span><\/h2><div class=\"qwen-markdown-paragraph\"><span class=\"qwen-markdown-text\">Situato nel cuore di <\/span><strong class=\"qwen-markdown-strong\"><span class=\"qwen-markdown-text\">Hengqin<\/span><\/strong><span class=\"qwen-markdown-text\">, l&#039;IntercityHotel \u00e8 pi\u00f9 di un semplice luogo dove dormire; \u00e8 un centro di comando strategico per i dirigenti che operano tra la Cina continentale e Macao. La sua posizione su <\/span><strong class=\"qwen-markdown-strong\"><span class=\"qwen-markdown-text\">Haojiang Road<\/span><\/strong><span class=\"qwen-markdown-text\"> Grazie alla sua posizione strategica, gli ospiti si trovano a pochi minuti dai principali uffici governativi, dai parchi tecnologici emergenti e dal porto di Hengqin. Per le aziende che operano nella complessa area della Grande Baia, l&#039;hotel offre un vantaggio immediato: la vicinanza. Che si tratti di partecipare a negoziati di alto livello nella zona di cooperazione o di gestire la logistica per il commercio transfrontaliero, il vostro ufficio sar\u00e0 di fatto un&#039;estensione della sofisticata infrastruttura dell&#039;hotel.<\/span><\/div><div class=\"qwen-markdown-space\">\u00a0<\/div><h2 class=\"qwen-markdown-heading\"><span class=\"qwen-markdown-text\">Connettivit\u00e0 ad alta velocit\u00e0 e infrastrutture digitali<\/span><\/h2><div class=\"qwen-markdown-paragraph\"><span class=\"qwen-markdown-text\">Nell&#039;odierna economia digitale, una connessione internet affidabile non \u00e8 un lusso, ma una risorsa vitale. L&#039;IntercityHotel Zhuhai Hengqin Tianmu River garantisce che le attivit\u00e0 aziendali non si interrompano mai a causa di limitazioni tecniche. L&#039;intera struttura, dalla hall alle camere, \u00e8 dotata di <\/span><strong class=\"qwen-markdown-strong\"><span class=\"qwen-markdown-text\">Wi-Fi ad alta velocit\u00e0 di livello aziendale<\/span><\/strong><span class=\"qwen-markdown-text\">. Questa rete robusta supporta attivit\u00e0 che richiedono un&#039;elevata larghezza di banda, come il trasferimento di file di grandi dimensioni, videoconferenze cristalline e collaborazione in cloud in tempo reale, senza latenza.<\/span><\/div><div class=\"qwen-markdown-space\">\u00a0<\/div><div class=\"qwen-markdown-paragraph\"><span class=\"qwen-markdown-text\">Per coloro che necessitano di uno spazio di lavoro dedicato, l&#039;hotel offre soluzioni progettate con cura. <\/span><strong class=\"qwen-markdown-strong\"><span class=\"qwen-markdown-text\">postazioni di lavoro in camera<\/span><\/strong><span class=\"qwen-markdown-text\">. Ogni camera \u00e8 progettata con sedute ergonomiche, un&#039;ampia scrivania e prese di corrente e porte USB strategicamente posizionate, consentendo agli ospiti di trasformare istantaneamente la propria stanza privata in un ufficio mobile completamente funzionale.<\/span><\/div><div class=\"qwen-markdown-space\">\u00a0<\/div><h2 class=\"qwen-markdown-heading\"><span class=\"qwen-markdown-text\">Spazi dinamici per riunioni e collaborazione.<\/span><\/h2><div class=\"qwen-markdown-paragraph\"><span class=\"qwen-markdown-text\">Mentre molti hotel offrono sale conferenze generiche, l&#039;IntercityHotel Zhuhai Hengqin Tianmu River mette a disposizione spazi versatili pensati per soddisfare le diverse esigenze aziendali. Le sale riunioni dell&#039;hotel sono progettate per ospitare qualsiasi tipo di evento, dalle consultazioni individuali pi\u00f9 intime alle riunioni del consiglio di amministrazione di medie dimensioni e alle sessioni di brainstorming di gruppo.<\/span><\/div><div class=\"qwen-markdown-space\">\u00a0<\/div><ul class=\"qwen-markdown-list\" dir=\"auto\"><li><strong class=\"qwen-markdown-strong\"><span class=\"qwen-markdown-text\">Configurazione flessibile:<\/span><\/strong><span class=\"qwen-markdown-text\"> Gli spazi per le riunioni possono essere riconfigurati per adattarsi alle esigenze specifiche di ogni evento, garantendo che la disposizione si adatti al tono del vostro incontro, sia esso formale o collaborativo.<\/span><\/li><li><strong class=\"qwen-markdown-strong\"><span class=\"qwen-markdown-text\">Tecnologia audiovisiva all&#039;avanguardia:<\/span><\/strong><span class=\"qwen-markdown-text\"> Dotate di moderni sistemi audiovisivi, tra cui proiettori ad alta definizione, schermi interattivi e impianti audio di alta qualit\u00e0, queste sale garantiscono presentazioni di grande impatto e chiarezza.<\/span><\/li><li><strong class=\"qwen-markdown-strong\"><span class=\"qwen-markdown-text\">Ambiente professionale:<\/span><\/strong><span class=\"qwen-markdown-text\"> L&#039;estetica del design riduce al minimo le distrazioni massimizzando la concentrazione, sfruttando la luce naturale ove possibile e l&#039;insonorizzazione per garantire la riservatezza durante le discussioni delicate.<\/span><\/li><\/ul><div class=\"qwen-markdown-space\">\u00a0<\/div><h2 class=\"qwen-markdown-heading\"><span class=\"qwen-markdown-text\">Il concetto di &quot;ufficio mobile&quot; e gli spazi di lavoro nella hall.<\/span><\/h2><div class=\"qwen-markdown-paragraph\"><span class=\"qwen-markdown-text\">Riconoscendo che gli affari non si svolgono sempre a porte chiuse, l&#039;hotel massimizza le sue aree comuni per il lavoro produttivo. <\/span><strong class=\"qwen-markdown-strong\"><span class=\"qwen-markdown-text\">hall e aree lounge<\/span><\/strong><span class=\"qwen-markdown-text\"> Questi spazi sono pensati per fungere da estensioni degli ambienti di coworking. Con comode sedute, luci soffuse e un facile accesso a bevande e snack, sono perfetti per riunioni informali, per attendere i clienti o per controllare le email tra un appuntamento e l&#039;altro. L&#039;atmosfera crea un perfetto equilibrio tra professionalit\u00e0 e relax, favorendo la creativit\u00e0 e il networking.<\/span><\/div><div class=\"qwen-markdown-space\">\u00a0<\/div><h2 class=\"qwen-markdown-heading\"><span class=\"qwen-markdown-text\">Servizi di supporto integrati per i dirigenti impegnati<\/span><\/h2><div class=\"qwen-markdown-paragraph\"><span class=\"qwen-markdown-text\">La vera efficienza aziendale risiede nei dettagli. L&#039;IntercityHotel Zhuhai Hengqin Tianmu River offre una gamma di servizi di supporto pensati per ottimizzare il vostro flusso di lavoro:<\/span><\/div><div class=\"qwen-markdown-space\">\u00a0<\/div><ul class=\"qwen-markdown-list\" dir=\"auto\"><li><strong class=\"qwen-markdown-strong\"><span class=\"qwen-markdown-text\">Reception e servizio concierge 24 ore su 24:<\/span><\/strong><span class=\"qwen-markdown-text\"> Il nostro personale multilingue \u00e8 disponibile 24 ore su 24 per assistervi con stampe dell&#039;ultimo minuto, servizi di corriere, organizzazione del trasporto da o per la stazione di Hengqin o l&#039;aeroporto e assistenza per le traduzioni.<\/span><\/li><li><strong class=\"qwen-markdown-strong\"><span class=\"qwen-markdown-text\">Check-in\/Check-out rapido:<\/span><\/strong><span class=\"qwen-markdown-text\"> Consapevole che il tempo \u00e8 denaro, l&#039;hotel utilizza efficienti procedure di check-in digitali per ridurre al minimo i tempi di attesa, consentendovi di raggiungere il vostro incontro o la vostra prossima destinazione pi\u00f9 velocemente.<\/span><\/li><li><strong class=\"qwen-markdown-strong\"><span class=\"qwen-markdown-text\">Lavaggio e cura degli indumenti:<\/span><\/strong><span class=\"qwen-markdown-text\"> Grazie al servizio di lavanderia e stiratura in giornata, i dirigenti possono essere certi di essere sempre impeccabili per importanti riunioni o cene con i clienti.<\/span><\/li><li><strong class=\"qwen-markdown-strong\"><span class=\"qwen-markdown-text\">Servizio di catering per eventi aziendali:<\/span><\/strong><span class=\"qwen-markdown-text\"> Dalle colazioni di lavoro alle pause caff\u00e8 durante le lunghe sessioni strategiche, il team culinario dell&#039;hotel offre opzioni di catering personalizzate che mantengono i team energici e concentrati.<\/span><\/li><\/ul><div class=\"qwen-markdown-space\">\u00a0<\/div><h2 class=\"qwen-markdown-heading\"><span class=\"qwen-markdown-text\">Perch\u00e9 scegliere IntercityHotel per il tuo prossimo viaggio d&#039;affari?<\/span><\/h2><div class=\"qwen-markdown-paragraph\"><span class=\"qwen-markdown-text\">Quando si seleziona un alloggio nel <\/span><strong class=\"qwen-markdown-strong\"><span class=\"qwen-markdown-text\">Zona di cooperazione approfondita tra Guangdong e Macao a Hengqin<\/span><\/strong><span class=\"qwen-markdown-text\">, la scelta si riduce in definitiva a quale partner pu\u00f2 supportare al meglio i tuoi obiettivi professionali. <\/span><strong class=\"qwen-markdown-strong\"><span class=\"qwen-markdown-text\">IntercityHotel Zhuhai Hengqin Tianmu River<\/span><\/strong><span class=\"qwen-markdown-text\"> Si distingue per un impegno costante verso funzionalit\u00e0, velocit\u00e0 e comfort. \u00c8 una struttura pensata per i ritmi del commercio moderno, che offre un rifugio dove i viaggiatori d&#039;affari possono ricaricarsi, connettersi e mettere in atto le proprie strategie con sicurezza.<\/span><\/div><div class=\"qwen-markdown-space\">\u00a0<\/div><div class=\"qwen-markdown-paragraph\" data-spm-anchor-id=\"a2ty_o01.29997173.0.i33.5c315171uMx9jI\"><span class=\"qwen-markdown-text\">Che siate un imprenditore individuale che conclude un affare a Zhuhai, un dirigente del settore tecnologico alla ricerca di opportunit\u00e0 nella Greater Bay Area o un team aziendale impegnato in progetti transfrontalieri, le nostre strutture per affari vi offrono le basi necessarie per avere successo. Scoprite la sinergia tra posizione, tecnologia e servizio all&#039;IntercityHotel Zhuhai Hengqin Tianmu River, dove la vostra attivit\u00e0 prospera.<\/span><\/div>\t\t\t\t\t\t\t\t<\/div>\n\t\t\t\t\t<\/div>\n\t\t\t\t<\/div>\n\t\t\t\t<\/div>","protected":false},"excerpt":{"rendered":"<p>Elevate Your Enterprise: Premier Business Facilities at IntercityHotel Zhuhai Hengqin Tianmu River In the rapidly evolving landscape of the Guangdong-Macao In-Depth Cooperation Zone, success demands an environment that fosters productivity, connectivity, and seamless efficiency. The IntercityHotel Zhuhai Hengqin Tianmu River, located at Room 101, Yuxin Building, Haojiang Road in Xiangzhou District, stands as a beacon [&hellip;]<\/p>\n","protected":false},"author":1,"featured_media":0,"parent":0,"menu_order":0,"comment_status":"closed","ping_status":"closed","template":"elementor_header_footer","meta":{"footnotes":""},"class_list":["post-2109","page","type-page","status-publish","hentry","post-no-thumbnail"],"_links":{"self":[{"href":"https:\/\/hengqin-tianmu-river.intercityhotelzhuhai.com\/it\/wp-json\/wp\/v2\/pages\/2109","targetHints":{"allow":["GET"]}}],"collection":[{"href":"https:\/\/hengqin-tianmu-river.intercityhotelzhuhai.com\/it\/wp-json\/wp\/v2\/pages"}],"about":[{"href":"https:\/\/hengqin-tianmu-river.intercityhotelzhuhai.com\/it\/wp-json\/wp\/v2\/types\/page"}],"author":[{"embeddable":true,"href":"https:\/\/hengqin-tianmu-river.intercityhotelzhuhai.com\/it\/wp-json\/wp\/v2\/users\/1"}],"replies":[{"embeddable":true,"href":"https:\/\/hengqin-tianmu-river.intercityhotelzhuhai.com\/it\/wp-json\/wp\/v2\/comments?post=2109"}],"version-history":[{"count":0,"href":"https:\/\/hengqin-tianmu-river.intercityhotelzhuhai.com\/it\/wp-json\/wp\/v2\/pages\/2109\/revisions"}],"wp:attachment":[{"href":"https:\/\/hengqin-tianmu-river.intercityhotelzhuhai.com\/it\/wp-json\/wp\/v2\/media?parent=2109"}],"curies":[{"name":"wp","href":"https:\/\/api.w.org\/{rel}","templated":true}]}}