{"id":5266,"date":"2021-07-18T08:03:35","date_gmt":"2021-07-18T08:03:35","guid":{"rendered":"https:\/\/nuss.uxper.co\/luxury-resort\/?page_id=5266"},"modified":"2026-03-17T06:40:21","modified_gmt":"2026-03-17T06:40:21","slug":"chi-siamo","status":"publish","type":"page","link":"https:\/\/hengqin-tianmu-river.intercityhotelzhuhai.com\/it\/about-us\/","title":{"rendered":"Chi siamo"},"content":{"rendered":"<div data-elementor-type=\"wp-page\" data-elementor-id=\"5266\" class=\"elementor elementor-5266\">\n\t\t\t\t\t\t<section class=\"elementor-section elementor-top-section elementor-element elementor-element-10416953 elementor-section-boxed elementor-section-gap-beside-yes elementor-section-height-default elementor-section-height-default elementor-section-column-vertical-align-stretch\" data-id=\"10416953\" data-element_type=\"section\" data-e-type=\"section\">\n\t\t\t\t\t\t<div class=\"elementor-container elementor-column-gap-extended\">\n\t\t\t\t\t<div class=\"elementor-column elementor-col-100 elementor-top-column elementor-element elementor-element-29c6aa8\" data-id=\"29c6aa8\" data-element_type=\"column\" data-e-type=\"column\">\n\t\t\t<div class=\"elementor-widget-wrap elementor-element-populated\">\n\t\t\t\t\t\t<div class=\"elementor-element elementor-element-7be18fe7 elementor-widget__width-initial elementor-invisible elementor-widget elementor-widget-text-editor\" data-id=\"7be18fe7\" data-element_type=\"widget\" data-e-type=\"widget\" data-settings=\"{&quot;_animation&quot;:&quot;nussFadeInUp&quot;}\" data-widget_type=\"text-editor.default\">\n\t\t\t\t\t\t\t\t\tIntercityHotel Zhuhai Hengqin Tianmu River: il vostro punto di accesso privilegiato alla zona di cooperazione Guangdong-Macao\t\t\t\t\t\t\t\t<\/div>\n\t\t\t\t\t<\/div>\n\t\t<\/div>\n\t\t\t\t\t<\/div>\n\t\t<\/section>\n\t\t\t\t<section class=\"elementor-section elementor-top-section elementor-element elementor-element-7d18327f elementor-section-boxed elementor-section-gap-beside-yes elementor-section-height-default elementor-section-height-default elementor-section-column-vertical-align-stretch\" data-id=\"7d18327f\" data-element_type=\"section\" data-e-type=\"section\">\n\t\t\t\t\t\t<div class=\"elementor-container elementor-column-gap-extended\">\n\t\t\t\t\t<div class=\"elementor-column elementor-col-50 elementor-top-column elementor-element elementor-element-56533670\" data-id=\"56533670\" data-element_type=\"column\" data-e-type=\"column\">\n\t\t\t<div class=\"elementor-widget-wrap elementor-element-populated\">\n\t\t\t\t\t\t<div class=\"elementor-element elementor-element-19c3f543 elementor-invisible elementor-widget elementor-widget-text-editor\" data-id=\"19c3f543\" data-element_type=\"widget\" data-e-type=\"widget\" data-settings=\"{&quot;_animation&quot;:&quot;nussFadeInUp&quot;}\" data-widget_type=\"text-editor.default\">\n\t\t\t\t\t\t\t\t\t<p><span class=\"qwen-markdown-text\">Scopri la perfetta fusione tra la precisione ingegneristica tedesca e la calorosa ospitalit\u00e0 cinese presso il <\/span><strong class=\"qwen-markdown-strong\"><span class=\"qwen-markdown-text\">IntercityHotel Zhuhai Hengqin Tianmu River<\/span><\/strong><span class=\"qwen-markdown-text\" data-spm-anchor-id=\"a2ty_o01.29997173.0.i37.5c315171uMx9jI\">. Situato in posizione strategica presso la stanza 101, edificio Yuxin, Haojiang Road, questo hotel urbano contemporaneo si trova nel cuore della citt\u00e0. <\/span><strong class=\"qwen-markdown-strong\"><span class=\"qwen-markdown-text\">Zona di cooperazione approfondita tra Guangdong e Macao a Hengqin<\/span><\/strong><span class=\"qwen-markdown-text\">, offrendo ai viaggiatori una base impareggiabile per esplorare Zhuhai, nel Guangdong, sia per affari che per piacere.<\/span><\/p>\t\t\t\t\t\t\t\t<\/div>\n\t\t\t\t\t<\/div>\n\t\t<\/div>\n\t\t\t\t<div class=\"elementor-column elementor-col-50 elementor-top-column elementor-element elementor-element-30f14127\" data-id=\"30f14127\" data-element_type=\"column\" data-e-type=\"column\">\n\t\t\t<div class=\"elementor-widget-wrap elementor-element-populated\">\n\t\t\t\t\t\t<div class=\"elementor-element elementor-element-65f8f75 elementor-widget elementor-widget-image\" data-id=\"65f8f75\" data-element_type=\"widget\" data-e-type=\"widget\" data-widget_type=\"image.default\">\n\t\t\t\t\t\t\t\t\t\t\t\t\t\t\t<img fetchpriority=\"high\" decoding=\"async\" width=\"1024\" height=\"768\" src=\"https:\/\/hengqin-tianmu-river.intercityhotelzhuhai.com\/wp-content\/uploads\/2026\/03\/IntercityHotel-Zhuhai-Hengqin-Tianmu-River-9-1024x768.webp\" class=\"attachment-large size-large wp-image-5649\" alt=\"\" srcset=\"https:\/\/hengqin-tianmu-river.intercityhotelzhuhai.com\/wp-content\/uploads\/2026\/03\/IntercityHotel-Zhuhai-Hengqin-Tianmu-River-9-1024x768.webp 1024w, https:\/\/hengqin-tianmu-river.intercityhotelzhuhai.com\/wp-content\/uploads\/2026\/03\/IntercityHotel-Zhuhai-Hengqin-Tianmu-River-9-300x225.webp 300w, https:\/\/hengqin-tianmu-river.intercityhotelzhuhai.com\/wp-content\/uploads\/2026\/03\/IntercityHotel-Zhuhai-Hengqin-Tianmu-River-9-768x576.webp 768w, https:\/\/hengqin-tianmu-river.intercityhotelzhuhai.com\/wp-content\/uploads\/2026\/03\/IntercityHotel-Zhuhai-Hengqin-Tianmu-River-9.webp 1137w\" sizes=\"(max-width: 1024px) 100vw, 1024px\" \/>\t\t\t\t\t\t\t\t\t\t\t\t\t\t\t<\/div>\n\t\t\t\t\t<\/div>\n\t\t<\/div>\n\t\t\t\t\t<\/div>\n\t\t<\/section>\n\t\t\t\t<section class=\"elementor-section elementor-top-section elementor-element elementor-element-29fb8578 elementor-section-height-min-height elementor-section-stretched elementor-section-full_width elementor-section-items-stretch elementor-section-height-default elementor-section-column-vertical-align-stretch\" data-id=\"29fb8578\" data-element_type=\"section\" data-e-type=\"section\" data-settings=\"{&quot;stretch_section&quot;:&quot;section-stretched&quot;}\">\n\t\t\t\t\t\t<div class=\"elementor-container elementor-column-gap-no\">\n\t\t\t\t\t<div class=\"elementor-column elementor-col-50 elementor-top-column elementor-element elementor-element-40ac270b\" data-id=\"40ac270b\" data-element_type=\"column\" data-e-type=\"column\">\n\t\t\t<div class=\"elementor-widget-wrap elementor-element-populated\">\n\t\t\t\t\t\t<div class=\"elementor-element elementor-element-20872773 elementor-widget__width-initial elementor-widget-mobile__width-inherit elementor-invisible nuss-elementor-loading nuss-slide-in-right elementor-widget elementor-widget-image\" data-id=\"20872773\" data-element_type=\"widget\" data-e-type=\"widget\" data-settings=\"{&quot;_animation&quot;:&quot;nussSlideInRight&quot;}\" data-widget_type=\"image.default\">\n\t\t\t\t\t\t\t\t\t\t\t\t\t\t\t<img decoding=\"async\" width=\"1280\" height=\"853\" src=\"https:\/\/hengqin-tianmu-river.intercityhotelzhuhai.com\/wp-content\/uploads\/2026\/03\/IntercityHotel-Zhuhai-Hengqin-Tianmu-River-17.webp\" class=\"attachment-full size-full wp-image-5658\" alt=\"\" srcset=\"https:\/\/hengqin-tianmu-river.intercityhotelzhuhai.com\/wp-content\/uploads\/2026\/03\/IntercityHotel-Zhuhai-Hengqin-Tianmu-River-17.webp 1280w, https:\/\/hengqin-tianmu-river.intercityhotelzhuhai.com\/wp-content\/uploads\/2026\/03\/IntercityHotel-Zhuhai-Hengqin-Tianmu-River-17-300x200.webp 300w, https:\/\/hengqin-tianmu-river.intercityhotelzhuhai.com\/wp-content\/uploads\/2026\/03\/IntercityHotel-Zhuhai-Hengqin-Tianmu-River-17-1024x682.webp 1024w, https:\/\/hengqin-tianmu-river.intercityhotelzhuhai.com\/wp-content\/uploads\/2026\/03\/IntercityHotel-Zhuhai-Hengqin-Tianmu-River-17-768x512.webp 768w\" sizes=\"(max-width: 1280px) 100vw, 1280px\" \/>\t\t\t\t\t\t\t\t\t\t\t\t\t\t\t<\/div>\n\t\t\t\t\t<\/div>\n\t\t<\/div>\n\t\t\t\t<div class=\"elementor-column elementor-col-50 elementor-top-column elementor-element elementor-element-2dac103\" data-id=\"2dac103\" data-element_type=\"column\" data-e-type=\"column\">\n\t\t\t<div class=\"elementor-widget-wrap elementor-element-populated\">\n\t\t\t\t\t\t<div class=\"elementor-element elementor-element-6f1b8966 elementor-invisible elementor-widget elementor-widget-text-editor\" data-id=\"6f1b8966\" data-element_type=\"widget\" data-e-type=\"widget\" data-settings=\"{&quot;_animation&quot;:&quot;nussFadeInUp&quot;}\" data-widget_type=\"text-editor.default\">\n\t\t\t\t\t\t\t\t\t<h2 class=\"qwen-markdown-heading\"><span class=\"qwen-markdown-text\" data-spm-anchor-id=\"a2ty_o01.29997173.0.i40.5c315171uMx9jI\">Una posizione strategica nel cuore di Hengqin<\/span><\/h2><div class=\"qwen-markdown-paragraph\"><span class=\"qwen-markdown-text\">Per i viaggiatori in cerca di comodit\u00e0, l&#039;IntercityHotel Zhuhai Hengqin Tianmu River offre una posizione privilegiata che funge da ponte tra la Cina continentale e Macao. Situato a pochi passi da <\/span><strong class=\"qwen-markdown-strong\"><span class=\"qwen-markdown-text\">Porto di Hengqin<\/span><\/strong><span class=\"qwen-markdown-text\">, L&#039;hotel offre un accesso agevole a Macao, rendendolo la scelta ideale per chi fa shopping oltre confine, per i turisti e per i professionisti d&#039;affari. La struttura \u00e8 inoltre a due passi da <\/span><strong class=\"qwen-markdown-strong\"><span class=\"qwen-markdown-text\">Stazione Hengqin<\/span><\/strong><span class=\"qwen-markdown-text\" data-spm-anchor-id=\"a2ty_o01.29997173.0.i39.5c315171uMx9jI\">, collegando gli ospiti alla pi\u00f9 ampia area della Greater Bay Area tramite ferrovia ad alta velocit\u00e0.<\/span><\/div><div class=\"qwen-markdown-space\">\u00a0<\/div><div class=\"qwen-markdown-paragraph\"><span class=\"qwen-markdown-text\">Gli amanti della natura e le famiglie apprezzeranno la vicinanza ad attrazioni di livello mondiale. Il famoso <\/span><strong class=\"qwen-markdown-strong\"><span class=\"qwen-markdown-text\">Zhuhai Chimelong, Regno dell&#039;Oceano<\/span><\/strong><span class=\"qwen-markdown-text\"> La posizione \u00e8 facilmente accessibile, consentendo agli ospiti di trascorrere le giornate esplorando le meraviglie marine e di tornare alla tranquillit\u00e0 dell&#039;hotel la sera. Che siate in visita per l&#039;annuale salone aeronautico, per affari nella zona di cooperazione o per una vacanza in famiglia, la posizione dell&#039;hotel su Haojiang Road vi pone al centro dell&#039;azione.<\/span><\/div>\t\t\t\t\t\t\t\t<\/div>\n\t\t\t\t\t<\/div>\n\t\t<\/div>\n\t\t\t\t\t<\/div>\n\t\t<\/section>\n\t\t\t\t<section class=\"elementor-section elementor-top-section elementor-element elementor-element-1bb473f elementor-section-height-min-height elementor-section-stretched elementor-section-full_width elementor-section-items-stretch elementor-section-height-default elementor-section-column-vertical-align-stretch\" data-id=\"1bb473f\" data-element_type=\"section\" data-e-type=\"section\" data-settings=\"{&quot;stretch_section&quot;:&quot;section-stretched&quot;}\">\n\t\t\t\t\t\t<div class=\"elementor-container elementor-column-gap-no\">\n\t\t\t\t\t<div class=\"elementor-column elementor-col-50 elementor-top-column elementor-element elementor-element-ed2c080\" data-id=\"ed2c080\" data-element_type=\"column\" data-e-type=\"column\">\n\t\t\t<div class=\"elementor-widget-wrap elementor-element-populated\">\n\t\t\t\t\t\t<div class=\"elementor-element elementor-element-5c914a9 elementor-invisible elementor-widget elementor-widget-text-editor\" data-id=\"5c914a9\" data-element_type=\"widget\" data-e-type=\"widget\" data-settings=\"{&quot;_animation&quot;:&quot;nussFadeInUp&quot;}\" data-widget_type=\"text-editor.default\">\n\t\t\t\t\t\t\t\t\t<h2 class=\"qwen-markdown-heading\"><span class=\"qwen-markdown-text\">Il design moderno incontra la serenit\u00e0 delle rive del fiume.<\/span><\/h2><div class=\"qwen-markdown-paragraph\"><span class=\"qwen-markdown-text\">Fedele al suo nome, l&#039;hotel offre un collegamento unico con il <\/span><strong class=\"qwen-markdown-strong\"><span class=\"qwen-markdown-text\">fiume Tianmu<\/span><\/strong><span class=\"qwen-markdown-text\" data-spm-anchor-id=\"a2ty_o01.29997173.0.i41.5c315171uMx9jI\">. Gli ospiti vengono accolti da un&#039;architettura elegante e moderna che enfatizza linee pulite e un&#039;eleganza funzionale, tratti distintivi del marchio IntercityHotel. Il design degli interni crea un&#039;atmosfera rilassante dove la vivace energia di Hengqin incontra la presenza calmante del fiume. Le ampie finestre nelle aree comuni e in alcune camere incorniciano pittoresche viste sull&#039;acqua, offrendo uno sfondo sereno per il vostro soggiorno nel distretto di Xiangzhou.<\/span><\/div><div class=\"qwen-markdown-space\">\u00a0<\/div><div class=\"qwen-markdown-paragraph\"><span class=\"qwen-markdown-text\">L&#039;hotel incarna il concetto di &quot;InterCity&quot;: uno spazio dinamico pensato per il viaggiatore moderno che apprezza l&#039;efficienza senza rinunciare allo stile. Fin dal momento in cui si varca la soglia della hall, si percepisce un&#039;atmosfera professionale e accogliente, che crea le premesse per un soggiorno produttivo e rilassante.<\/span><\/div>\t\t\t\t\t\t\t\t<\/div>\n\t\t\t\t\t<\/div>\n\t\t<\/div>\n\t\t\t\t<div class=\"elementor-column elementor-col-50 elementor-top-column elementor-element elementor-element-2037f5e\" data-id=\"2037f5e\" data-element_type=\"column\" data-e-type=\"column\">\n\t\t\t<div class=\"elementor-widget-wrap elementor-element-populated\">\n\t\t\t\t\t\t<div class=\"elementor-element elementor-element-05d21ee elementor-widget__width-initial elementor-widget-mobile__width-inherit elementor-invisible nuss-elementor-loading nuss-slide-in-right elementor-widget elementor-widget-image\" data-id=\"05d21ee\" data-element_type=\"widget\" data-e-type=\"widget\" data-settings=\"{&quot;_animation&quot;:&quot;nussSlideInRight&quot;}\" data-widget_type=\"image.default\">\n\t\t\t\t\t\t\t\t\t\t\t\t\t\t\t<img decoding=\"async\" width=\"1280\" height=\"719\" src=\"https:\/\/hengqin-tianmu-river.intercityhotelzhuhai.com\/wp-content\/uploads\/2026\/03\/IntercityHotel-Zhuhai-Hengqin-Tianmu-River-16.webp\" class=\"attachment-full size-full wp-image-5657\" alt=\"\" srcset=\"https:\/\/hengqin-tianmu-river.intercityhotelzhuhai.com\/wp-content\/uploads\/2026\/03\/IntercityHotel-Zhuhai-Hengqin-Tianmu-River-16.webp 1280w, https:\/\/hengqin-tianmu-river.intercityhotelzhuhai.com\/wp-content\/uploads\/2026\/03\/IntercityHotel-Zhuhai-Hengqin-Tianmu-River-16-300x169.webp 300w, https:\/\/hengqin-tianmu-river.intercityhotelzhuhai.com\/wp-content\/uploads\/2026\/03\/IntercityHotel-Zhuhai-Hengqin-Tianmu-River-16-1024x575.webp 1024w, https:\/\/hengqin-tianmu-river.intercityhotelzhuhai.com\/wp-content\/uploads\/2026\/03\/IntercityHotel-Zhuhai-Hengqin-Tianmu-River-16-768x431.webp 768w\" sizes=\"(max-width: 1280px) 100vw, 1280px\" \/>\t\t\t\t\t\t\t\t\t\t\t\t\t\t\t<\/div>\n\t\t\t\t\t<\/div>\n\t\t<\/div>\n\t\t\t\t\t<\/div>\n\t\t<\/section>\n\t\t\t\t<section class=\"elementor-section elementor-top-section elementor-element elementor-element-3214667 elementor-section-height-min-height elementor-section-stretched elementor-section-full_width elementor-section-items-stretch elementor-section-height-default elementor-section-column-vertical-align-stretch\" data-id=\"3214667\" data-element_type=\"section\" data-e-type=\"section\" data-settings=\"{&quot;stretch_section&quot;:&quot;section-stretched&quot;}\">\n\t\t\t\t\t\t<div class=\"elementor-container elementor-column-gap-no\">\n\t\t\t\t\t<div class=\"elementor-column elementor-col-50 elementor-top-column elementor-element elementor-element-3e3029b\" data-id=\"3e3029b\" data-element_type=\"column\" data-e-type=\"column\">\n\t\t\t<div class=\"elementor-widget-wrap elementor-element-populated\">\n\t\t\t\t\t\t<div class=\"elementor-element elementor-element-52fe462 elementor-widget__width-initial elementor-widget-mobile__width-inherit elementor-invisible nuss-elementor-loading nuss-slide-in-right elementor-widget elementor-widget-image\" data-id=\"52fe462\" data-element_type=\"widget\" data-e-type=\"widget\" data-settings=\"{&quot;_animation&quot;:&quot;nussSlideInRight&quot;}\" data-widget_type=\"image.default\">\n\t\t\t\t\t\t\t\t\t\t\t\t\t\t\t<img loading=\"lazy\" decoding=\"async\" width=\"1137\" height=\"853\" src=\"https:\/\/hengqin-tianmu-river.intercityhotelzhuhai.com\/wp-content\/uploads\/2026\/03\/IntercityHotel-Zhuhai-Hengqin-Tianmu-River-52.webp\" class=\"attachment-full size-full wp-image-5597\" alt=\"\" srcset=\"https:\/\/hengqin-tianmu-river.intercityhotelzhuhai.com\/wp-content\/uploads\/2026\/03\/IntercityHotel-Zhuhai-Hengqin-Tianmu-River-52.webp 1137w, https:\/\/hengqin-tianmu-river.intercityhotelzhuhai.com\/wp-content\/uploads\/2026\/03\/IntercityHotel-Zhuhai-Hengqin-Tianmu-River-52-300x225.webp 300w, https:\/\/hengqin-tianmu-river.intercityhotelzhuhai.com\/wp-content\/uploads\/2026\/03\/IntercityHotel-Zhuhai-Hengqin-Tianmu-River-52-1024x768.webp 1024w, https:\/\/hengqin-tianmu-river.intercityhotelzhuhai.com\/wp-content\/uploads\/2026\/03\/IntercityHotel-Zhuhai-Hengqin-Tianmu-River-52-768x576.webp 768w\" sizes=\"(max-width: 1137px) 100vw, 1137px\" \/>\t\t\t\t\t\t\t\t\t\t\t\t\t\t\t<\/div>\n\t\t\t\t\t<\/div>\n\t\t<\/div>\n\t\t\t\t<div class=\"elementor-column elementor-col-50 elementor-top-column elementor-element elementor-element-bc05704\" data-id=\"bc05704\" data-element_type=\"column\" data-e-type=\"column\">\n\t\t\t<div class=\"elementor-widget-wrap elementor-element-populated\">\n\t\t\t\t\t\t<div class=\"elementor-element elementor-element-7a46526 elementor-invisible elementor-widget elementor-widget-text-editor\" data-id=\"7a46526\" data-element_type=\"widget\" data-e-type=\"widget\" data-settings=\"{&quot;_animation&quot;:&quot;nussFadeInUp&quot;}\" data-widget_type=\"text-editor.default\">\n\t\t\t\t\t\t\t\t\t<h2 class=\"qwen-markdown-heading\"><span class=\"qwen-markdown-text\">Ideale per chi viaggia per affari o per piacere.<\/span><\/h2><div class=\"qwen-markdown-paragraph\"><span class=\"qwen-markdown-text\">L&#039;IntercityHotel Zhuhai Hengqin Tianmu River \u00e8 stato progettato per soddisfare le diverse esigenze dei viaggiatori di oggi.<\/span><\/div><ul class=\"qwen-markdown-list\" dir=\"auto\"><li><strong class=\"qwen-markdown-strong\"><span class=\"qwen-markdown-text\">Per chi viaggia per affari:<\/span><\/strong><span class=\"qwen-markdown-text\"> L&#039;hotel offre connettivit\u00e0 ad alta velocit\u00e0, spazi di lavoro silenziosi e procedure di check-in\/check-out efficienti. La sua posizione all&#039;interno della Zona di Cooperazione Profonda lo rende una scelta ideale per i dirigenti che partecipano a riunioni nei centri finanziari e tecnologici emergenti di Hengqin.<\/span><\/li><li data-spm-anchor-id=\"a2ty_o01.29997173.0.i42.5c315171uMx9jI\"><strong class=\"qwen-markdown-strong\"><span class=\"qwen-markdown-text\">Per gli ospiti in vacanza:<\/span><\/strong><span class=\"qwen-markdown-text\"> Famiglie e turisti possono beneficiare delle ampie sistemazioni e della posizione strategica dell&#039;hotel, punto di partenza ideale per esplorare le principali attrazioni di Zhuhai. Dopo una giornata trascorsa a Chimelong o a fare shopping a Macao, l&#039;hotel rappresenta un&#039;oasi di pace dove rilassarsi e rigenerarsi.<\/span><\/li><\/ul>\t\t\t\t\t\t\t\t<\/div>\n\t\t\t\t\t<\/div>\n\t\t<\/div>\n\t\t\t\t\t<\/div>\n\t\t<\/section>\n\t\t\t\t<section class=\"elementor-section elementor-top-section elementor-element elementor-element-2098cea elementor-section-height-min-height elementor-section-stretched elementor-section-full_width elementor-section-items-stretch elementor-section-height-default elementor-section-column-vertical-align-stretch\" data-id=\"2098cea\" data-element_type=\"section\" data-e-type=\"section\" data-settings=\"{&quot;stretch_section&quot;:&quot;section-stretched&quot;}\">\n\t\t\t\t\t\t<div class=\"elementor-container elementor-column-gap-no\">\n\t\t\t\t\t<div class=\"elementor-column elementor-col-50 elementor-top-column elementor-element elementor-element-a5a64db\" data-id=\"a5a64db\" data-element_type=\"column\" data-e-type=\"column\">\n\t\t\t<div class=\"elementor-widget-wrap elementor-element-populated\">\n\t\t\t\t\t\t<div class=\"elementor-element elementor-element-bcbdc72 elementor-invisible elementor-widget elementor-widget-text-editor\" data-id=\"bcbdc72\" data-element_type=\"widget\" data-e-type=\"widget\" data-settings=\"{&quot;_animation&quot;:&quot;nussFadeInUp&quot;}\" data-widget_type=\"text-editor.default\">\n\t\t\t\t\t\t\t\t\t<h2 class=\"qwen-markdown-heading\"><span class=\"qwen-markdown-text\">Vivi un&#039;esperienza di autentico comfort a Zhuhai.<\/span><\/h2><div class=\"qwen-markdown-paragraph\"><span class=\"qwen-markdown-text\">Scegliere la sistemazione giusta pu\u00f2 fare la differenza nel vostro viaggio. L&#039;IntercityHotel Zhuhai Hengqin Tianmu River si distingue per la qualit\u00e0 costante, la posizione strategica e un&#039;originale fusione culturale che riflette lo status unico della zona di Hengqin. Che siate attratti dalla vista sul fiume, dalla comodit\u00e0 di essere vicini al confine con Macao o dalla reputazione di un marchio internazionale affidabile, questo hotel vi regaler\u00e0 un&#039;esperienza indimenticabile.<\/span><\/div><div class=\"qwen-markdown-space\">\u00a0<\/div><div class=\"qwen-markdown-paragraph\" data-spm-anchor-id=\"a2ty_o01.29997173.0.i34.5c315171uMx9jI\"><span class=\"qwen-markdown-text\">Prenota il tuo soggiorno a <\/span><strong class=\"qwen-markdown-strong\"><span class=\"qwen-markdown-text\">IntercityHotel Zhuhai Hengqin Tianmu River<\/span><\/strong><span class=\"qwen-markdown-text\" data-spm-anchor-id=\"a2ty_o01.29997173.0.i43.5c315171uMx9jI\"> Scoprite oggi stesso perch\u00e9 \u00e8 la scelta preferita dai viaggiatori pi\u00f9 esperti che desiderano esplorare il vivace crocevia tra Zhuhai, Macao e la Greater Bay Area.<\/span><\/div>\t\t\t\t\t\t\t\t<\/div>\n\t\t\t\t\t<\/div>\n\t\t<\/div>\n\t\t\t\t<div class=\"elementor-column elementor-col-50 elementor-top-column elementor-element elementor-element-51f5079\" data-id=\"51f5079\" data-element_type=\"column\" data-e-type=\"column\">\n\t\t\t<div class=\"elementor-widget-wrap elementor-element-populated\">\n\t\t\t\t\t\t<div class=\"elementor-element elementor-element-41277aa elementor-widget__width-initial elementor-widget-mobile__width-inherit elementor-invisible nuss-elementor-loading nuss-slide-in-right elementor-widget elementor-widget-image\" data-id=\"41277aa\" data-element_type=\"widget\" data-e-type=\"widget\" data-settings=\"{&quot;_animation&quot;:&quot;nussSlideInRight&quot;}\" data-widget_type=\"image.default\">\n\t\t\t\t\t\t\t\t\t\t\t\t\t\t\t<img loading=\"lazy\" decoding=\"async\" width=\"1280\" height=\"719\" src=\"https:\/\/hengqin-tianmu-river.intercityhotelzhuhai.com\/wp-content\/uploads\/2026\/03\/IntercityHotel-Zhuhai-Hengqin-Tianmu-River-2.webp\" class=\"attachment-full size-full wp-image-5642\" alt=\"\" srcset=\"https:\/\/hengqin-tianmu-river.intercityhotelzhuhai.com\/wp-content\/uploads\/2026\/03\/IntercityHotel-Zhuhai-Hengqin-Tianmu-River-2.webp 1280w, https:\/\/hengqin-tianmu-river.intercityhotelzhuhai.com\/wp-content\/uploads\/2026\/03\/IntercityHotel-Zhuhai-Hengqin-Tianmu-River-2-300x169.webp 300w, https:\/\/hengqin-tianmu-river.intercityhotelzhuhai.com\/wp-content\/uploads\/2026\/03\/IntercityHotel-Zhuhai-Hengqin-Tianmu-River-2-1024x575.webp 1024w, https:\/\/hengqin-tianmu-river.intercityhotelzhuhai.com\/wp-content\/uploads\/2026\/03\/IntercityHotel-Zhuhai-Hengqin-Tianmu-River-2-768x431.webp 768w\" sizes=\"(max-width: 1280px) 100vw, 1280px\" \/>\t\t\t\t\t\t\t\t\t\t\t\t\t\t\t<\/div>\n\t\t\t\t\t<\/div>\n\t\t<\/div>\n\t\t\t\t\t<\/div>\n\t\t<\/section>\n\t\t\t\t<\/div>","protected":false},"excerpt":{"rendered":"<p>IntercityHotel Zhuhai Hengqin Tianmu River: Your Premier Gateway to the Guangdong-Macao Cooperation Zone Discover the perfect fusion of German engineering precision and warm Chinese hospitality at the IntercityHotel Zhuhai Hengqin Tianmu River. Strategically located at Room 101, Yuxin Building, Haojiang Road, this contemporary urban hotel sits in the heart of the Hengqin Guangdong-Macao In-Depth Cooperation [&hellip;]<\/p>\n","protected":false},"author":1,"featured_media":0,"parent":0,"menu_order":0,"comment_status":"closed","ping_status":"closed","template":"","meta":{"footnotes":""},"class_list":["post-5266","page","type-page","status-publish","hentry","post-no-thumbnail"],"_links":{"self":[{"href":"https:\/\/hengqin-tianmu-river.intercityhotelzhuhai.com\/it\/wp-json\/wp\/v2\/pages\/5266","targetHints":{"allow":["GET"]}}],"collection":[{"href":"https:\/\/hengqin-tianmu-river.intercityhotelzhuhai.com\/it\/wp-json\/wp\/v2\/pages"}],"about":[{"href":"https:\/\/hengqin-tianmu-river.intercityhotelzhuhai.com\/it\/wp-json\/wp\/v2\/types\/page"}],"author":[{"embeddable":true,"href":"https:\/\/hengqin-tianmu-river.intercityhotelzhuhai.com\/it\/wp-json\/wp\/v2\/users\/1"}],"replies":[{"embeddable":true,"href":"https:\/\/hengqin-tianmu-river.intercityhotelzhuhai.com\/it\/wp-json\/wp\/v2\/comments?post=5266"}],"version-history":[{"count":0,"href":"https:\/\/hengqin-tianmu-river.intercityhotelzhuhai.com\/it\/wp-json\/wp\/v2\/pages\/5266\/revisions"}],"wp:attachment":[{"href":"https:\/\/hengqin-tianmu-river.intercityhotelzhuhai.com\/it\/wp-json\/wp\/v2\/media?parent=5266"}],"curies":[{"name":"wp","href":"https:\/\/api.w.org\/{rel}","templated":true}]}}