{"id":612,"date":"2021-03-26T10:04:13","date_gmt":"2021-03-26T10:04:13","guid":{"rendered":"http:\/\/localhost\/nuss\/?page_id=612"},"modified":"2026-03-17T06:41:03","modified_gmt":"2026-03-17T06:41:03","slug":"ristorante","status":"publish","type":"page","link":"https:\/\/hengqin-tianmu-river.intercityhotelzhuhai.com\/it\/restaurant\/","title":{"rendered":"Ristorante"},"content":{"rendered":"<div data-elementor-type=\"wp-page\" data-elementor-id=\"612\" class=\"elementor elementor-612\">\n\t\t\t\t\t\t<section class=\"elementor-section elementor-top-section elementor-element elementor-element-e2effe8 elementor-section-boxed elementor-section-gap-beside-yes elementor-section-height-default elementor-section-height-default elementor-section-column-vertical-align-stretch\" data-id=\"e2effe8\" data-element_type=\"section\" data-e-type=\"section\">\n\t\t\t\t\t\t<div class=\"elementor-container elementor-column-gap-extended\">\n\t\t\t\t\t<div class=\"elementor-column elementor-col-100 elementor-top-column elementor-element elementor-element-e18f688\" data-id=\"e18f688\" data-element_type=\"column\" data-e-type=\"column\">\n\t\t\t<div class=\"elementor-widget-wrap elementor-element-populated\">\n\t\t\t\t\t\t<div class=\"elementor-element elementor-element-6db146d elementor-widget__width-initial elementor-invisible elementor-widget elementor-widget-text-editor\" data-id=\"6db146d\" data-element_type=\"widget\" data-e-type=\"widget\" data-settings=\"{&quot;_animation&quot;:&quot;nussFadeInUp&quot;}\" data-widget_type=\"text-editor.default\">\n\t\t\t\t\t\t\t\t\tUna fusione culinaria nel cuore di Hengqin: cenare all&#039;IntercityHotel Zhuhai Hengqin Tianmu River.\t\t\t\t\t\t\t\t<\/div>\n\t\t\t\t\t<\/div>\n\t\t<\/div>\n\t\t\t\t\t<\/div>\n\t\t<\/section>\n\t\t<div class=\"elementor-element elementor-element-7094557 e-flex e-con-boxed e-con e-parent\" data-id=\"7094557\" data-element_type=\"container\" data-e-type=\"container\">\n\t\t\t\t\t<div class=\"e-con-inner\">\n\t\t\t\t<div class=\"elementor-element elementor-element-8bdb6b1 elementor-widget elementor-widget-nuss-image-gallery\" data-id=\"8bdb6b1\" data-element_type=\"widget\" data-e-type=\"widget\" data-widget_type=\"nuss-image-gallery.default\">\n\t\t\t\t<div class=\"elementor-widget-container\">\n\t\t\t\t\t\t\t<div class=\"nuss-grid-wrapper\" data-grid=\"{&quot;type&quot;:&quot;grid&quot;,&quot;ratio&quot;:null,&quot;columns&quot;:3,&quot;gutter&quot;:30}\">\r\n\t\t\t<div class=\"nuss-grid lazy-grid\">\r\n\t\t\t\t<div class=\"grid-sizer\"><\/div>\r\n\r\n\t\t\t\t\t\t\t\t\t\t\t\t<div class=\"grid-item\">\r\n\t\t\t\t\t\t<div class=\"nuss-box\">\t\t<div class=\"nuss-image image\">\r\n\t\t\t<img decoding=\"async\"  src=\"https:\/\/hengqin-tianmu-river.intercityhotelzhuhai.com\/wp-content\/uploads\/2026\/03\/IntercityHotel-Zhuhai-Hengqin-Tianmu-River-6.webp\" alt=\"IntercityHotel Zhuhai Hengqin Tianmu River (6)\" \/>\t\t<\/div>\r\n\t\t\t\t<\/div>\t\t\t\t\t<\/div>\r\n\t\t\t\t\t\t<div class=\"grid-item\">\r\n\t\t\t\t\t\t<div class=\"nuss-box\">\t\t<div class=\"nuss-image image\">\r\n\t\t\t<img decoding=\"async\"  src=\"https:\/\/hengqin-tianmu-river.intercityhotelzhuhai.com\/wp-content\/uploads\/2026\/03\/IntercityHotel-Zhuhai-Hengqin-Tianmu-River-69.webp\" alt=\"IntercityHotel Zhuhai Hengqin Tianmu River (69)\" \/>\t\t<\/div>\r\n\t\t\t\t<\/div>\t\t\t\t\t<\/div>\r\n\t\t\t\t\t\t<div class=\"grid-item\">\r\n\t\t\t\t\t\t<div class=\"nuss-box\">\t\t<div class=\"nuss-image image\">\r\n\t\t\t<img decoding=\"async\"  src=\"https:\/\/hengqin-tianmu-river.intercityhotelzhuhai.com\/wp-content\/uploads\/2026\/03\/IntercityHotel-Zhuhai-Hengqin-Tianmu-River-72.webp\" alt=\"IntercityHotel Zhuhai Hengqin Tianmu River (72)\" \/>\t\t<\/div>\r\n\t\t\t\t<\/div>\t\t\t\t\t<\/div>\r\n\t\t\t\t\t\t<div class=\"grid-item\">\r\n\t\t\t\t\t\t<div class=\"nuss-box\">\t\t<div class=\"nuss-image image\">\r\n\t\t\t<img decoding=\"async\"  src=\"https:\/\/hengqin-tianmu-river.intercityhotelzhuhai.com\/wp-content\/uploads\/2026\/03\/IntercityHotel-Zhuhai-Hengqin-Tianmu-River-74.webp\" alt=\"IntercityHotel Zhuhai Hengqin Tianmu River (74)\" \/>\t\t<\/div>\r\n\t\t\t\t<\/div>\t\t\t\t\t<\/div>\r\n\t\t\t\t\t\t<div class=\"grid-item\">\r\n\t\t\t\t\t\t<div class=\"nuss-box\">\t\t<div class=\"nuss-image image\">\r\n\t\t\t<img decoding=\"async\"  src=\"https:\/\/hengqin-tianmu-river.intercityhotelzhuhai.com\/wp-content\/uploads\/2026\/03\/IntercityHotel-Zhuhai-Hengqin-Tianmu-River-68.webp\" alt=\"IntercityHotel Zhuhai Hengqin Tianmu River (68)\" \/>\t\t<\/div>\r\n\t\t\t\t<\/div>\t\t\t\t\t<\/div>\r\n\t\t\t\t\t\t<div class=\"grid-item\">\r\n\t\t\t\t\t\t<div class=\"nuss-box\">\t\t<div class=\"nuss-image image\">\r\n\t\t\t<img decoding=\"async\"  src=\"https:\/\/hengqin-tianmu-river.intercityhotelzhuhai.com\/wp-content\/uploads\/2026\/03\/IntercityHotel-Zhuhai-Hengqin-Tianmu-River-66.webp\" alt=\"IntercityHotel Zhuhai Hengqin Tianmu River (66)\" \/>\t\t<\/div>\r\n\t\t\t\t<\/div>\t\t\t\t\t<\/div>\r\n\t\t\t\t\t\t<div class=\"grid-item\">\r\n\t\t\t\t\t\t<div class=\"nuss-box\">\t\t<div class=\"nuss-image image\">\r\n\t\t\t<img decoding=\"async\"  src=\"https:\/\/hengqin-tianmu-river.intercityhotelzhuhai.com\/wp-content\/uploads\/2026\/03\/IntercityHotel-Zhuhai-Hengqin-Tianmu-River-64.webp\" alt=\"IntercityHotel Zhuhai Hengqin Tianmu River (64)\" \/>\t\t<\/div>\r\n\t\t\t\t<\/div>\t\t\t\t\t<\/div>\r\n\t\t\t\t\t\t<div class=\"grid-item\">\r\n\t\t\t\t\t\t<div class=\"nuss-box\">\t\t<div class=\"nuss-image image\">\r\n\t\t\t<img decoding=\"async\"  src=\"https:\/\/hengqin-tianmu-river.intercityhotelzhuhai.com\/wp-content\/uploads\/2026\/03\/IntercityHotel-Zhuhai-Hengqin-Tianmu-River-65.webp\" alt=\"IntercityHotel Zhuhai Hengqin Tianmu River (65)\" \/>\t\t<\/div>\r\n\t\t\t\t<\/div>\t\t\t\t\t<\/div>\r\n\t\t\t\t\t\t<div class=\"grid-item\">\r\n\t\t\t\t\t\t<div class=\"nuss-box\">\t\t<div class=\"nuss-image image\">\r\n\t\t\t<img decoding=\"async\"  src=\"https:\/\/hengqin-tianmu-river.intercityhotelzhuhai.com\/wp-content\/uploads\/2026\/03\/IntercityHotel-Zhuhai-Hengqin-Tianmu-River-63.webp\" alt=\"IntercityHotel Zhuhai Hengqin Tianmu River (63)\" \/>\t\t<\/div>\r\n\t\t\t\t<\/div>\t\t\t\t\t<\/div>\r\n\t\t\t\t\t\t<div class=\"grid-item\">\r\n\t\t\t\t\t\t<div class=\"nuss-box\">\t\t<div class=\"nuss-image image\">\r\n\t\t\t<img decoding=\"async\"  src=\"https:\/\/hengqin-tianmu-river.intercityhotelzhuhai.com\/wp-content\/uploads\/2026\/03\/IntercityHotel-Zhuhai-Hengqin-Tianmu-River-62.webp\" alt=\"IntercityHotel Zhuhai Hengqin Tianmu River (62)\" \/>\t\t<\/div>\r\n\t\t\t\t<\/div>\t\t\t\t\t<\/div>\r\n\t\t\t\t\t\t<div class=\"grid-item\">\r\n\t\t\t\t\t\t<div class=\"nuss-box\">\t\t<div class=\"nuss-image image\">\r\n\t\t\t<img decoding=\"async\"  src=\"https:\/\/hengqin-tianmu-river.intercityhotelzhuhai.com\/wp-content\/uploads\/2026\/03\/IntercityHotel-Zhuhai-Hengqin-Tianmu-River-61.webp\" alt=\"IntercityHotel Zhuhai Hengqin Tianmu River (61)\" \/>\t\t<\/div>\r\n\t\t\t\t<\/div>\t\t\t\t\t<\/div>\r\n\t\t\t\t\t\t<div class=\"grid-item\">\r\n\t\t\t\t\t\t<div class=\"nuss-box\">\t\t<div class=\"nuss-image image\">\r\n\t\t\t<img decoding=\"async\"  src=\"https:\/\/hengqin-tianmu-river.intercityhotelzhuhai.com\/wp-content\/uploads\/2026\/03\/IntercityHotel-Zhuhai-Hengqin-Tianmu-River-59.webp\" alt=\"IntercityHotel Zhuhai Hengqin Tianmu River (59)\" \/>\t\t<\/div>\r\n\t\t\t\t<\/div>\t\t\t\t\t<\/div>\r\n\t\t\t\t\t\t<div class=\"grid-item\">\r\n\t\t\t\t\t\t<div class=\"nuss-box\">\t\t<div class=\"nuss-image image\">\r\n\t\t\t<img decoding=\"async\"  src=\"https:\/\/hengqin-tianmu-river.intercityhotelzhuhai.com\/wp-content\/uploads\/2026\/03\/IntercityHotel-Zhuhai-Hengqin-Tianmu-River-60.webp\" alt=\"IntercityHotel Zhuhai Hengqin Tianmu River (60)\" \/>\t\t<\/div>\r\n\t\t\t\t<\/div>\t\t\t\t\t<\/div>\r\n\t\t\t\t\t\t<div class=\"grid-item\">\r\n\t\t\t\t\t\t<div class=\"nuss-box\">\t\t<div class=\"nuss-image image\">\r\n\t\t\t<img decoding=\"async\"  src=\"https:\/\/hengqin-tianmu-river.intercityhotelzhuhai.com\/wp-content\/uploads\/2026\/03\/IntercityHotel-Zhuhai-Hengqin-Tianmu-River-58.webp\" alt=\"IntercityHotel Zhuhai Hengqin Tianmu River (58)\" \/>\t\t<\/div>\r\n\t\t\t\t<\/div>\t\t\t\t\t<\/div>\r\n\t\t\t\t\t\t<div class=\"grid-item\">\r\n\t\t\t\t\t\t<div class=\"nuss-box\">\t\t<div class=\"nuss-image image\">\r\n\t\t\t<img decoding=\"async\"  src=\"https:\/\/hengqin-tianmu-river.intercityhotelzhuhai.com\/wp-content\/uploads\/2026\/03\/IntercityHotel-Zhuhai-Hengqin-Tianmu-River-57.webp\" alt=\"IntercityHotel Zhuhai Hengqin Tianmu River (57)\" \/>\t\t<\/div>\r\n\t\t\t\t<\/div>\t\t\t\t\t<\/div>\r\n\t\t\t\t\t\t<div class=\"grid-item\">\r\n\t\t\t\t\t\t<div class=\"nuss-box\">\t\t<div class=\"nuss-image image\">\r\n\t\t\t<img decoding=\"async\"  src=\"https:\/\/hengqin-tianmu-river.intercityhotelzhuhai.com\/wp-content\/uploads\/2026\/03\/IntercityHotel-Zhuhai-Hengqin-Tianmu-River-56.webp\" alt=\"IntercityHotel Zhuhai Hengqin Tianmu River (56)\" \/>\t\t<\/div>\r\n\t\t\t\t<\/div>\t\t\t\t\t<\/div>\r\n\t\t\t\t\t\t<div class=\"grid-item\">\r\n\t\t\t\t\t\t<div class=\"nuss-box\">\t\t<div class=\"nuss-image image\">\r\n\t\t\t<img decoding=\"async\"  src=\"https:\/\/hengqin-tianmu-river.intercityhotelzhuhai.com\/wp-content\/uploads\/2026\/03\/IntercityHotel-Zhuhai-Hengqin-Tianmu-River-54.webp\" alt=\"IntercityHotel Zhuhai Hengqin Tianmu River (54)\" \/>\t\t<\/div>\r\n\t\t\t\t<\/div>\t\t\t\t\t<\/div>\r\n\t\t\t\t\t\t<div class=\"grid-item\">\r\n\t\t\t\t\t\t<div class=\"nuss-box\">\t\t<div class=\"nuss-image image\">\r\n\t\t\t<img decoding=\"async\"  src=\"https:\/\/hengqin-tianmu-river.intercityhotelzhuhai.com\/wp-content\/uploads\/2026\/03\/IntercityHotel-Zhuhai-Hengqin-Tianmu-River-55.webp\" alt=\"IntercityHotel Zhuhai Hengqin Tianmu River (55)\" \/>\t\t<\/div>\r\n\t\t\t\t<\/div>\t\t\t\t\t<\/div>\r\n\t\t\t\t\t\t<div class=\"grid-item\">\r\n\t\t\t\t\t\t<div class=\"nuss-box\">\t\t<div class=\"nuss-image image\">\r\n\t\t\t<img decoding=\"async\"  src=\"https:\/\/hengqin-tianmu-river.intercityhotelzhuhai.com\/wp-content\/uploads\/2026\/03\/IntercityHotel-Zhuhai-Hengqin-Tianmu-River-53.webp\" alt=\"IntercityHotel Zhuhai Hengqin Tianmu River (53)\" \/>\t\t<\/div>\r\n\t\t\t\t<\/div>\t\t\t\t\t<\/div>\r\n\t\t\t\t\t\t<div class=\"grid-item\">\r\n\t\t\t\t\t\t<div class=\"nuss-box\">\t\t<div class=\"nuss-image image\">\r\n\t\t\t<img decoding=\"async\"  src=\"https:\/\/hengqin-tianmu-river.intercityhotelzhuhai.com\/wp-content\/uploads\/2026\/03\/IntercityHotel-Zhuhai-Hengqin-Tianmu-River-49.webp\" alt=\"IntercityHotel Zhuhai Hengqin Tianmu River (49)\" \/>\t\t<\/div>\r\n\t\t\t\t<\/div>\t\t\t\t\t<\/div>\r\n\t\t\t\t\t\t\t\r\n\t\t\t<\/div>\r\n\t\t<\/div>\r\n\t\t\t\t\t\t<\/div>\n\t\t\t\t<\/div>\n\t\t\t\t\t<\/div>\n\t\t\t\t<\/div>\n\t\t<div class=\"elementor-element elementor-element-6feba6e e-flex e-con-boxed e-con e-parent\" data-id=\"6feba6e\" data-element_type=\"container\" data-e-type=\"container\">\n\t\t\t\t\t<div class=\"e-con-inner\">\n\t\t\t\t<div class=\"elementor-element elementor-element-d7d0e49 elementor-widget elementor-widget-text-editor\" data-id=\"d7d0e49\" data-element_type=\"widget\" data-e-type=\"widget\" data-widget_type=\"text-editor.default\">\n\t\t\t\t\t\t\t\t\t<div class=\"qwen-markdown-paragraph\"><span class=\"qwen-markdown-text\">Nel panorama dinamico del <\/span><strong class=\"qwen-markdown-strong\"><span class=\"qwen-markdown-text\">Zona di cooperazione approfondita tra Guangdong e Macao a Hengqin<\/span><\/strong><span class=\"qwen-markdown-text\">, dove le culture convergono e l&#039;innovazione prospera, l&#039;esperienza culinaria a <\/span><strong class=\"qwen-markdown-strong\"><span class=\"qwen-markdown-text\">IntercityHotel Zhuhai Hengqin Tianmu River<\/span><\/strong><span class=\"qwen-markdown-text\"> rappresenta un riflesso gastronomico di questa sinergia unica. Situato nella stanza 101, edificio Yuxin, Haojiang Road nel distretto di Xiangzhou, il nostro ristorante aperto tutto il giorno \u00e8 pi\u00f9 di un semplice luogo dove mangiare; \u00e8 una destinazione dove la precisione ingegneristica tedesca incontra i sapori ricchi e diversificati della Cina meridionale. Pensato per il viaggiatore d&#039;affari esigente, la famiglia in cerca di svago e l&#039;esploratore transfrontaliero, la nostra offerta culinaria offre una perfetta fusione di standard internazionali e autenticit\u00e0 locale, il tutto sullo sfondo sereno del <\/span><strong class=\"qwen-markdown-strong\"><span class=\"qwen-markdown-text\">fiume Tianmu<\/span><\/strong><span class=\"qwen-markdown-text\">.<\/span><\/div><div class=\"qwen-markdown-space\">\u00a0<\/div><h2 class=\"qwen-markdown-heading\"><span class=\"qwen-markdown-text\">Dove l&#039;Oriente incontra l&#039;Occidente nel tuo piatto<\/span><\/h2><div class=\"qwen-markdown-paragraph\"><span class=\"qwen-markdown-text\">La filosofia alla base del nostro menu \u00e8 semplice ma profonda: onorare la tradizione abbracciando al contempo le influenze globali. Come <\/span><strong class=\"qwen-markdown-strong\"><span class=\"qwen-markdown-text\">Hotel Intercity<\/span><\/strong><span class=\"qwen-markdown-text\">, portiamo avanti un&#039;eredit\u00e0 di ospitalit\u00e0 europea, che si esprime vividamente nella nostra cucina. Gli ospiti possono deliziarsi con autentici <\/span><strong class=\"qwen-markdown-strong\"><span class=\"qwen-markdown-text\">Piatti di ispirazione tedesca<\/span><\/strong><span class=\"qwen-markdown-text\"> che portano un assaggio d&#039;Europa a Zhuhai, dalle sostanziose salsicce per la colazione e i pretzel freschi alle classiche cotolette e ai ricchi stufati. Queste specialit\u00e0 sono preparate con meticolosa attenzione ai dettagli, garantendo che ogni boccone rifletta la qualit\u00e0 e la costanza per cui il marchio \u00e8 conosciuto in tutto il mondo.<\/span><\/div><div class=\"qwen-markdown-space\">\u00a0<\/div><div class=\"qwen-markdown-paragraph\"><span class=\"qwen-markdown-text\">Eppure, siamo profondamente radicati nel nostro territorio. I nostri chef sono maestri di <\/span><strong class=\"qwen-markdown-strong\"><span class=\"qwen-markdown-text\">autentica cucina cinese<\/span><\/strong><span class=\"qwen-markdown-text\">, in particolare curando menu che mettano in risalto i sapori freschi e delicati di <\/span><strong class=\"qwen-markdown-strong\"><span class=\"qwen-markdown-text\">cucina cantonese<\/span><\/strong><span class=\"qwen-markdown-text\"> e le pi\u00f9 ampie tradizioni culinarie del Guangdong. Dalle selezioni di dim sum e dalle zuppe a cottura lenta alle specialit\u00e0 saltate in wok con frutti di mare locali e verdure di stagione, la nostra cucina racconta la storia della regione. Questa duplice attenzione crea un ambiente gastronomico unico, dove un ospite pu\u00f2 gustare una tradizionale colazione tedesca al mattino e assaporare una raffinata cena in stile banchetto cinese la sera, il tutto nello stesso elegante spazio.<\/span><\/div><div class=\"qwen-markdown-space\">\u00a0<\/div><h2 class=\"qwen-markdown-heading\"><span class=\"qwen-markdown-text\">L&#039;esperienza culinaria che dura tutto il giorno: dall&#039;alba al tramonto.<\/span><\/h2><div class=\"qwen-markdown-paragraph\"><span class=\"qwen-markdown-text\">Il nostro ristorante \u00e8 un vivace punto di ritrovo durante tutto il giorno, che adatta la sua atmosfera e il suo men\u00f9 al ritmo del vostro soggiorno.<\/span><\/div><div class=\"qwen-markdown-space\">\u00a0<\/div><h3 class=\"qwen-markdown-heading\"><strong class=\"qwen-markdown-strong\"><span class=\"qwen-markdown-text\">Il rituale mattutino: una colazione a buffet internazionale<\/span><\/strong><\/h3><div class=\"qwen-markdown-paragraph\"><span class=\"qwen-markdown-text\">Inizia la giornata con energia grazie al nostro ricco buffet per la colazione, ampiamente considerato uno dei migliori della zona. <\/span><strong class=\"qwen-markdown-strong\"><span class=\"qwen-markdown-text\">Zona di Hengqin<\/span><\/strong><span class=\"qwen-markdown-text\">. Sappiamo che una bella giornata inizia con del buon cibo. Il nostro buffet offre una selezione completa di <\/span><strong class=\"qwen-markdown-strong\"><span class=\"qwen-markdown-text\">Classici occidentali<\/span><\/strong><span class=\"qwen-markdown-text\">, tra cui pasticcini appena sfornati, pane artigianale, uova strapazzate, pancetta e formaggi pregiati. Insieme a questi, un dedicato <\/span><strong class=\"qwen-markdown-strong\"><span class=\"qwen-markdown-text\">stazione cinese<\/span><\/strong><span class=\"qwen-markdown-text\"> offre congee caldo, noodles saltati in padella, panini al vapore e verdure sottaceto. Gli appassionati di caff\u00e8 possono deliziarsi con il nostro <\/span><strong class=\"qwen-markdown-strong\"><span class=\"qwen-markdown-text\">caff\u00e8 filtro di alta qualit\u00e0<\/span><\/strong><span class=\"qwen-markdown-text\"> e un bar espresso, mentre gli amanti del t\u00e8 possono scegliere tra una variet\u00e0 di t\u00e8 cinesi tradizionali. Che tu abbia bisogno di un rapido rifornimento prima di un incontro nella Zona di Cooperazione o di un rilassante brunch in famiglia prima di dirigerti a <\/span><strong class=\"qwen-markdown-strong\"><span class=\"qwen-markdown-text\">Regno oceanico di Chimelong<\/span><\/strong><span class=\"qwen-markdown-text\">, La nostra colazione crea l&#039;atmosfera perfetta.<\/span><\/div><div class=\"qwen-markdown-space\">\u00a0<\/div><h3 class=\"qwen-markdown-heading\"><strong class=\"qwen-markdown-strong\"><span class=\"qwen-markdown-text\">Pranzo e cena: sapori internazionali con un&#039;anima locale.<\/span><\/strong><\/h3><div class=\"qwen-markdown-paragraph\"><span class=\"qwen-markdown-text\">Con il passare delle ore, il ristorante si trasforma in un ambiente raffinato per il pranzo e la cena. Le nostre proposte \u00e0 la carte e a buffet cambiano regolarmente per garantire freschezza e variet\u00e0. I viaggiatori d&#039;affari spesso optano per i nostri menu express per il pranzo, pensati per essere efficienti senza rinunciare al gusto. La sera, il ritmo si fa pi\u00f9 lento, invitando gli ospiti a soffermarsi a gustare cene a pi\u00f9 portate che esaltano la creativit\u00e0 dello chef. Aspettatevi un&#039;armoniosa combinazione di piatti internazionali alla griglia, primi piatti e specialit\u00e0 cinesi, realizzate con i migliori ingredienti del Delta del Fiume delle Perle.<\/span><\/div><div class=\"qwen-markdown-space\">\u00a0<\/div><h2 class=\"qwen-markdown-heading\"><span class=\"qwen-markdown-text\">Cenare con vista: l&#039;atmosfera del fiume Tianmu<\/span><\/h2><div class=\"qwen-markdown-paragraph\"><span class=\"qwen-markdown-text\">Il cibo ha un sapore migliore quando l&#039;ambiente \u00e8 stimolante. Il nostro ristorante vanta vetrate a tutta altezza che incorniciano viste mozzafiato del <\/span><strong class=\"qwen-markdown-strong\"><span class=\"qwen-markdown-text\">fiume Tianmu<\/span><\/strong><span class=\"qwen-markdown-text\">. Questo elemento naturale rappresenta il cuore pulsante della nostra sala da pranzo, offrendo una tranquilla oasi di pace lontano dal trambusto della zona di Hengqin.<\/span><\/div><div class=\"qwen-markdown-space\">\u00a0<\/div><ul class=\"qwen-markdown-list\" dir=\"auto\"><li><strong class=\"qwen-markdown-strong\"><span class=\"qwen-markdown-text\">Giorno:<\/span><\/strong><span class=\"qwen-markdown-text\"> Illuminata da luce naturale, la vista sul fiume crea un&#039;atmosfera rilassante e stimolante, ideale per pranzi di lavoro o incontri informali per un caff\u00e8. Ammirate il dolce scorrere dell&#039;acqua mentre discutete di strategie o pianificate la vostra prossima avventura.<\/span><\/li><li><strong class=\"qwen-markdown-strong\"><span class=\"qwen-markdown-text\">Sera:<\/span><\/strong><span class=\"qwen-markdown-text\"> Al calar del sole, l&#039;atmosfera si tinge di una calda e romantica luce. Il riflesso delle luci della citt\u00e0 sul fiume crea uno scenario magico per cene intime o pranzi celebrativi. Il design degli interni, caratterizzato da linee moderne e comode sedute, si integra perfettamente con il paesaggio esterno, garantendo un&#039;esperienza visiva memorabile quanto quella culinaria.<\/span><\/li><\/ul><div class=\"qwen-markdown-space\">\u00a0<\/div><h2 class=\"qwen-markdown-heading\"><span class=\"qwen-markdown-text\">Impegno per la qualit\u00e0 e il servizio<\/span><\/h2><div class=\"qwen-markdown-paragraph\"><span class=\"qwen-markdown-text\">A <\/span><strong class=\"qwen-markdown-strong\"><span class=\"qwen-markdown-text\">IntercityHotel Zhuhai Hengqin Tianmu River<\/span><\/strong><span class=\"qwen-markdown-text\">, Crediamo che un&#039;ottima cucina debba essere accompagnata da un servizio impeccabile. Il nostro team di sala \u00e8 formato per anticipare le esigenze di una clientela internazionale e diversificata. Grazie a uno staff multilingue pronto ad assistere ogni ospite, ci assicuriamo che si senta benvenuto e apprezzato. Diamo priorit\u00e0 all&#039;igiene, alla freschezza e alla sostenibilit\u00e0, rifornendoci di ingredienti da fornitori locali di fiducia per sostenere la comunit\u00e0 di Zhuhai, pur mantenendo rigorosi standard di sicurezza internazionali.<\/span><\/div><div class=\"qwen-markdown-space\">\u00a0<\/div><div class=\"qwen-markdown-paragraph\"><span class=\"qwen-markdown-text\">Che si tratti di un piccolo evento aziendale, di una cena tranquilla in solitaria o di una celebrazione speciale in famiglia, il nostro ristorante offre un ambiente versatile e accogliente. Siamo in grado di soddisfare diverse esigenze alimentari, garantendo la disponibilit\u00e0 di opzioni vegetariane, vegane e adatte a chi soffre di allergie specifiche.<\/span><\/div><div class=\"qwen-markdown-space\">\u00a0<\/div><h2 class=\"qwen-markdown-heading\"><span class=\"qwen-markdown-text\">La tua porta d&#039;accesso culinaria a Zhuhai<\/span><\/h2><div class=\"qwen-markdown-paragraph\"><span class=\"qwen-markdown-text\">Pranzare al nostro ristorante \u00e8 parte integrante dell&#039;esperienza <\/span><strong class=\"qwen-markdown-strong\"><span class=\"qwen-markdown-text\">Hotel Intercity<\/span><\/strong><span class=\"qwen-markdown-text\"> esperienza. \u00c8 un luogo dove l&#039;efficienza dell&#039;ospitalit\u00e0 tedesca si fonde con il calore della cultura cinese, creando un profilo di sapori unico che si pu\u00f2 trovare solo qui nel <\/span><strong class=\"qwen-markdown-strong\"><span class=\"qwen-markdown-text\">Zona di cooperazione approfondita tra Guangdong e Macao<\/span><\/strong><span class=\"qwen-markdown-text\">.<\/span><\/div><div class=\"qwen-markdown-space\">\u00a0<\/div><div class=\"qwen-markdown-paragraph\"><span class=\"qwen-markdown-text\">Situato in posizione comoda a <\/span><strong class=\"qwen-markdown-strong\"><span class=\"qwen-markdown-text\">Haojiang Road<\/span><\/strong><span class=\"qwen-markdown-text\">, Il nostro ristorante \u00e8 facilmente accessibile sia per gli ospiti dell&#039;hotel che per i visitatori. Dopo una giornata di esplorazione <\/span><strong class=\"qwen-markdown-strong\"><span class=\"qwen-markdown-text\">Macao<\/span><\/strong><span class=\"qwen-markdown-text\">, Che siate impegnati in affari nei parchi tecnologici o che vi divertiate nei parchi a tema, tornate al comfort della nostra sala da pranzo. Lasciate che nutriamo il vostro corpo e il vostro spirito con sapori che trascendono i confini.<\/span><\/div><div class=\"qwen-markdown-space\">\u00a0<\/div><div class=\"qwen-markdown-paragraph\" data-spm-anchor-id=\"a2ty_o01.29997173.0.i19.5c315171uMx9jI\"><span class=\"qwen-markdown-text\">Scopri il gusto di Hengqin a <\/span><strong class=\"qwen-markdown-strong\"><span class=\"qwen-markdown-text\">IntercityHotel Zhuhai Hengqin Tianmu River<\/span><\/strong><span class=\"qwen-markdown-text\">\u2014dove ogni pasto \u00e8 un viaggio e ogni panorama \u00e8 un ricordo in attesa di essere creato.<\/span><\/div>\t\t\t\t\t\t\t\t<\/div>\n\t\t\t\t\t<\/div>\n\t\t\t\t<\/div>\n\t\t\t\t<\/div>","protected":false},"excerpt":{"rendered":"<p>A Culinary Fusion at the Heart of Hengqin: Dining at IntercityHotel Zhuhai Hengqin Tianmu River In the dynamic landscape of the Hengqin Guangdong-Macao In-Depth Cooperation Zone, where cultures converge and innovation thrives, the dining experience at IntercityHotel Zhuhai Hengqin Tianmu River stands as a gastronomic reflection of this unique synergy. Located at Room 101, Yuxin [&hellip;]<\/p>\n","protected":false},"author":1,"featured_media":0,"parent":0,"menu_order":0,"comment_status":"closed","ping_status":"closed","template":"elementor_header_footer","meta":{"footnotes":""},"class_list":["post-612","page","type-page","status-publish","hentry","post-no-thumbnail"],"_links":{"self":[{"href":"https:\/\/hengqin-tianmu-river.intercityhotelzhuhai.com\/it\/wp-json\/wp\/v2\/pages\/612","targetHints":{"allow":["GET"]}}],"collection":[{"href":"https:\/\/hengqin-tianmu-river.intercityhotelzhuhai.com\/it\/wp-json\/wp\/v2\/pages"}],"about":[{"href":"https:\/\/hengqin-tianmu-river.intercityhotelzhuhai.com\/it\/wp-json\/wp\/v2\/types\/page"}],"author":[{"embeddable":true,"href":"https:\/\/hengqin-tianmu-river.intercityhotelzhuhai.com\/it\/wp-json\/wp\/v2\/users\/1"}],"replies":[{"embeddable":true,"href":"https:\/\/hengqin-tianmu-river.intercityhotelzhuhai.com\/it\/wp-json\/wp\/v2\/comments?post=612"}],"version-history":[{"count":0,"href":"https:\/\/hengqin-tianmu-river.intercityhotelzhuhai.com\/it\/wp-json\/wp\/v2\/pages\/612\/revisions"}],"wp:attachment":[{"href":"https:\/\/hengqin-tianmu-river.intercityhotelzhuhai.com\/it\/wp-json\/wp\/v2\/media?parent=612"}],"curies":[{"name":"wp","href":"https:\/\/api.w.org\/{rel}","templated":true}]}}