{"id":647,"date":"2021-03-29T02:13:52","date_gmt":"2021-03-29T02:13:52","guid":{"rendered":"http:\/\/localhost\/nuss\/?page_id=647"},"modified":"2026-03-17T06:40:43","modified_gmt":"2026-03-17T06:40:43","slug":"cucine","status":"publish","type":"page","link":"https:\/\/hengqin-tianmu-river.intercityhotelzhuhai.com\/it\/services\/","title":{"rendered":"Fibre"},"content":{"rendered":"<div data-elementor-type=\"wp-page\" data-elementor-id=\"647\" class=\"elementor elementor-647\">\n\t\t\t\t\t\t<section class=\"elementor-section elementor-top-section elementor-element elementor-element-3353bc8 elementor-section-boxed elementor-section-gap-beside-yes elementor-section-height-default elementor-section-height-default elementor-section-column-vertical-align-stretch\" data-id=\"3353bc8\" data-element_type=\"section\" data-e-type=\"section\">\n\t\t\t\t\t\t<div class=\"elementor-container elementor-column-gap-extended\">\n\t\t\t\t\t<div class=\"elementor-column elementor-col-100 elementor-top-column elementor-element elementor-element-0a2bc64\" data-id=\"0a2bc64\" data-element_type=\"column\" data-e-type=\"column\">\n\t\t\t<div class=\"elementor-widget-wrap elementor-element-populated\">\n\t\t\t\t\t\t<div class=\"elementor-element elementor-element-447e3ef elementor-widget__width-initial elementor-invisible elementor-widget elementor-widget-text-editor\" data-id=\"447e3ef\" data-element_type=\"widget\" data-e-type=\"widget\" data-settings=\"{&quot;_animation&quot;:&quot;nussFadeInUp&quot;}\" data-widget_type=\"text-editor.default\">\n\t\t\t\t\t\t\t\t\tServizio impeccabile: l&#039;esperienza dell&#039;IntercityHotel Zhuhai Hengqin sul fiume Tianmu.\t\t\t\t\t\t\t\t<\/div>\n\t\t\t\t\t<\/div>\n\t\t<\/div>\n\t\t\t\t\t<\/div>\n\t\t<\/section>\n\t\t<div class=\"elementor-element elementor-element-921b852 e-flex e-con-boxed e-con e-parent\" data-id=\"921b852\" data-element_type=\"container\" data-e-type=\"container\">\n\t\t\t\t\t<div class=\"e-con-inner\">\n\t\t\t\t<div class=\"elementor-element elementor-element-1526505 elementor-widget elementor-widget-text-editor\" data-id=\"1526505\" data-element_type=\"widget\" data-e-type=\"widget\" data-widget_type=\"text-editor.default\">\n\t\t\t\t\t\t\t\t\t<div class=\"qwen-markdown-paragraph\" data-spm-anchor-id=\"a2ty_o01.29997173.0.i17.5c315171uMx9jI\"><span class=\"qwen-markdown-text\" data-spm-anchor-id=\"a2ty_o01.29997173.0.i18.5c315171uMx9jI\">A <\/span><strong class=\"qwen-markdown-strong\"><span class=\"qwen-markdown-text\">IntercityHotel Zhuhai Hengqin Tianmu River<\/span><\/strong><span class=\"qwen-markdown-text\">, situato nella stanza 101, edificio Yuxin, Haojiang Road nel cuore del <\/span><strong class=\"qwen-markdown-strong\"><span class=\"qwen-markdown-text\">Zona di cooperazione approfondita tra Guangdong e Macao a Hengqin<\/span><\/strong><span class=\"qwen-markdown-text\">, Il servizio clienti non \u00e8 semplicemente un reparto, ma il fondamento della nostra identit\u00e0. Sappiamo che il viaggiatore moderno, che si tratti di un dirigente di alto livello che si sposta nella Greater Bay Area o di una famiglia in partenza per un&#039;avventura in un parco a tema, esige molto pi\u00f9 di un semplice posto dove dormire. Richiede un sistema di supporto impeccabile, efficiente e intuitivo, in grado di anticipare le sue esigenze prima ancora che si presentino. La nostra gamma completa di servizi \u00e8 pensata per semplificare il vostro viaggio, permettendovi di concentrarvi su ci\u00f2 che conta di pi\u00f9: i vostri affari, il vostro tempo libero e la vostra tranquillit\u00e0.<\/span><\/div><div class=\"qwen-markdown-space\">\u00a0<\/div><h2 class=\"qwen-markdown-heading\"><span class=\"qwen-markdown-text\">Servizio di concierge e reception di eccellenza 24 ore su 24, 7 giorni su 7.<\/span><\/h2><div class=\"qwen-markdown-paragraph\"><span class=\"qwen-markdown-text\">Il cuore pulsante della nostra attivit\u00e0 di assistenza \u00e8 il nostro <\/span><strong class=\"qwen-markdown-strong\"><span class=\"qwen-markdown-text\">Reception aperta 24 ore su 24<\/span><\/strong><span class=\"qwen-markdown-text\">. In una zona che non dorme mai, dove gli affari attraversano i fusi orari e i voli arrivano a tutte le ore, il nostro team \u00e8 pronto 24 ore su 24. Il nostro staff multilingue, che parla fluentemente mandarino, inglese e spesso cantonese, funge da vostro punto di riferimento personale per esplorare Zhuhai e oltre.<\/span><\/div><div class=\"qwen-markdown-space\">\u00a0<\/div><ul class=\"qwen-markdown-list\" dir=\"auto\"><li><strong class=\"qwen-markdown-strong\"><span class=\"qwen-markdown-text\">Arrivi e partenze:<\/span><\/strong><span class=\"qwen-markdown-text\"> Offriamo procedure di check-in e check-out semplificate per ridurre al minimo i tempi di attesa. Per chi arriva in anticipo o parte in ritardo, il nostro check-in gratuito <\/span><strong class=\"qwen-markdown-strong\"><span class=\"qwen-markdown-text\">deposito bagagli<\/span><\/strong><span class=\"qwen-markdown-text\"> Il servizio garantisce la sicurezza dei tuoi effetti personali, lasciandoti libero di esplorare <\/span><strong class=\"qwen-markdown-strong\"><span class=\"qwen-markdown-text\">Porto di Hengqin<\/span><\/strong><span class=\"qwen-markdown-text\">, visita <\/span><strong class=\"qwen-markdown-strong\"><span class=\"qwen-markdown-text\">Regno oceanico di Chimelong<\/span><\/strong><span class=\"qwen-markdown-text\">, oppure partecipare a riunioni senza il peso delle borse.<\/span><\/li><li><strong class=\"qwen-markdown-strong\"><span class=\"qwen-markdown-text\">Competenza locale:<\/span><\/strong><span class=\"qwen-markdown-text\"> Il nostro team di concierge possiede una profonda conoscenza del territorio. Sia che abbiate bisogno di assistenza per organizzare un trasferimento privato a <\/span><strong class=\"qwen-markdown-strong\"><span class=\"qwen-markdown-text\">Aeroporto di Zhuhai Jinwan<\/span><\/strong><span class=\"qwen-markdown-text\">, Che si tratti di prenotare biglietti per le attrazioni locali, districarsi tra le complesse procedure doganali per entrare a Macao o di trovare il miglior ristorante cantonese autentico nelle vicinanze, il nostro team offre consigli personalizzati e supporto logistico.<\/span><\/li><li><strong class=\"qwen-markdown-strong\"><span class=\"qwen-markdown-text\">Supporto alle imprese:<\/span><\/strong><span class=\"qwen-markdown-text\"> Consapevole delle esigenze degli ospiti aziendali, la reception pu\u00f2 fornire assistenza per servizi urgenti di stampa, scansione, corriere e traduzione, garantendo la continuit\u00e0 operativa della vostra azienda anche quando siete lontani dal vostro ufficio.<\/span><\/li><\/ul><div class=\"qwen-markdown-space\">\u00a0<\/div><h2 class=\"qwen-markdown-heading\"><span class=\"qwen-markdown-text\">Benessere e svago: ricarica corpo e mente<\/span><\/h2><div class=\"qwen-markdown-paragraph\"><span class=\"qwen-markdown-text\">Dopo una giornata di intense trattative o trascorsa esplorando gli ampi spazi di Chimelong, le nostre strutture benessere offrono un&#039;oasi di pace per rigenerarsi. Crediamo che il benessere fisico sia fondamentale per la produttivit\u00e0 e il benessere generale.<\/span><\/div><div class=\"qwen-markdown-space\">\u00a0<\/div><ul class=\"qwen-markdown-list\" dir=\"auto\"><li><strong class=\"qwen-markdown-strong\"><span class=\"qwen-markdown-text\">Centro fitness aperto 24 ore su 24:<\/span><\/strong><span class=\"qwen-markdown-text\"> La nostra palestra all&#039;avanguardia \u00e8 accessibile 24 ore su 24, per venire incontro agli orari irregolari dei viaggiatori internazionali. Dotata di moderne macchine cardio, pesi liberi e attrezzature per l&#039;allenamento della forza, la palestra vi permette di mantenere la vostra routine di allenamento ogni volta che ne avete voglia. Lo spazio \u00e8 progettato con un sistema di ventilazione e illuminazione energizzante, creando un ambiente motivante per simulare una corsa mattutina o per una sessione antistress serale.<\/span><\/li><li><strong class=\"qwen-markdown-strong\"><span class=\"qwen-markdown-text\">Piscina:<\/span><\/strong><span class=\"qwen-markdown-text\"> Concedetevi un tuffo nella nostra invitante piscina, perfetta sia per nuotare con calma che per rilassarsi galleggiando. L&#039;area della piscina \u00e8 mantenuta secondo i pi\u00f9 elevati standard di pulizia e sicurezza, offrendo una piacevole oasi di frescura dal clima umido di Zhuhai. \u00c8 il luogo ideale per le famiglie che desiderano rilassarsi insieme o per i viaggiatori solitari che vogliono trovare un momento di tranquillit\u00e0 ammirando la moderna architettura circostante.<\/span><\/li><\/ul><div class=\"qwen-markdown-space\">\u00a0<\/div><h2 class=\"qwen-markdown-heading\"><span class=\"qwen-markdown-text\">Servizi culinari: cenare senza confini<\/span><\/h2><div class=\"qwen-markdown-paragraph\"><span class=\"qwen-markdown-text\">I nostri servizi di ristorazione vanno oltre la sala del ristorante, essendo pensati per adattarsi ai vostri orari, e non viceversa.<\/span><\/div><div class=\"qwen-markdown-space\">\u00a0<\/div><ul class=\"qwen-markdown-list\" dir=\"auto\"><li><strong class=\"qwen-markdown-strong\"><span class=\"qwen-markdown-text\">Ristorazione disponibile tutto il giorno:<\/span><\/strong><span class=\"qwen-markdown-text\"> Il nostro ristorante principale offre una ricca colazione e cena a buffet internazionale, che unisce i classici tedeschi agli autentici sapori cinesi. Ma il nostro servizio non si ferma all&#039;orario dei pasti.<\/span><\/li><li><strong class=\"qwen-markdown-strong\"><span class=\"qwen-markdown-text\">Bar e lounge nella hall:<\/span><\/strong><span class=\"qwen-markdown-text\"> Per incontri informali o un tranquillo drink serale, il nostro bar nella hall offre un&#039;atmosfera rilassata con una selezione di caff\u00e8 pregiati, t\u00e8, cocktail e snack leggeri. \u00c8 il luogo ideale per discussioni di lavoro informali o per rilassarsi con un buon libro.<\/span><\/li><li><strong class=\"qwen-markdown-strong\"><span class=\"qwen-markdown-text\">Comodit\u00e0 in camera:<\/span><\/strong><span class=\"qwen-markdown-text\"> Pur dando grande importanza all&#039;aspetto conviviale del pasto, ci prendiamo cura anche di chi preferisce la privacy. Il nostro servizio in camera (soggetto agli orari di apertura) e i distributori automatici garantiscono che la fame non sia mai un problema, consegnando pasti e bevande di qualit\u00e0 direttamente alla vostra porta.<\/span><\/li><\/ul><div class=\"qwen-markdown-space\">\u00a0<\/div><h2 class=\"qwen-markdown-heading\"><span class=\"qwen-markdown-text\">Tecnologie intelligenti e servizi di connettivit\u00e0<\/span><\/h2><div class=\"qwen-markdown-paragraph\"><span class=\"qwen-markdown-text\">Fedele al <\/span><strong class=\"qwen-markdown-strong\"><span class=\"qwen-markdown-text\">Hotel Intercity<\/span><\/strong><span class=\"qwen-markdown-text\"> Fedeli alla tradizione del marchio &quot;German Engineering&quot;, i nostri servizi si basano su una tecnologia solida progettata per l&#039;era digitale.<\/span><\/div><div class=\"qwen-markdown-space\">\u00a0<\/div><ul class=\"qwen-markdown-list\" dir=\"auto\"><li><strong class=\"qwen-markdown-strong\"><span class=\"qwen-markdown-text\">Wi-Fi ad alta velocit\u00e0:<\/span><\/strong><span class=\"qwen-markdown-text\"> La connessione Wi-Fi gratuita di livello aziendale copre l&#039;intera struttura, dalle camere agli spazi riunioni e alla hall. Questa rete \u00e8 ottimizzata per attivit\u00e0 ad alta larghezza di banda, garantendo videoconferenze nitide e trasferimenti di file di grandi dimensioni istantanei.<\/span><\/li><li><strong class=\"qwen-markdown-strong\"><span class=\"qwen-markdown-text\">Funzionalit\u00e0 Smart Room:<\/span><\/strong><span class=\"qwen-markdown-text\"> Le nostre camere sono dotate di sistemi di controllo intuitivi per illuminazione, temperatura e intrattenimento. Gli ospiti possono facilmente collegare i propri dispositivi personali a grandi smart TV, trasformando la camera in un centro di intrattenimento personale o in uno spazio di lavoro secondario.<\/span><\/li><li><strong class=\"qwen-markdown-strong\"><span class=\"qwen-markdown-text\">Servizi assistiti da robot:<\/span><\/strong><span class=\"qwen-markdown-text\"> All&#039;insegna dell&#039;innovazione, l&#039;hotel si avvale di robot di servizio per compiti specifici, come la consegna di articoli da bagno o piccoli oggetti nelle camere. Questa fusione di efficienza high-tech e calore umano garantisce che le vostre richieste vengano gestite in modo rapido e preciso, aggiungendo un tocco futuristico al vostro soggiorno.<\/span><\/li><\/ul><div class=\"qwen-markdown-space\">\u00a0<\/div><h2 class=\"qwen-markdown-heading\"><span class=\"qwen-markdown-text\">Alloggi per famiglie e gruppi<\/span><\/h2><div class=\"qwen-markdown-paragraph\"><span class=\"qwen-markdown-text\">Sappiamo che i viaggi spesso avvengono in gruppo e i nostri servizi sono pensati per soddisfare le esigenze sia delle famiglie che dei team aziendali.<\/span><\/div><div class=\"qwen-markdown-space\">\u00a0<\/div><ul class=\"qwen-markdown-list\" dir=\"auto\"><li><strong class=\"qwen-markdown-strong\"><span class=\"qwen-markdown-text\">Servizi pensati per le famiglie:<\/span><\/strong><span class=\"qwen-markdown-text\"> Per gli ospiti che viaggiano con bambini, offriamo culle su richiesta e possiamo fornire consigli su ristoranti e attivit\u00e0 adatti alle famiglie a Hengqin. Le nostre camere spaziose e gli ambienti sicuri e puliti ci rendono una scelta ideale per i genitori che visitano i vicini parchi a tema.<\/span><\/li><li><strong class=\"qwen-markdown-strong\"><span class=\"qwen-markdown-text\">Servizio lavanderia e ritiro e consegna auto:<\/span><\/strong><span class=\"qwen-markdown-text\"> Mantenere un aspetto impeccabile durante i viaggi \u00e8 fondamentale. Offriamo servizi professionali di lavanderia e lavaggio a secco con tempi di consegna rapidi. Per soggiorni prolungati, sono spesso disponibili lavanderie self-service, che offrono comodit\u00e0 e convenienza agli ospiti che soggiornano a lungo.<\/span><\/li><li><strong class=\"qwen-markdown-strong\"><span class=\"qwen-markdown-text\">Parcheggio e trasporti:<\/span><\/strong><span class=\"qwen-markdown-text\"> Per chi guida all&#039;interno della Greater Bay Area, forniamo parcheggi sicuri in loco. Il nostro team pu\u00f2 anche assistervi con le prenotazioni di taxi e il coordinamento delle app di ride-hailing, garantendovi un trasporto affidabile per <\/span><strong class=\"qwen-markdown-strong\"><span class=\"qwen-markdown-text\">Stazione Hengqin<\/span><\/strong><span class=\"qwen-markdown-text\"> o qualsiasi altra destinazione a Zhuhai.<\/span><\/li><\/ul><div class=\"qwen-markdown-space\">\u00a0<\/div><h2 class=\"qwen-markdown-heading\"><span class=\"qwen-markdown-text\">Un impegno per la sicurezza e l&#039;igiene<\/span><\/h2><div class=\"qwen-markdown-paragraph\"><span class=\"qwen-markdown-text\">Nel mondo di oggi, la tranquillit\u00e0 in termini di salute e sicurezza \u00e8 fondamentale. L&#039;IntercityHotel Zhuhai Hengqin Tianmu River si attiene a rigorosi standard igienici internazionali. Il nostro team di pulizie adotta protocolli di pulizia avanzati, utilizzando disinfettanti di livello ospedaliero nelle aree ad alto contatto. Gli spazi comuni vengono regolarmente sanificati e il nostro personale \u00e8 formato sulle pi\u00f9 recenti linee guida in materia di salute e sicurezza per garantire un ambiente sicuro a ogni ospite.<\/span><\/div><div class=\"qwen-markdown-space\">\u00a0<\/div><h2 class=\"qwen-markdown-heading\"><span class=\"qwen-markdown-text\">La promessa dell&#039;IntercityHotel<\/span><\/h2><div class=\"qwen-markdown-paragraph\" data-spm-anchor-id=\"a2ty_o01.29997173.0.i15.5c315171uMx9jI\"><span class=\"qwen-markdown-text\">A <\/span><strong class=\"qwen-markdown-strong\"><span class=\"qwen-markdown-text\">IntercityHotel Zhuhai Hengqin Tianmu River<\/span><\/strong><span class=\"qwen-markdown-text\">, I nostri servizi sono progettati per essere invisibili ma indispensabili. Ci impegniamo a creare un ecosistema in cui ogni esigenza venga soddisfatta con precisione, calore ed efficienza. Dal momento in cui metti piede <\/span><strong class=\"qwen-markdown-strong\"><span class=\"qwen-markdown-text\">Haojiang Road<\/span><\/strong><span class=\"qwen-markdown-text\"> fino al momento in cui parti per la tua prossima destinazione, il nostro team dedicato si impegna a rendere il tuo soggiorno a <\/span><strong class=\"qwen-markdown-strong\"><span class=\"qwen-markdown-text\">Zona di cooperazione approfondita tra Guangdong e Macao<\/span><\/strong><span class=\"qwen-markdown-text\"> Semplicemente eccezionale. Non ci limitiamo a ospitarvi; diamo forza al vostro viaggio.<\/span><\/div>\t\t\t\t\t\t\t\t<\/div>\n\t\t\t\t\t<\/div>\n\t\t\t\t<\/div>\n\t\t\t\t<\/div>","protected":false},"excerpt":{"rendered":"<p>Uncompromising Service: The IntercityHotel Zhuhai Hengqin Tianmu River ExperienceAt IntercityHotel Zhuhai Hengqin Tianmu River, located at Room 101, Yuxin Building, Haojiang Road in the heart of the Hengqin Guangdong-Macao In-Depth Cooperation Zone, service is not merely a department\u2014it is the foundation of our identity. We understand that the modern traveler, whether a high-powered executive navigating [&hellip;]<\/p>\n","protected":false},"author":1,"featured_media":0,"parent":0,"menu_order":0,"comment_status":"closed","ping_status":"closed","template":"","meta":{"footnotes":""},"class_list":["post-647","page","type-page","status-publish","hentry","post-no-thumbnail"],"_links":{"self":[{"href":"https:\/\/hengqin-tianmu-river.intercityhotelzhuhai.com\/it\/wp-json\/wp\/v2\/pages\/647","targetHints":{"allow":["GET"]}}],"collection":[{"href":"https:\/\/hengqin-tianmu-river.intercityhotelzhuhai.com\/it\/wp-json\/wp\/v2\/pages"}],"about":[{"href":"https:\/\/hengqin-tianmu-river.intercityhotelzhuhai.com\/it\/wp-json\/wp\/v2\/types\/page"}],"author":[{"embeddable":true,"href":"https:\/\/hengqin-tianmu-river.intercityhotelzhuhai.com\/it\/wp-json\/wp\/v2\/users\/1"}],"replies":[{"embeddable":true,"href":"https:\/\/hengqin-tianmu-river.intercityhotelzhuhai.com\/it\/wp-json\/wp\/v2\/comments?post=647"}],"version-history":[{"count":0,"href":"https:\/\/hengqin-tianmu-river.intercityhotelzhuhai.com\/it\/wp-json\/wp\/v2\/pages\/647\/revisions"}],"wp:attachment":[{"href":"https:\/\/hengqin-tianmu-river.intercityhotelzhuhai.com\/it\/wp-json\/wp\/v2\/media?parent=647"}],"curies":[{"name":"wp","href":"https:\/\/api.w.org\/{rel}","templated":true}]}}